{"id":1044,"date":"2022-04-08T14:08:25","date_gmt":"2022-04-08T12:08:25","guid":{"rendered":"https:\/\/jockyart.de\/?page_id=1044"},"modified":"2025-05-20T16:32:20","modified_gmt":"2025-05-20T14:32:20","slug":"testimonials","status":"publish","type":"page","link":"https:\/\/jockyart.de\/en\/testimonials\/","title":{"rendered":"Testimonials"},"content":{"rendered":"<p>I am very happy that I from time to time receive feedback on my commissioned pictures from my clients or the recipients of the pictures. Sometimes I didn't know the people personally and often only had their names. Even with friends, I didn't know what was going on in their lives. This makes the often exuberant feedback all the more inspiring! But read for yourself!<\/p>\n\n\n\n<div class=\"wp-block-columns is-layout-flex wp-container-core-columns-is-layout-28f84493 wp-block-columns-is-layout-flex\">\n<div class=\"wp-block-column is-layout-flow wp-block-column-is-layout-flow\"><div class=\"wp-block-image\">\n<figure class=\"aligncenter size-thumbnail has-custom-border\"><img data-recalc-dims=\"1\" loading=\"lazy\" decoding=\"async\" width=\"150\" height=\"150\" src=\"https:\/\/i0.wp.com\/jockyart.de\/wp-content\/uploads\/2022\/06\/Gerichtssaal_Kreuz_Gnade_Friede_Gerechtigkeit.jpg?resize=150%2C150&#038;ssl=1\" alt=\"Gerichtssaal_Kreuz_Gnade_Friede_Gerechtigkeit\" class=\"wp-image-2703\" style=\"border-radius:100px\" srcset=\"https:\/\/i0.wp.com\/jockyart.de\/wp-content\/uploads\/2022\/06\/Gerichtssaal_Kreuz_Gnade_Friede_Gerechtigkeit.jpg?resize=150%2C150&amp;ssl=1 150w, https:\/\/i0.wp.com\/jockyart.de\/wp-content\/uploads\/2022\/06\/Gerichtssaal_Kreuz_Gnade_Friede_Gerechtigkeit.jpg?resize=100%2C100&amp;ssl=1 100w, https:\/\/i0.wp.com\/jockyart.de\/wp-content\/uploads\/2022\/06\/Gerichtssaal_Kreuz_Gnade_Friede_Gerechtigkeit.jpg?zoom=2&amp;resize=150%2C150&amp;ssl=1 300w, https:\/\/i0.wp.com\/jockyart.de\/wp-content\/uploads\/2022\/06\/Gerichtssaal_Kreuz_Gnade_Friede_Gerechtigkeit.jpg?zoom=3&amp;resize=150%2C150&amp;ssl=1 450w\" sizes=\"auto, (max-width: 150px) 100vw, 150px\" \/><\/figure>\n<\/div>\n\n\n<h3 class=\"wp-block-heading\" id=\"wp-block-themeisle-blocks-advanced-heading-466ae1f6\">Klaus H II<\/h3>\n\n\n\n<p class=\"has-text-align-left\" id=\"wp-block-themeisle-blocks-advanced-heading-ba2c8d1e\">The Painting totally fits into my current situation. Int the last time I was like under condemnation, that my life would not live up to the expectations of Jesus.<br><br><a href=\"https:\/\/jockyart.de\/en\/testimonials\/klaus-h-ii\/\">Continue<\/a><\/p>\n<\/div>\n\n\n\n<div class=\"wp-block-column is-layout-flow wp-block-column-is-layout-flow\">\n<p><\/p>\n<\/div>\n\n\n\n<div class=\"wp-block-column is-layout-flow wp-block-column-is-layout-flow\"><div class=\"wp-block-image\">\n<figure class=\"aligncenter size-thumbnail has-custom-border\"><img data-recalc-dims=\"1\" loading=\"lazy\" decoding=\"async\" width=\"150\" height=\"150\" src=\"https:\/\/i0.wp.com\/jockyart.de\/wp-content\/uploads\/2022\/08\/Himmlischer_Streitwagen_web.png?resize=150%2C150&#038;ssl=1\" alt=\"Der Himmlische Streitwagen\" class=\"wp-image-3849\" style=\"border-radius:100px\" srcset=\"https:\/\/i0.wp.com\/jockyart.de\/wp-content\/uploads\/2022\/08\/Himmlischer_Streitwagen_web.png?resize=150%2C150&amp;ssl=1 150w, https:\/\/i0.wp.com\/jockyart.de\/wp-content\/uploads\/2022\/08\/Himmlischer_Streitwagen_web.png?resize=100%2C100&amp;ssl=1 100w, https:\/\/i0.wp.com\/jockyart.de\/wp-content\/uploads\/2022\/08\/Himmlischer_Streitwagen_web.png?zoom=2&amp;resize=150%2C150&amp;ssl=1 300w, https:\/\/i0.wp.com\/jockyart.de\/wp-content\/uploads\/2022\/08\/Himmlischer_Streitwagen_web.png?zoom=3&amp;resize=150%2C150&amp;ssl=1 450w\" sizes=\"auto, (max-width: 150px) 100vw, 150px\" \/><\/figure>\n<\/div>\n\n\n<h3 class=\"wp-block-heading\" id=\"wp-block-themeisle-blocks-advanced-heading-72dfc63a\">Regina B. II<\/h3>\n\n\n\n<p class=\"has-text-align-left\" id=\"wp-block-themeisle-blocks-advanced-heading-99d4ac33\">And what can I say... the picture is so incredibly beautiful!! I love it and could watch it all the time, it brings me to tears! The dove is so beautiful, it looks so strong, full of power. And the golden fiery color...it looks so regal. I am impressed and grateful for the picture, painted just for me.<\/p>\n\n\n\n<p class=\"has-text-align-left\" id=\"wp-block-themeisle-blocks-advanced-heading-99d4ac33\">And the message behind it is fierce....<\/p>\n\n\n\n<p><a href=\"https:\/\/jockyart.de\/en\/testimonials\/regina-b-ii\/\">Continue<\/a><\/p>\n<\/div>\n<\/div>\n\n\n\n<div class=\"wp-block-columns is-layout-flex wp-container-core-columns-is-layout-28f84493 wp-block-columns-is-layout-flex\">\n<div class=\"wp-block-column is-layout-flow wp-block-column-is-layout-flow\"><div class=\"wp-block-image\">\n<figure class=\"aligncenter size-thumbnail has-custom-border\"><img data-recalc-dims=\"1\" loading=\"lazy\" decoding=\"async\" width=\"150\" height=\"150\" src=\"https:\/\/i0.wp.com\/jockyart.de\/wp-content\/uploads\/2024\/08\/Grau_Frau_Farbrausch_web.jpg?resize=150%2C150&#038;ssl=1\" alt=\"Die graue Frau und der Farbrausch\" class=\"wp-image-8501\" style=\"border-radius:100px\" srcset=\"https:\/\/i0.wp.com\/jockyart.de\/wp-content\/uploads\/2024\/08\/Grau_Frau_Farbrausch_web.jpg?resize=150%2C150&amp;ssl=1 150w, https:\/\/i0.wp.com\/jockyart.de\/wp-content\/uploads\/2024\/08\/Grau_Frau_Farbrausch_web.jpg?resize=100%2C100&amp;ssl=1 100w, https:\/\/i0.wp.com\/jockyart.de\/wp-content\/uploads\/2024\/08\/Grau_Frau_Farbrausch_web.jpg?zoom=2&amp;resize=150%2C150&amp;ssl=1 300w, https:\/\/i0.wp.com\/jockyart.de\/wp-content\/uploads\/2024\/08\/Grau_Frau_Farbrausch_web.jpg?zoom=3&amp;resize=150%2C150&amp;ssl=1 450w\" sizes=\"auto, (max-width: 150px) 100vw, 150px\" \/><\/figure>\n<\/div>\n\n\n<h3 class=\"wp-block-heading\" id=\"wp-block-themeisle-blocks-advanced-heading-466ae1f6\">S.D.<\/h3>\n\n\n\n<p class=\"has-text-align-left\" id=\"wp-block-themeisle-blocks-advanced-heading-ba2c8d1e\">This is absolutely amazing!!!!!!! I am really blown away. The picture reflects my current state of mind so intensely that it's uncanny. This is EXACTLY how I've been feeling in the past weeks and months.<br>Naked, lost...\"<br><br><a href=\"https:\/\/jockyart.de\/en\/testimonials\/s-d\/\">Continue<\/a><\/p>\n<\/div>\n\n\n\n<div class=\"wp-block-column is-layout-flow wp-block-column-is-layout-flow\"><div class=\"wp-block-image\">\n<figure class=\"aligncenter size-thumbnail has-custom-border\"><img data-recalc-dims=\"1\" loading=\"lazy\" decoding=\"async\" width=\"150\" height=\"150\" src=\"https:\/\/i0.wp.com\/jockyart.de\/wp-content\/uploads\/2025\/02\/Tor_ins_Ungewisse_web.jpg?resize=150%2C150&#038;ssl=1\" alt=\"Tor ins Ungewisse\" class=\"wp-image-9991\" style=\"border-radius:100px\" srcset=\"https:\/\/i0.wp.com\/jockyart.de\/wp-content\/uploads\/2025\/02\/Tor_ins_Ungewisse_web.jpg?resize=150%2C150&amp;ssl=1 150w, https:\/\/i0.wp.com\/jockyart.de\/wp-content\/uploads\/2025\/02\/Tor_ins_Ungewisse_web.jpg?resize=100%2C100&amp;ssl=1 100w, https:\/\/i0.wp.com\/jockyart.de\/wp-content\/uploads\/2025\/02\/Tor_ins_Ungewisse_web.jpg?zoom=2&amp;resize=150%2C150&amp;ssl=1 300w, https:\/\/i0.wp.com\/jockyart.de\/wp-content\/uploads\/2025\/02\/Tor_ins_Ungewisse_web.jpg?zoom=3&amp;resize=150%2C150&amp;ssl=1 450w\" sizes=\"auto, (max-width: 150px) 100vw, 150px\" \/><\/figure>\n<\/div>\n\n\n<h3 class=\"wp-block-heading\" id=\"wp-block-themeisle-blocks-advanced-heading-737c5e15\">Regina B. III<\/h3>\n\n\n\n<p class=\"has-text-align-left\" id=\"wp-block-themeisle-blocks-advanced-heading-6ae1dbd1\">Once again, I am totally touched and grateful. The picture is beautiful and it fits 100 percent again. I've been facing a big life decision for some time now, I hear God calling me, but it scares me at the same time.<\/p>\n\n\n\n<p><a href=\"https:\/\/jockyart.de\/en\/testimonials\/regina-ii\/\">Continue<\/a><\/p>\n<\/div>\n\n\n\n<div class=\"wp-block-column is-layout-flow wp-block-column-is-layout-flow\"><div class=\"wp-block-image\">\n<figure class=\"aligncenter size-thumbnail has-custom-border\"><img data-recalc-dims=\"1\" loading=\"lazy\" decoding=\"async\" width=\"150\" height=\"150\" src=\"https:\/\/i0.wp.com\/jockyart.de\/wp-content\/uploads\/2024\/03\/Horizonterweiterung_web.png?resize=150%2C150&#038;ssl=1\" alt=\"Horizonterweiterung\" class=\"wp-image-7907\" style=\"border-radius:100px\" srcset=\"https:\/\/i0.wp.com\/jockyart.de\/wp-content\/uploads\/2024\/03\/Horizonterweiterung_web.png?resize=150%2C150&amp;ssl=1 150w, https:\/\/i0.wp.com\/jockyart.de\/wp-content\/uploads\/2024\/03\/Horizonterweiterung_web.png?resize=100%2C100&amp;ssl=1 100w, https:\/\/i0.wp.com\/jockyart.de\/wp-content\/uploads\/2024\/03\/Horizonterweiterung_web.png?zoom=2&amp;resize=150%2C150&amp;ssl=1 300w, https:\/\/i0.wp.com\/jockyart.de\/wp-content\/uploads\/2024\/03\/Horizonterweiterung_web.png?zoom=3&amp;resize=150%2C150&amp;ssl=1 450w\" sizes=\"auto, (max-width: 150px) 100vw, 150px\" \/><\/figure>\n<\/div>\n\n\n<h3 class=\"wp-block-heading\" id=\"wp-block-themeisle-blocks-advanced-heading-72dfc63a\">M.B.<\/h3>\n\n\n\n<p class=\"has-text-align-left\" id=\"wp-block-themeisle-blocks-advanced-heading-99d4ac33\">\"The picture is simply wonderful. It really has an explosive impact, and your words will come true. You have worked so well, and it hits the exact point of your prophecy.\"<\/p>\n\n\n\n<p><a href=\"https:\/\/jockyart.de\/en\/testimonials\/m-b\/\">Continue<\/a><\/p>\n<\/div>\n<\/div>\n\n\n\n<div class=\"wp-block-columns is-layout-flex wp-container-core-columns-is-layout-28f84493 wp-block-columns-is-layout-flex\">\n<div class=\"wp-block-column is-layout-flow wp-block-column-is-layout-flow\"><div class=\"wp-block-image\">\n<figure class=\"aligncenter size-thumbnail has-custom-border\"><a href=\"https:\/\/jockyart.de\/en\/testimonials\/maria\/\"><img data-recalc-dims=\"1\" loading=\"lazy\" decoding=\"async\" width=\"150\" height=\"150\" src=\"https:\/\/i0.wp.com\/jockyart.de\/wp-content\/uploads\/2022\/04\/testi_schwimmfl.jpg?resize=150%2C150&#038;ssl=1\" alt=\"\" class=\"wp-image-1025\" style=\"border-radius:100px\" srcset=\"https:\/\/i0.wp.com\/jockyart.de\/wp-content\/uploads\/2022\/04\/testi_schwimmfl.jpg?resize=150%2C150&amp;ssl=1 150w, https:\/\/i0.wp.com\/jockyart.de\/wp-content\/uploads\/2022\/04\/testi_schwimmfl.jpg?resize=100%2C100&amp;ssl=1 100w, https:\/\/i0.wp.com\/jockyart.de\/wp-content\/uploads\/2022\/04\/testi_schwimmfl.jpg?zoom=2&amp;resize=150%2C150&amp;ssl=1 300w, https:\/\/i0.wp.com\/jockyart.de\/wp-content\/uploads\/2022\/04\/testi_schwimmfl.jpg?zoom=3&amp;resize=150%2C150&amp;ssl=1 450w\" sizes=\"auto, (max-width: 150px) 100vw, 150px\" \/><\/a><\/figure>\n<\/div>\n\n\n<h3 class=\"wp-block-heading\" id=\"wp-block-themeisle-blocks-advanced-heading-466ae1f6\">Maria<\/h3>\n\n\n\n<p class=\"has-text-align-left\" id=\"wp-block-themeisle-blocks-advanced-heading-ba2c8d1e\">Johannes doesn't just only process commissions, but really takes a lot of time to respond individually to the client, to pray and finally to artistically implement the received pictures and impressions with a lot of passion and skill.<br><br><a href=\"https:\/\/jockyart.de\/en\/testimonials\/maria\/\">Continue<\/a><\/p>\n<\/div>\n\n\n\n<div class=\"wp-block-column is-layout-flow wp-block-column-is-layout-flow\"><div class=\"wp-block-image\">\n<figure class=\"aligncenter has-custom-border\"><a href=\"\/en\/testimonials\/d-z\/\"><img data-recalc-dims=\"1\" loading=\"lazy\" decoding=\"async\" width=\"150\" height=\"150\" src=\"https:\/\/i0.wp.com\/jockyart.de\/wp-content\/uploads\/2022\/04\/testi_verborgenheit.jpg?resize=150%2C150&#038;ssl=1\" alt=\"\" class=\"wp-image-1028\" style=\"border-radius:100px\" srcset=\"https:\/\/i0.wp.com\/jockyart.de\/wp-content\/uploads\/2022\/04\/testi_verborgenheit.jpg?resize=150%2C150&amp;ssl=1 150w, https:\/\/i0.wp.com\/jockyart.de\/wp-content\/uploads\/2022\/04\/testi_verborgenheit.jpg?resize=100%2C100&amp;ssl=1 100w, https:\/\/i0.wp.com\/jockyart.de\/wp-content\/uploads\/2022\/04\/testi_verborgenheit.jpg?zoom=2&amp;resize=150%2C150&amp;ssl=1 300w, https:\/\/i0.wp.com\/jockyart.de\/wp-content\/uploads\/2022\/04\/testi_verborgenheit.jpg?zoom=3&amp;resize=150%2C150&amp;ssl=1 450w\" sizes=\"auto, (max-width: 150px) 100vw, 150px\" \/><\/a><\/figure>\n<\/div>\n\n\n<h3 class=\"wp-block-heading\" id=\"wp-block-themeisle-blocks-advanced-heading-737c5e15\">Desire.Z.<\/h3>\n\n\n\n<p class=\"has-text-align-left\" id=\"wp-block-themeisle-blocks-advanced-heading-6ae1dbd1\">\"Thank you from the bottom of my heart, it fits perfectly. The impression matches a thousand percent. Thank you very, very much.\"<\/p>\n\n\n\n<p><a href=\"\/en\/testimonials\/d-z\/\">Continue<\/a><\/p>\n<\/div>\n\n\n\n<div class=\"wp-block-column is-layout-flow wp-block-column-is-layout-flow\"><div class=\"wp-block-image\">\n<figure class=\"aligncenter has-custom-border\"><a href=\"\/en\/testimonials\/corinna-w\/\"><img data-recalc-dims=\"1\" loading=\"lazy\" decoding=\"async\" width=\"150\" height=\"150\" src=\"https:\/\/i0.wp.com\/jockyart.de\/wp-content\/uploads\/2022\/04\/testi_eingehuellt.jpg?resize=150%2C150&#038;ssl=1\" alt=\"\" class=\"wp-image-1032\" style=\"border-radius:100px\" srcset=\"https:\/\/i0.wp.com\/jockyart.de\/wp-content\/uploads\/2022\/04\/testi_eingehuellt.jpg?resize=150%2C150&amp;ssl=1 150w, https:\/\/i0.wp.com\/jockyart.de\/wp-content\/uploads\/2022\/04\/testi_eingehuellt.jpg?resize=100%2C100&amp;ssl=1 100w, https:\/\/i0.wp.com\/jockyart.de\/wp-content\/uploads\/2022\/04\/testi_eingehuellt.jpg?zoom=2&amp;resize=150%2C150&amp;ssl=1 300w, https:\/\/i0.wp.com\/jockyart.de\/wp-content\/uploads\/2022\/04\/testi_eingehuellt.jpg?zoom=3&amp;resize=150%2C150&amp;ssl=1 450w\" sizes=\"auto, (max-width: 150px) 100vw, 150px\" \/><\/a><\/figure>\n<\/div>\n\n\n<h3 class=\"wp-block-heading\" id=\"wp-block-themeisle-blocks-advanced-heading-72dfc63a\">Corinna W.<\/h3>\n\n\n\n<p class=\"has-text-align-left\" id=\"wp-block-themeisle-blocks-advanced-heading-99d4ac33\">\"In the midst of my longing to be hugged, the picture hit me right in the heart.\"<\/p>\n\n\n\n<p><a href=\"\/en\/testimonials\/corinna-w\/\">Continue<\/a><\/p>\n<\/div>\n<\/div>\n\n\n\n<div class=\"wp-block-columns is-layout-flex wp-container-core-columns-is-layout-28f84493 wp-block-columns-is-layout-flex\">\n<div class=\"wp-block-column is-layout-flow wp-block-column-is-layout-flow\">\n<figure class=\"wp-block-image has-custom-border\"><a href=\"\/en\/testimonials\/k-r\/\"><img data-recalc-dims=\"1\" loading=\"lazy\" decoding=\"async\" width=\"150\" height=\"150\" src=\"https:\/\/i0.wp.com\/jockyart.de\/wp-content\/uploads\/2022\/04\/testi_thumb_Leuchtend.jpg?resize=150%2C150&#038;ssl=1\" alt=\"Leuchtende Blume\" class=\"wp-image-1102\" style=\"border-radius:100px\" srcset=\"https:\/\/i0.wp.com\/jockyart.de\/wp-content\/uploads\/2022\/04\/testi_thumb_Leuchtend.jpg?resize=150%2C150&amp;ssl=1 150w, https:\/\/i0.wp.com\/jockyart.de\/wp-content\/uploads\/2022\/04\/testi_thumb_Leuchtend.jpg?resize=324%2C324&amp;ssl=1 324w, https:\/\/i0.wp.com\/jockyart.de\/wp-content\/uploads\/2022\/04\/testi_thumb_Leuchtend.jpg?resize=100%2C100&amp;ssl=1 100w, https:\/\/i0.wp.com\/jockyart.de\/wp-content\/uploads\/2022\/04\/testi_thumb_Leuchtend.jpg?resize=416%2C416&amp;ssl=1 416w, https:\/\/i0.wp.com\/jockyart.de\/wp-content\/uploads\/2022\/04\/testi_thumb_Leuchtend.jpg?resize=12%2C12&amp;ssl=1 12w, https:\/\/i0.wp.com\/jockyart.de\/wp-content\/uploads\/2022\/04\/testi_thumb_Leuchtend.jpg?resize=300%2C300&amp;ssl=1 300w, https:\/\/i0.wp.com\/jockyart.de\/wp-content\/uploads\/2022\/04\/testi_thumb_Leuchtend.jpg?w=600&amp;ssl=1 600w\" sizes=\"auto, (max-width: 150px) 100vw, 150px\" \/><\/a><\/figure>\n\n\n\n<h3 class=\"wp-block-heading\" id=\"wp-block-themeisle-blocks-advanced-heading-e9a99833\">Kathrin<\/h3>\n\n\n\n<p class=\"has-text-align-left\" id=\"wp-block-themeisle-blocks-advanced-heading-6c55a5f1\">\"I am so so very impressed and touched by this picture and the letter that accompanies it!<\/p>\n\n\n\n<p>I feel like we've known each other forever, but my friend she told me that God knows me and has spoken to you.\"<\/p>\n\n\n\n<p id=\"wp-block-themeisle-blocks-advanced-heading-ba2c8d1e\"><a href=\"\/en\/testimonials\/k-r\/\">Continue<\/a><\/p>\n<\/div>\n\n\n\n<div class=\"wp-block-column is-layout-flow wp-block-column-is-layout-flow\">\n<figure class=\"wp-block-image has-custom-border\"><a href=\"\/en\/testimonials\/klaus-h\/\"><img data-recalc-dims=\"1\" loading=\"lazy\" decoding=\"async\" width=\"150\" height=\"150\" src=\"https:\/\/i0.wp.com\/jockyart.de\/wp-content\/uploads\/2022\/04\/testi_preview_Schreibmaschine.jpg?resize=150%2C150&#038;ssl=1\" alt=\"\" class=\"wp-image-1106\" style=\"border-radius:100px\" srcset=\"https:\/\/i0.wp.com\/jockyart.de\/wp-content\/uploads\/2022\/04\/testi_preview_Schreibmaschine.jpg?resize=150%2C150&amp;ssl=1 150w, https:\/\/i0.wp.com\/jockyart.de\/wp-content\/uploads\/2022\/04\/testi_preview_Schreibmaschine.jpg?resize=324%2C324&amp;ssl=1 324w, https:\/\/i0.wp.com\/jockyart.de\/wp-content\/uploads\/2022\/04\/testi_preview_Schreibmaschine.jpg?resize=100%2C100&amp;ssl=1 100w, https:\/\/i0.wp.com\/jockyart.de\/wp-content\/uploads\/2022\/04\/testi_preview_Schreibmaschine.jpg?resize=416%2C416&amp;ssl=1 416w, https:\/\/i0.wp.com\/jockyart.de\/wp-content\/uploads\/2022\/04\/testi_preview_Schreibmaschine.jpg?resize=12%2C12&amp;ssl=1 12w, https:\/\/i0.wp.com\/jockyart.de\/wp-content\/uploads\/2022\/04\/testi_preview_Schreibmaschine.jpg?resize=300%2C300&amp;ssl=1 300w, https:\/\/i0.wp.com\/jockyart.de\/wp-content\/uploads\/2022\/04\/testi_preview_Schreibmaschine.jpg?w=447&amp;ssl=1 447w\" sizes=\"auto, (max-width: 150px) 100vw, 150px\" \/><\/a><\/figure>\n\n\n\n<h3 class=\"wp-block-heading\" id=\"wp-block-themeisle-blocks-advanced-heading-c691080d\">Klaus<\/h3>\n\n\n\n<p class=\"has-text-align-left\" id=\"wp-block-themeisle-blocks-advanced-heading-66052946\">\"Yes, I'm kind of stuck right now, paralyzed and what's happened in the past is having an impact on my life.<\/p>\n\n\n\n<p>Das Bild ist sehr Besonders, Eindrucksvoll und Hoffnungsvoll.<br>Es hat Ausdruck, Weite und Zukunft und verhei\u00dft Neues, unendliche Weite und neues Land, neue Ufer.&#8220;<\/p>\n\n\n\n<p><a href=\"\/en\/testimonials\/klaus-h\/\">Continue<\/a><\/p>\n<\/div>\n\n\n\n<div class=\"wp-block-column is-layout-flow wp-block-column-is-layout-flow\">\n<figure class=\"wp-block-image has-custom-border\"><a href=\"\/en\/testimonials\/regina\/\"><img data-recalc-dims=\"1\" loading=\"lazy\" decoding=\"async\" width=\"150\" height=\"150\" src=\"https:\/\/i0.wp.com\/jockyart.de\/wp-content\/uploads\/2022\/04\/testi_prev_Gebietserweiterung_org.jpg?resize=150%2C150&#038;ssl=1\" alt=\"\" class=\"wp-image-1142\" style=\"border-radius:100px\" srcset=\"https:\/\/i0.wp.com\/jockyart.de\/wp-content\/uploads\/2022\/04\/testi_prev_Gebietserweiterung_org.jpg?resize=150%2C150&amp;ssl=1 150w, https:\/\/i0.wp.com\/jockyart.de\/wp-content\/uploads\/2022\/04\/testi_prev_Gebietserweiterung_org.jpg?resize=324%2C324&amp;ssl=1 324w, https:\/\/i0.wp.com\/jockyart.de\/wp-content\/uploads\/2022\/04\/testi_prev_Gebietserweiterung_org.jpg?resize=100%2C100&amp;ssl=1 100w, https:\/\/i0.wp.com\/jockyart.de\/wp-content\/uploads\/2022\/04\/testi_prev_Gebietserweiterung_org.jpg?resize=416%2C416&amp;ssl=1 416w, https:\/\/i0.wp.com\/jockyart.de\/wp-content\/uploads\/2022\/04\/testi_prev_Gebietserweiterung_org.jpg?resize=12%2C12&amp;ssl=1 12w, https:\/\/i0.wp.com\/jockyart.de\/wp-content\/uploads\/2022\/04\/testi_prev_Gebietserweiterung_org.jpg?resize=300%2C300&amp;ssl=1 300w, https:\/\/i0.wp.com\/jockyart.de\/wp-content\/uploads\/2022\/04\/testi_prev_Gebietserweiterung_org.jpg?w=450&amp;ssl=1 450w\" sizes=\"auto, (max-width: 150px) 100vw, 150px\" \/><\/a><\/figure>\n\n\n\n<h3 class=\"wp-block-heading\" id=\"wp-block-themeisle-blocks-advanced-heading-da0e740f\">Regina B I<\/h3>\n\n\n\n<p class=\"has-text-align-left\" id=\"wp-block-themeisle-blocks-advanced-heading-13f4282a\">\u201cI like the picture, it is very nicely painted and expressive. I was pretty speechless when I read through the prophetic word...<\/p>\n\n\n\n<p>Both passages from the Bible that God gave you I received from him myself! I think it's so beautiful and I'm happy about it, it's such a great confirmation! \"<br>I think it's soo nice and I'm happy about it, it's such a great affirmation!\"<\/p>\n\n\n\n<p id=\"wp-block-themeisle-blocks-advanced-heading-99d4ac33\"><a href=\"\/en\/testimonials\/regina\/\">Continue<\/a><\/p>\n<\/div>\n<\/div>","protected":false},"excerpt":{"rendered":"<p>Ich bin sehr froh, dass ich auf meine Auftragsbilder immer wieder Feedback von meinen Auftraggebern oder den Empf\u00e4ngern der Bilder bekomme. Teilweise kannte ich die Leute nicht pers\u00f6nlich, hatte oft nur den Namen. Auch bei Freunden wusste ich ja nicht, was gerade in ihrem Leben los war. Umso begeisternder ist die oft \u00fcberschw\u00e4ngliche R\u00fcckmeldung! Aber [&hellip;]<\/p>\n","protected":false},"author":1,"featured_media":0,"parent":0,"menu_order":0,"comment_status":"closed","ping_status":"closed","template":"","meta":{"jetpack_post_was_ever_published":false,"footnotes":""},"class_list":["post-1044","page","type-page","status-publish","hentry"],"jetpack-related-posts":[],"jetpack_sharing_enabled":true,"_links":{"self":[{"href":"https:\/\/jockyart.de\/en\/wp-json\/wp\/v2\/pages\/1044","targetHints":{"allow":["GET"]}}],"collection":[{"href":"https:\/\/jockyart.de\/en\/wp-json\/wp\/v2\/pages"}],"about":[{"href":"https:\/\/jockyart.de\/en\/wp-json\/wp\/v2\/types\/page"}],"author":[{"embeddable":true,"href":"https:\/\/jockyart.de\/en\/wp-json\/wp\/v2\/users\/1"}],"replies":[{"embeddable":true,"href":"https:\/\/jockyart.de\/en\/wp-json\/wp\/v2\/comments?post=1044"}],"version-history":[{"count":14,"href":"https:\/\/jockyart.de\/en\/wp-json\/wp\/v2\/pages\/1044\/revisions"}],"predecessor-version":[{"id":11026,"href":"https:\/\/jockyart.de\/en\/wp-json\/wp\/v2\/pages\/1044\/revisions\/11026"}],"wp:attachment":[{"href":"https:\/\/jockyart.de\/en\/wp-json\/wp\/v2\/media?parent=1044"}],"curies":[{"name":"wp","href":"https:\/\/api.w.org\/{rel}","templated":true}]}}