{"id":8995,"date":"2024-10-21T23:19:27","date_gmt":"2024-10-21T21:19:27","guid":{"rendered":"https:\/\/jockyart.de\/?post_type=product&#038;p=8995"},"modified":"2026-01-21T20:08:08","modified_gmt":"2026-01-21T19:08:08","slug":"bruecke-zu-deinem-herzen-postkarte-a5","status":"publish","type":"product","link":"https:\/\/jockyart.de\/de_de\/produkt\/bruecke-zu-deinem-herzen-postkarte-a5\/","title":{"rendered":"Br\u00fccke zu Deinem Herzen (Postkarte A5)"},"content":{"rendered":"<div><strong>Postkarte DinA 5<\/strong> (148 x 210 mm), Querformat, beidseitig bedruckt, Quadratische Ecken<\/div>\n<div><strong>Naturpapier<\/strong><\/div>\n<div class=\"finishing-options-tile-description swan-standard-tile-description\">\n<div class=\"swan-text-standard\">\n<ul>\n<li>Rau und gut zu beschriften<\/li>\n<li>Haptik: Wie eine Gru\u00dfkarte<\/li>\n<li>St\u00e4rke: 300\u00a0g\/m\u00b2<\/li>\n<\/ul>\n<\/div>\n<\/div>\n","protected":false},"excerpt":{"rendered":"<p>Durch Verletzungen und Entt\u00e4uschungen sind unsere Herzen oft verh\u00e4rtet, so dass wir uns verschlie\u00dfen und wir niemanden ranlassen. Das Sch\u00f6ne ist aber, dass Jesus unser Herz immer wieder sucht und eine Br\u00fccke dazu baut. Er will unser Herz heilen.<\/p>\n<blockquote class=\"wp-block-quote is-layout-flow wp-block-quote-is-layout-flow\"><p>\u201cEr heilt, die zerbrochenen Herzens sind, und verbindet ihre Wunden.\u201d<\/p>\n<p><cite><strong>Psalm 147, 3<\/strong><\/cite><\/p><\/blockquote>\n","protected":false},"featured_media":8996,"comment_status":"open","ping_status":"closed","template":"","meta":[],"pwb-brand":[],"product_brand":[],"product_cat":[1114,1115],"product_tag":[911,910,79,70],"class_list":{"0":"post-8995","1":"product","2":"type-product","3":"status-publish","4":"has-post-thumbnail","6":"product_cat-postkarten","7":"product_cat-postkartena5","8":"product_tag-bruecke","9":"product_tag-fineliner","10":"product_tag-herz","11":"product_tag-prophetische-kunst","12":"product_shipping_class-versandpauschale","14":"first","15":"instock","16":"purchasable","17":"product-type-simple"},"brands":[],"tiered_pricing_type":"fixed","tiered_pricing_fixed_rules":[],"tiered_pricing_product_settings":{"layout":"default","base_unit_name":{"singular":null,"plural":null},"default_variation":null},"tiered_pricing_minimum_quantity":null,"tiered_pricing_roles_data":[],"tiered_pricing_percentage_rules":[],"_links":{"self":[{"href":"https:\/\/jockyart.de\/de_de\/wp-json\/wp\/v2\/product\/8995","targetHints":{"allow":["GET"]}}],"collection":[{"href":"https:\/\/jockyart.de\/de_de\/wp-json\/wp\/v2\/product"}],"about":[{"href":"https:\/\/jockyart.de\/de_de\/wp-json\/wp\/v2\/types\/product"}],"replies":[{"embeddable":true,"href":"https:\/\/jockyart.de\/de_de\/wp-json\/wp\/v2\/comments?post=8995"}],"wp:featuredmedia":[{"embeddable":true,"href":"https:\/\/jockyart.de\/de_de\/wp-json\/wp\/v2\/media\/8996"}],"wp:attachment":[{"href":"https:\/\/jockyart.de\/de_de\/wp-json\/wp\/v2\/media?parent=8995"}],"wp:term":[{"taxonomy":"pwb-brand","embeddable":true,"href":"https:\/\/jockyart.de\/de_de\/wp-json\/wp\/v2\/pwb-brand?post=8995"},{"taxonomy":"product_brand","embeddable":true,"href":"https:\/\/jockyart.de\/de_de\/wp-json\/wp\/v2\/product_brand?post=8995"},{"taxonomy":"product_cat","embeddable":true,"href":"https:\/\/jockyart.de\/de_de\/wp-json\/wp\/v2\/product_cat?post=8995"},{"taxonomy":"product_tag","embeddable":true,"href":"https:\/\/jockyart.de\/de_de\/wp-json\/wp\/v2\/product_tag?post=8995"}],"curies":[{"name":"wp","href":"https:\/\/api.w.org\/{rel}","templated":true}]}}