{"id":8991,"date":"2024-10-21T23:05:59","date_gmt":"2024-10-21T21:05:59","guid":{"rendered":"https:\/\/jockyart.de\/?post_type=product&#038;p=8991"},"modified":"2025-03-13T15:31:25","modified_gmt":"2025-03-13T14:31:25","slug":"komm-zur-ruhe-postkarte-a5","status":"publish","type":"product","link":"https:\/\/jockyart.de\/de_de\/produkt\/komm-zur-ruhe-postkarte-a5\/","title":{"rendered":"Komm zur Ruhe (Postkarte A5)"},"content":{"rendered":"<div><strong>Postkarte DinA 5<\/strong> (148 x 210 mm), Querformat, beidseitig bedruckt, Quadratische Ecken<\/div>\n<div><strong>Naturpapier<\/strong><\/div>\n<div class=\"finishing-options-tile-description swan-standard-tile-description\">\n<div class=\"swan-text-standard\">\n<ul>\n<li>Rau und gut zu beschriften<\/li>\n<li>Haptik: Wie eine Gru\u00dfkarte<\/li>\n<li>St\u00e4rke: 300\u00a0g\/m\u00b2<\/li>\n<\/ul>\n<\/div>\n<\/div>\n","protected":false},"excerpt":{"rendered":"<div>\n<p>Diese Zeichnung ist bei einem Besuch im Gebetshaus M\u00fcnchen entstanden. Um immer gen\u00fcgend Kraft f\u00fcr den Alltag zu haben, ist es immer wieder wichtig zur Ruhe zu kommen und aufzutanken. Das geht nat\u00fcrlich besonders in der Natur.<\/p>\n<p>Eine Besucherin war so begeistert von dem Bild, dass sie es mir abgekauft hat.<\/p>\n<\/div>\n","protected":false},"featured_media":8992,"comment_status":"open","ping_status":"closed","template":"","meta":{"jetpack_post_was_ever_published":false},"pwb-brand":[],"product_brand":[],"product_cat":[1114,1115],"product_tag":[1117,1118,910,70,942],"class_list":{"0":"post-8991","1":"product","2":"type-product","3":"status-publish","4":"has-post-thumbnail","6":"product_cat-postkarten","7":"product_cat-postkartena5","8":"product_tag-bank","9":"product_tag-berge","10":"product_tag-fineliner","11":"product_tag-prophetische-kunst","12":"product_tag-ruhe","13":"product_shipping_class-versandpauschale","15":"first","16":"instock","17":"purchasable","18":"product-type-simple"},"jetpack-related-posts":[],"jetpack_sharing_enabled":true,"brands":[],"tiered_pricing_type":"fixed","tiered_pricing_fixed_rules":[],"tiered_pricing_product_settings":{"layout":"default","base_unit_name":{"singular":null,"plural":null},"default_variation":null},"tiered_pricing_minimum_quantity":null,"tiered_pricing_roles_data":[],"tiered_pricing_percentage_rules":[],"_links":{"self":[{"href":"https:\/\/jockyart.de\/de_de\/wp-json\/wp\/v2\/product\/8991","targetHints":{"allow":["GET"]}}],"collection":[{"href":"https:\/\/jockyart.de\/de_de\/wp-json\/wp\/v2\/product"}],"about":[{"href":"https:\/\/jockyart.de\/de_de\/wp-json\/wp\/v2\/types\/product"}],"replies":[{"embeddable":true,"href":"https:\/\/jockyart.de\/de_de\/wp-json\/wp\/v2\/comments?post=8991"}],"wp:featuredmedia":[{"embeddable":true,"href":"https:\/\/jockyart.de\/de_de\/wp-json\/wp\/v2\/media\/8992"}],"wp:attachment":[{"href":"https:\/\/jockyart.de\/de_de\/wp-json\/wp\/v2\/media?parent=8991"}],"wp:term":[{"taxonomy":"pwb-brand","embeddable":true,"href":"https:\/\/jockyart.de\/de_de\/wp-json\/wp\/v2\/pwb-brand?post=8991"},{"taxonomy":"product_brand","embeddable":true,"href":"https:\/\/jockyart.de\/de_de\/wp-json\/wp\/v2\/product_brand?post=8991"},{"taxonomy":"product_cat","embeddable":true,"href":"https:\/\/jockyart.de\/de_de\/wp-json\/wp\/v2\/product_cat?post=8991"},{"taxonomy":"product_tag","embeddable":true,"href":"https:\/\/jockyart.de\/de_de\/wp-json\/wp\/v2\/product_tag?post=8991"}],"curies":[{"name":"wp","href":"https:\/\/api.w.org\/{rel}","templated":true}]}}