{"id":8986,"date":"2024-10-21T22:43:05","date_gmt":"2024-10-21T20:43:05","guid":{"rendered":"https:\/\/jockyart.de\/?post_type=product&#038;p=8986"},"modified":"2025-03-13T15:26:17","modified_gmt":"2025-03-13T14:26:17","slug":"schau-aufs-licht-postkarte-a5","status":"publish","type":"product","link":"https:\/\/jockyart.de\/de_de\/produkt\/schau-aufs-licht-postkarte-a5\/","title":{"rendered":"Schau aufs Licht (Postkarte A5)"},"content":{"rendered":"<div><strong>Postkarte DinA 5<\/strong> (148 x 210 mm), Querformat, beidseitig bedruckt, Quadratische Ecken<\/div>\n<div><strong>Naturpapier<\/strong><\/div>\n<div class=\"finishing-options-tile-description swan-standard-tile-description\">\n<div class=\"swan-text-standard\">\n<ul>\n<li>Rau und gut zu beschriften, ideal f\u00fcr klassische Designs<\/li>\n<li>Haptik: Wie eine Gru\u00dfkarte<\/li>\n<li>St\u00e4rke: 300\u00a0g\/m\u00b2<\/li>\n<\/ul>\n<\/div>\n<\/div>\n","protected":false},"excerpt":{"rendered":"<div>\n<p>Das \u25ba\u00a0<a href=\"https:\/\/www.jocky.de\/2019\/01\/02\/prophetische-kunst-die-zeit-ist-jetzt\/\" target=\"_blank\" rel=\"noreferrer noopener\">Original<\/a> dieses Bildes war ein Geburtstagsgeschenk innerhalb der Familie.\u00a0Bei diesem Bild hatte ich den Eindruck, dass Jesus dazu auffordert weg von der Finsternis zu blicken, die so leicht unsere Aufmerksamkeit auf sich zieht (all den negativen Dingen, Sachen die schiefgehen, Entt\u00e4uschungen, W\u00fcnsche die sich noch nicht erf\u00fcllt haben\u2026) hin zum Licht, auf Jesus zu schauen.<\/p>\n<p>Wir d\u00fcrfen uns auf die guten Dinge konzentrieren. Auf alles was Jesus ist und bereits f\u00fcr uns getan hat, auf sein Wesen, seinen Charakter, seine Zusagen, aber auch alles Gute was uns schon widerfahren ist, die Gnade, die wir erleben durften\u2026<\/p>\n<blockquote class=\"wp-block-quote is-layout-flow wp-block-quote-is-layout-flow\"><p>\u201cWer Dank opfert, der preist mich, und da ist der Weg, dass ich ihm zeige das Heil Gottes.\u201d<\/p>\n<p><cite><strong>Psalm 50, 23<\/strong><\/cite><\/p><\/blockquote>\n<p>Ein kleines M\u00e4dchen wurde von Bauchschmerzen geheilt als sie einen Kunstdruck dieses Bildes betrachtete.<\/p>\n<\/div>\n","protected":false},"featured_media":8987,"comment_status":"open","ping_status":"closed","template":"","meta":[],"pwb-brand":[],"product_brand":[],"product_cat":[1114,1115],"product_tag":[56,143,128,70,462,956,461],"class_list":{"0":"post-8986","1":"product","2":"type-product","3":"status-publish","4":"has-post-thumbnail","6":"product_cat-postkarten","7":"product_cat-postkartena5","8":"product_tag-buntstift","9":"product_tag-hoffnung","10":"product_tag-licht","11":"product_tag-prophetische-kunst","12":"product_tag-schau","13":"product_tag-sonne","14":"product_tag-wolken","15":"product_shipping_class-versandpauschale","17":"first","18":"instock","19":"purchasable","20":"product-type-simple"},"brands":[],"tiered_pricing_type":"fixed","tiered_pricing_fixed_rules":[],"tiered_pricing_product_settings":{"layout":"default","base_unit_name":{"singular":null,"plural":null},"default_variation":null},"tiered_pricing_minimum_quantity":null,"tiered_pricing_roles_data":[],"tiered_pricing_percentage_rules":[],"_links":{"self":[{"href":"https:\/\/jockyart.de\/de_de\/wp-json\/wp\/v2\/product\/8986","targetHints":{"allow":["GET"]}}],"collection":[{"href":"https:\/\/jockyart.de\/de_de\/wp-json\/wp\/v2\/product"}],"about":[{"href":"https:\/\/jockyart.de\/de_de\/wp-json\/wp\/v2\/types\/product"}],"replies":[{"embeddable":true,"href":"https:\/\/jockyart.de\/de_de\/wp-json\/wp\/v2\/comments?post=8986"}],"wp:featuredmedia":[{"embeddable":true,"href":"https:\/\/jockyart.de\/de_de\/wp-json\/wp\/v2\/media\/8987"}],"wp:attachment":[{"href":"https:\/\/jockyart.de\/de_de\/wp-json\/wp\/v2\/media?parent=8986"}],"wp:term":[{"taxonomy":"pwb-brand","embeddable":true,"href":"https:\/\/jockyart.de\/de_de\/wp-json\/wp\/v2\/pwb-brand?post=8986"},{"taxonomy":"product_brand","embeddable":true,"href":"https:\/\/jockyart.de\/de_de\/wp-json\/wp\/v2\/product_brand?post=8986"},{"taxonomy":"product_cat","embeddable":true,"href":"https:\/\/jockyart.de\/de_de\/wp-json\/wp\/v2\/product_cat?post=8986"},{"taxonomy":"product_tag","embeddable":true,"href":"https:\/\/jockyart.de\/de_de\/wp-json\/wp\/v2\/product_tag?post=8986"}],"curies":[{"name":"wp","href":"https:\/\/api.w.org\/{rel}","templated":true}]}}