{"id":8982,"date":"2024-10-21T22:41:12","date_gmt":"2024-10-21T20:41:12","guid":{"rendered":"https:\/\/jockyart.de\/?post_type=product&#038;p=8982"},"modified":"2026-04-06T21:56:28","modified_gmt":"2026-04-06T19:56:28","slug":"umhuellt-von-der-liebe-gottes-postkarte-a5","status":"publish","type":"product","link":"https:\/\/jockyart.de\/de_de\/produkt\/umhuellt-von-der-liebe-gottes-postkarte-a5\/","title":{"rendered":"Umh\u00fcllt von der Liebe Gottes (Postkarte A5)"},"content":{"rendered":"<div><strong>Postkarte DinA 5<\/strong> (148 x 210 mm), Hochformat, beidseitig bedruckt, Quadratische Ecken<\/div>\n<div><strong>Naturpapier<\/strong><\/div>\n<div class=\"finishing-options-tile-description swan-standard-tile-description\">\n<div class=\"swan-text-standard\">\n<ul>\n<li>Rau und gut zu beschriften<\/li>\n<li>Haptik: Wie eine Gru\u00dfkarte<\/li>\n<li>St\u00e4rke: 300\u00a0g\/m\u00b2<\/li>\n<\/ul>\n<\/div>\n<\/div>\n","protected":false},"excerpt":{"rendered":"<p>Dieses Bild war ein <strong>Auftragsbild<\/strong>. W\u00e4hrend ich betete sah ich die Kundin im Dunkeln, wie sie von einem Mantel eingeh\u00fcllt wurde.\u00a0Irgendwie war das sehr flie\u00dfend, es h\u00e4tte auch das <strong>Blut Christi<\/strong> sein k\u00f6nnen. Auf jeden Fall hat es ausgedr\u00fcckt, wie nahe ihr Gott ist, wie er sie umgibt, wie sein Blut sie bedeckt und sie besch\u00fctzt, wie der <strong>Mantel Seiner Liebe<\/strong> sie umh\u00fcllt, wie sie in ihm verborgen ist, eingeh\u00fcllt von ihm.<\/p>\n<p>Das Bild hat sie sehr angesprochen, f\u00fcr sie war es wie eine <strong>Umarmung Gottes<\/strong>. Am Tag bevor ich angefangen habe, das Bild zu zeichnen, hat sie gebetete, dass sie sich so sehr nach einer Umarmung sehnt. Und dann hat sie die ersten Fotos von der Entstehung des Bildes auf Instagram gesehen und war tief ber\u00fchrt.<\/p>\n","protected":false},"featured_media":8983,"comment_status":"open","ping_status":"closed","template":"","meta":[],"pwb-brand":[],"product_brand":[],"product_cat":[1114,1115],"product_tag":[56,50,1116,70,49],"class_list":{"0":"post-8982","1":"product","2":"type-product","3":"status-publish","4":"has-post-thumbnail","6":"product_cat-postkarten","7":"product_cat-postkartena5","8":"product_tag-buntstift","9":"product_tag-liebe-gottes","10":"product_tag-postkarten","11":"product_tag-prophetische-kunst","12":"product_tag-umhuellt","13":"product_shipping_class-versandpauschale","15":"first","16":"instock","17":"purchasable","18":"product-type-simple"},"brands":[],"tiered_pricing_type":"fixed","tiered_pricing_fixed_rules":[],"tiered_pricing_product_settings":{"layout":"default","base_unit_name":{"singular":null,"plural":null},"default_variation":null},"tiered_pricing_minimum_quantity":null,"tiered_pricing_roles_data":[],"tiered_pricing_percentage_rules":[],"_links":{"self":[{"href":"https:\/\/jockyart.de\/de_de\/wp-json\/wp\/v2\/product\/8982","targetHints":{"allow":["GET"]}}],"collection":[{"href":"https:\/\/jockyart.de\/de_de\/wp-json\/wp\/v2\/product"}],"about":[{"href":"https:\/\/jockyart.de\/de_de\/wp-json\/wp\/v2\/types\/product"}],"replies":[{"embeddable":true,"href":"https:\/\/jockyart.de\/de_de\/wp-json\/wp\/v2\/comments?post=8982"}],"wp:featuredmedia":[{"embeddable":true,"href":"https:\/\/jockyart.de\/de_de\/wp-json\/wp\/v2\/media\/8983"}],"wp:attachment":[{"href":"https:\/\/jockyart.de\/de_de\/wp-json\/wp\/v2\/media?parent=8982"}],"wp:term":[{"taxonomy":"pwb-brand","embeddable":true,"href":"https:\/\/jockyart.de\/de_de\/wp-json\/wp\/v2\/pwb-brand?post=8982"},{"taxonomy":"product_brand","embeddable":true,"href":"https:\/\/jockyart.de\/de_de\/wp-json\/wp\/v2\/product_brand?post=8982"},{"taxonomy":"product_cat","embeddable":true,"href":"https:\/\/jockyart.de\/de_de\/wp-json\/wp\/v2\/product_cat?post=8982"},{"taxonomy":"product_tag","embeddable":true,"href":"https:\/\/jockyart.de\/de_de\/wp-json\/wp\/v2\/product_tag?post=8982"}],"curies":[{"name":"wp","href":"https:\/\/api.w.org\/{rel}","templated":true}]}}