{"id":6791,"date":"2023-07-24T21:32:43","date_gmt":"2023-07-24T19:32:43","guid":{"rendered":"https:\/\/jockyart.de\/?post_type=product&#038;p=6791"},"modified":"2025-02-03T17:47:40","modified_gmt":"2025-02-03T16:47:40","slug":"digitales-portrait-leinwand","status":"publish","type":"product","link":"https:\/\/jockyart.de\/de_de\/produkt\/digitales-portrait-leinwand\/","title":{"rendered":"Digitales Portrait + Leinwand"},"content":{"rendered":"<p>Hier und da hatte ich Gelegenheit ein digitales Portrait f\u00fcr Freunde zu erstellen. Das k\u00f6nnt ihr hiermit f\u00fcr Freunde beauftragen.<\/p>\n","protected":false},"excerpt":{"rendered":"<p>Gerne gestalte ich f\u00fcr euch ein <strong>digitales Portrait<\/strong> von euch oder einem Freund. Ich ben\u00f6tige daf\u00fcr nat\u00fcrlich einige <strong>Fotos<\/strong> der Person, die gezeichnet werden soll.<br \/>\nDann zeichne ich die Person mit meinem Graphiktablet.<\/p>\n<p>Ihr erhaltet dann die <strong>digitale Zeichnung<\/strong> in <strong>hoher Aufl\u00f6sung<\/strong> f\u00fcr den pers\u00f6nlichen Gebrauch und das Bild auf eine <strong>Leinwand (20 x 30cm)<\/strong> gedruckt kostenlos dazu.<\/p>\n[caption id=\"attachment_6796\" align=\"aligncenter\" width=\"169\"]<a href=\"https:\/\/youtube.com\/shorts\/S-CCIu83jRo?feature=share\" target=\"_blank\" rel=\"noopener\"><img loading=\"lazy\" decoding=\"async\" class=\"wp-image-6796 size-medium\" src=\"https:\/\/jockyart.de\/wp-content\/uploads\/2023\/07\/Snap_Reel_Digi_Leinwand-169x300.png\" alt=\"Digitale Kunst - Leinwand\" width=\"169\" height=\"300\" srcset=\"https:\/\/jockyart.de\/wp-content\/uploads\/2023\/07\/Snap_Reel_Digi_Leinwand-169x300.png 169w, https:\/\/jockyart.de\/wp-content\/uploads\/2023\/07\/Snap_Reel_Digi_Leinwand-7x12.png 7w, https:\/\/jockyart.de\/wp-content\/uploads\/2023\/07\/Snap_Reel_Digi_Leinwand-324x575.png 324w, https:\/\/jockyart.de\/wp-content\/uploads\/2023\/07\/Snap_Reel_Digi_Leinwand-416x739.png 416w, https:\/\/jockyart.de\/wp-content\/uploads\/2023\/07\/Snap_Reel_Digi_Leinwand.png 548w\" sizes=\"auto, (max-width: 169px) 100vw, 169px\" \/><\/a> Klicke auf das Bild, um ein Kurzvideo auf YouTube anzuschauen[\/caption]\n","protected":false},"featured_media":6610,"comment_status":"open","ping_status":"closed","template":"","meta":[],"pwb-brand":[],"product_brand":[],"product_cat":[69],"product_tag":[924,977,754,978],"class_list":{"0":"post-6791","1":"product","2":"type-product","3":"status-publish","4":"has-post-thumbnail","6":"product_cat-persoenlbild","7":"product_tag-auftrag","8":"product_tag-digitale-kunst","9":"product_tag-leinwand","10":"product_tag-portrait","12":"first","13":"instock","14":"purchasable","15":"product-type-simple"},"brands":[],"tiered_pricing_type":"fixed","tiered_pricing_fixed_rules":[],"tiered_pricing_product_settings":{"layout":"default","base_unit_name":{"singular":null,"plural":null},"default_variation":null},"tiered_pricing_minimum_quantity":null,"tiered_pricing_roles_data":[],"tiered_pricing_percentage_rules":[],"_links":{"self":[{"href":"https:\/\/jockyart.de\/de_de\/wp-json\/wp\/v2\/product\/6791","targetHints":{"allow":["GET"]}}],"collection":[{"href":"https:\/\/jockyart.de\/de_de\/wp-json\/wp\/v2\/product"}],"about":[{"href":"https:\/\/jockyart.de\/de_de\/wp-json\/wp\/v2\/types\/product"}],"replies":[{"embeddable":true,"href":"https:\/\/jockyart.de\/de_de\/wp-json\/wp\/v2\/comments?post=6791"}],"wp:featuredmedia":[{"embeddable":true,"href":"https:\/\/jockyart.de\/de_de\/wp-json\/wp\/v2\/media\/6610"}],"wp:attachment":[{"href":"https:\/\/jockyart.de\/de_de\/wp-json\/wp\/v2\/media?parent=6791"}],"wp:term":[{"taxonomy":"pwb-brand","embeddable":true,"href":"https:\/\/jockyart.de\/de_de\/wp-json\/wp\/v2\/pwb-brand?post=6791"},{"taxonomy":"product_brand","embeddable":true,"href":"https:\/\/jockyart.de\/de_de\/wp-json\/wp\/v2\/product_brand?post=6791"},{"taxonomy":"product_cat","embeddable":true,"href":"https:\/\/jockyart.de\/de_de\/wp-json\/wp\/v2\/product_cat?post=6791"},{"taxonomy":"product_tag","embeddable":true,"href":"https:\/\/jockyart.de\/de_de\/wp-json\/wp\/v2\/product_tag?post=6791"}],"curies":[{"name":"wp","href":"https:\/\/api.w.org\/{rel}","templated":true}]}}