{"id":6676,"date":"2023-07-04T21:14:49","date_gmt":"2023-07-04T19:14:49","guid":{"rendered":"https:\/\/jockyart.de\/?post_type=product&#038;p=6676"},"modified":"2023-07-04T21:48:19","modified_gmt":"2023-07-04T19:48:19","slug":"schau-aufs-licht-leuchtrahmen","status":"publish","type":"product","link":"https:\/\/jockyart.de\/de_de\/produkt\/schau-aufs-licht-leuchtrahmen\/","title":{"rendered":"Schau aufs Licht (Leuchtrahmen)"},"content":{"rendered":"<p>Einige Bilder dr\u00fccken ein ganz besonderes Leuchten aus, so dass sie f\u00f6rmlich danach schreien, dass dies auch \u00e4u\u00dferlich ausgedr\u00fcckt wird. So habe ich nach Wegen gesucht, das auf erschwingliche Weise auszudr\u00fccken. Leuchtk\u00e4sten sind ideal, aber vielleicht ein bisschen teuer.<br \/>\nMit diesen LED Streifen habe ich einen Weg gefunden, der schon ganz gut rankommt. Ganz zufrieden bin ich noch nicht.<\/p>\n<p>Wenn Dich ein anderes meiner Bilder mehr anspricht, kann ich den Leuchtrahmen gerne mit diesem Motiv anfertigen.<br \/>\n<a href=\"https:\/\/jockyart.de\/kontakt\/\" target=\"_blank\" rel=\"noopener\">Teile<\/a> mir einfach deine W\u00fcnsche mit.<\/p>\n","protected":false},"excerpt":{"rendered":"<p><strong>Einige Bilder eignen sich besonders, sie mit einer besonderen Beleuchtung hervor zu heben.<\/strong><\/p>\n<p>Das \u00a0<a href=\"https:\/\/www.jocky.de\/2019\/01\/02\/prophetische-kunst-die-zeit-ist-jetzt\/\" target=\"_blank\" rel=\"noreferrer noopener\">Original<\/a>\u00a0dieses Bildes war ein Geburtstagsgeschenk innerhalb der Familie.<\/p>\n<p>Bei diesem Bild hatte ich den Eindruck, dass Jesus dazu auffordert weg von der Finsternis zu blicken, die so leicht unsere Aufmerksamkeit auf sich zieht (all den negativen Dingen, Sachen die schiefgehen, Entt\u00e4uschungen, W\u00fcnsche die sich noch nicht erf\u00fcllt haben\u2026) hin zum Licht, auf Jesus zu schauen.<\/p>\n<p>Wir d\u00fcrfen uns auf die guten Dinge konzentrieren. Auf alles was Jesus ist und bereits f\u00fcr uns getan hat, auf sein Wesen, seinen Charakter, seine Zusagen, aber auch alles Gute was uns schon widerfahren ist, die Gnade, die wir erleben durften\u2026<\/p>\n<blockquote class=\"wp-block-quote\"><p>\u201cWer Dank opfert, der preist mich, und da ist der Weg, dass ich ihm zeige das Heil Gottes.\u201d<\/p>\n<p><cite><strong>Psalm 50, 23<\/strong><\/cite><\/p><\/blockquote>\n<p><strong>Ein kleines M\u00e4dchen wurde von Bauchschmerzen geheilt als sie einen Kunstdruck dieses Bildes betrachtete.<\/strong><\/p>\n","protected":false},"featured_media":6677,"comment_status":"open","ping_status":"closed","template":"","meta":[],"pwb-brand":[],"product_brand":[],"product_cat":[965],"product_tag":[56,405,966,128],"class_list":{"0":"post-6676","1":"product","2":"type-product","3":"status-publish","4":"has-post-thumbnail","6":"product_cat-leuchtrahmen","7":"product_tag-buntstift","8":"product_tag-kuenstleraquarellstifte","9":"product_tag-leuchtrahmen","10":"product_tag-licht","12":"first","13":"instock","14":"purchasable","15":"product-type-simple"},"brands":[],"tiered_pricing_type":"fixed","tiered_pricing_fixed_rules":[],"tiered_pricing_product_settings":{"layout":"default","base_unit_name":{"singular":null,"plural":null},"default_variation":null},"tiered_pricing_minimum_quantity":null,"tiered_pricing_roles_data":[],"tiered_pricing_percentage_rules":[],"_links":{"self":[{"href":"https:\/\/jockyart.de\/de_de\/wp-json\/wp\/v2\/product\/6676","targetHints":{"allow":["GET"]}}],"collection":[{"href":"https:\/\/jockyart.de\/de_de\/wp-json\/wp\/v2\/product"}],"about":[{"href":"https:\/\/jockyart.de\/de_de\/wp-json\/wp\/v2\/types\/product"}],"replies":[{"embeddable":true,"href":"https:\/\/jockyart.de\/de_de\/wp-json\/wp\/v2\/comments?post=6676"}],"wp:featuredmedia":[{"embeddable":true,"href":"https:\/\/jockyart.de\/de_de\/wp-json\/wp\/v2\/media\/6677"}],"wp:attachment":[{"href":"https:\/\/jockyart.de\/de_de\/wp-json\/wp\/v2\/media?parent=6676"}],"wp:term":[{"taxonomy":"pwb-brand","embeddable":true,"href":"https:\/\/jockyart.de\/de_de\/wp-json\/wp\/v2\/pwb-brand?post=6676"},{"taxonomy":"product_brand","embeddable":true,"href":"https:\/\/jockyart.de\/de_de\/wp-json\/wp\/v2\/product_brand?post=6676"},{"taxonomy":"product_cat","embeddable":true,"href":"https:\/\/jockyart.de\/de_de\/wp-json\/wp\/v2\/product_cat?post=6676"},{"taxonomy":"product_tag","embeddable":true,"href":"https:\/\/jockyart.de\/de_de\/wp-json\/wp\/v2\/product_tag?post=6676"}],"curies":[{"name":"wp","href":"https:\/\/api.w.org\/{rel}","templated":true}]}}