{"id":6630,"date":"2023-06-20T20:03:59","date_gmt":"2023-06-20T18:03:59","guid":{"rendered":"https:\/\/jockyart.de\/?post_type=product&#038;p=6630"},"modified":"2023-09-09T18:58:07","modified_gmt":"2023-09-09T16:58:07","slug":"3d-hirschsprung-mit-himmel","status":"publish","type":"product","link":"https:\/\/jockyart.de\/de_de\/produkt\/3d-hirschsprung-mit-himmel\/","title":{"rendered":"Diorama: Hirschsprung (mit Himmel)"},"content":{"rendered":"<p>Dieses 3D Bild besteht aus verschiedenen Ebenen, die einzeln mit Buntstiften gestaltet sind und einen wunersch\u00f6nen 3D Effekt erzielen. In dieser Version ist der Himmel auf der R\u00fcckseite enthalten. Daf\u00fcr ist ein gr\u00f6\u00dferer Tiefeneffekt gegeben, da mehr Platz vorhanden ist und daher der Abstand zwischen den Ebenen gr\u00f6\u00dfer ist.<br \/>\n(Es gibt auch die Variante mit freiem Himmel) \u25ba <a href=\"https:\/\/jockyart.de\/de_de\/produkt\/hirschsprung-3d-bild\/\" target=\"_blank\" rel=\"noopener\">klick<\/a><\/p>\n<p>Ein ganz besonderes Kunstwerk.<\/p>\n","protected":false},"excerpt":{"rendered":"<p>Eine ganz besondere Sehensw\u00fcrdigkeit ist der Hirschsprung im H\u00f6llental im Frankenwald. Der Legende nach soll hier ein Hirsch \u00fcber das tiefe V-Tal gesprungen sein, als er auf der Flucht vor J\u00e4gern war. Der Franken wald ist eine wundersch\u00f6ne Gegend, die zum Wandern einl\u00e4dt. Das tiefgeschnittene Tal, durch das die Selbitz flie\u00dft, ist besonders sch\u00f6n. Unmittelbar nach dem Tal kam fr\u00fcher der Todesstreifen mit der Grenze zur DDR.<\/p>\n<p>Dieses Motiv habe ich\u00a0 verwendet, um mein erstes 3D Bild zu gestalten.<br \/>\nVon diesem Motiv gibt es 2 Varianten. Die andere Variante mit weniger Tiefe, daf\u00fcr aber freiem Himmel, findet sich hier:<br \/>\n\u25ba <a href=\"https:\/\/jockyart.de\/de_de\/produkt\/hirschsprung-3d-bild\/\" target=\"_blank\" rel=\"noopener\">klick<\/a><\/p>\n","protected":false},"featured_media":6632,"comment_status":"open","ping_status":"closed","template":"","meta":[],"pwb-brand":[],"product_brand":[],"product_cat":[1016],"product_tag":[902,56,985,901,899,900],"class_list":{"0":"post-6630","1":"product","2":"type-product","3":"status-publish","4":"has-post-thumbnail","6":"product_cat-diorama","7":"product_tag-3d-bild","8":"product_tag-buntstift","9":"product_tag-diarama","10":"product_tag-frankenwald","11":"product_tag-hirschsprung","12":"product_tag-hoellental","14":"first","15":"instock","16":"purchasable","17":"product-type-simple"},"brands":[],"tiered_pricing_type":"fixed","tiered_pricing_fixed_rules":[],"tiered_pricing_product_settings":{"layout":"default","base_unit_name":{"singular":null,"plural":null},"default_variation":null},"tiered_pricing_minimum_quantity":null,"tiered_pricing_roles_data":[],"tiered_pricing_percentage_rules":[],"_links":{"self":[{"href":"https:\/\/jockyart.de\/de_de\/wp-json\/wp\/v2\/product\/6630","targetHints":{"allow":["GET"]}}],"collection":[{"href":"https:\/\/jockyart.de\/de_de\/wp-json\/wp\/v2\/product"}],"about":[{"href":"https:\/\/jockyart.de\/de_de\/wp-json\/wp\/v2\/types\/product"}],"replies":[{"embeddable":true,"href":"https:\/\/jockyart.de\/de_de\/wp-json\/wp\/v2\/comments?post=6630"}],"wp:featuredmedia":[{"embeddable":true,"href":"https:\/\/jockyart.de\/de_de\/wp-json\/wp\/v2\/media\/6632"}],"wp:attachment":[{"href":"https:\/\/jockyart.de\/de_de\/wp-json\/wp\/v2\/media?parent=6630"}],"wp:term":[{"taxonomy":"pwb-brand","embeddable":true,"href":"https:\/\/jockyart.de\/de_de\/wp-json\/wp\/v2\/pwb-brand?post=6630"},{"taxonomy":"product_brand","embeddable":true,"href":"https:\/\/jockyart.de\/de_de\/wp-json\/wp\/v2\/product_brand?post=6630"},{"taxonomy":"product_cat","embeddable":true,"href":"https:\/\/jockyart.de\/de_de\/wp-json\/wp\/v2\/product_cat?post=6630"},{"taxonomy":"product_tag","embeddable":true,"href":"https:\/\/jockyart.de\/de_de\/wp-json\/wp\/v2\/product_tag?post=6630"}],"curies":[{"name":"wp","href":"https:\/\/api.w.org\/{rel}","templated":true}]}}