{"id":5708,"date":"2023-04-13T21:57:04","date_gmt":"2023-04-13T19:57:04","guid":{"rendered":"https:\/\/jockyart.de\/?post_type=product&#038;p=5708"},"modified":"2026-03-18T05:21:18","modified_gmt":"2026-03-18T04:21:18","slug":"bruecke-zum-herz-original","status":"publish","type":"product","link":"https:\/\/jockyart.de\/de_de\/produkt\/bruecke-zum-herz-original\/","title":{"rendered":"Br\u00fccke zum Herz (Original)"},"content":{"rendered":"<p>Bevor ich meine prophetische Kunst mit Buntstiften begonnen habe, tat ich das schon f\u00fcr einige Jahre mit meinen Finelinern. In meiner Jugend habe ich noch viel mehr Zeichnungen mit Finelinern erstellt, da diese mit Schwarz-Wei\u00df- Fotokopierern vervielf\u00e4ltigt wurden.<\/p>\n<p>Facebook zeigt einen ja immer &#8220;Erinnerungen&#8221; an, was man am gleichen Tag Jahre zuvor gepostet hatte. Das weckte in mir den Wunsch wieder mehr mit Finelinern zu erstellen. Als ich wieder einmal meine K\u00fcnstleraquarellstifte nachbestellt habe, nutzte ich die Gelegenheit und habe eine Packung mit besonderen Finelinern dazu gekauft.<\/p>\n<p>In Folge dessen sind eine Reihe mit weiteren Bildern mit Finelinern entstanden. Weitere werden nat\u00fcrlich folgen&#8230;<\/p>\n","protected":false},"excerpt":{"rendered":"<p>Durch Verletzungen und Entt\u00e4uschungen sind unsere Herzen oft verh\u00e4rtet, so dass wir uns verschlie\u00dfen und wir niemanden ranlassen. Das Sch\u00f6ne ist aber, dass Jesus unser Herz immer wieder sucht und eine Br\u00fccke dazu baut. Er will unser Herz heilen.<\/p>\n<blockquote><p>&#8220;Er heilt, die zerbrochenen Herzens sind, und verbindet ihre Wunden.&#8221; <strong>Psalm 147, 3<\/strong><\/p><\/blockquote>\n<p>\u00a9 Copyright 2022 by <em><a href=\"https:\/\/www.jockyart.de\/\" target=\"_blank\" rel=\"noopener noreferrer\">JockyArt.de<\/a><\/em><\/p>\n<p>Auf Anfrage ist das Bild nat\u00fcrlich auch als Kunstdruck, Poster, Leinwand oder als Sonderanfertigung wie Kissen oder Decke erh\u00e4ltlich.<\/p>\n","protected":false},"featured_media":5709,"comment_status":"open","ping_status":"closed","template":"","meta":{"jetpack_post_was_ever_published":false},"pwb-brand":[],"product_brand":[],"product_cat":[909],"product_tag":[911,910,79,116],"class_list":{"0":"post-5708","1":"product","2":"type-product","3":"status-publish","4":"has-post-thumbnail","6":"product_cat-originale-fineliner","7":"product_tag-bruecke","8":"product_tag-fineliner","9":"product_tag-herz","10":"product_tag-original","11":"product_shipping_class-versicherter-versand","13":"first","14":"instock","15":"sale","16":"purchasable","17":"product-type-simple"},"jetpack-related-posts":[],"jetpack_sharing_enabled":true,"brands":[],"tiered_pricing_type":"fixed","tiered_pricing_fixed_rules":[],"tiered_pricing_product_settings":{"layout":"default","base_unit_name":{"singular":null,"plural":null},"default_variation":null},"tiered_pricing_minimum_quantity":null,"tiered_pricing_roles_data":[],"tiered_pricing_percentage_rules":[],"_links":{"self":[{"href":"https:\/\/jockyart.de\/de_de\/wp-json\/wp\/v2\/product\/5708","targetHints":{"allow":["GET"]}}],"collection":[{"href":"https:\/\/jockyart.de\/de_de\/wp-json\/wp\/v2\/product"}],"about":[{"href":"https:\/\/jockyart.de\/de_de\/wp-json\/wp\/v2\/types\/product"}],"replies":[{"embeddable":true,"href":"https:\/\/jockyart.de\/de_de\/wp-json\/wp\/v2\/comments?post=5708"}],"wp:featuredmedia":[{"embeddable":true,"href":"https:\/\/jockyart.de\/de_de\/wp-json\/wp\/v2\/media\/5709"}],"wp:attachment":[{"href":"https:\/\/jockyart.de\/de_de\/wp-json\/wp\/v2\/media?parent=5708"}],"wp:term":[{"taxonomy":"pwb-brand","embeddable":true,"href":"https:\/\/jockyart.de\/de_de\/wp-json\/wp\/v2\/pwb-brand?post=5708"},{"taxonomy":"product_brand","embeddable":true,"href":"https:\/\/jockyart.de\/de_de\/wp-json\/wp\/v2\/product_brand?post=5708"},{"taxonomy":"product_cat","embeddable":true,"href":"https:\/\/jockyart.de\/de_de\/wp-json\/wp\/v2\/product_cat?post=5708"},{"taxonomy":"product_tag","embeddable":true,"href":"https:\/\/jockyart.de\/de_de\/wp-json\/wp\/v2\/product_tag?post=5708"}],"curies":[{"name":"wp","href":"https:\/\/api.w.org\/{rel}","templated":true}]}}