{"id":5682,"date":"2023-04-10T19:40:08","date_gmt":"2023-04-10T17:40:08","guid":{"rendered":"https:\/\/jockyart.de\/?post_type=product&#038;p=5682"},"modified":"2023-09-09T18:58:41","modified_gmt":"2023-09-09T16:58:41","slug":"hirschsprung-3d-bild","status":"publish","type":"product","link":"https:\/\/jockyart.de\/de_de\/produkt\/hirschsprung-3d-bild\/","title":{"rendered":"Diorama: Hirschsprung (transparent)"},"content":{"rendered":"<p>Dieses 3D Bild besteht aus verschiedenen Ebenen, die einzeln mit Buntstiften gestaltet sind und einen wunersch\u00f6nen 3D Effekt erzielen. Der Himmel ist freigehalten, so dass der eigene Himmel durchscheinen kann.<\/p>\n<p>Ein ganz besonderes Kunstwerk.<\/p>\n","protected":false},"excerpt":{"rendered":"<p>Eine ganz besondere Sehensw\u00fcrdigkeit ist der Hirschsprung im H\u00f6llental im Frankenwald. Der Legende nach soll hier ein Hirsch \u00fcber das tiefe V-Tal gesprungen sein, als er auf der Flucht vor J\u00e4gern war. Der Franken wald ist eine wundersch\u00f6ne Gegend, die zum Wandern einl\u00e4dt. Das tiefgeschnittene Tal, durch das die Selbitz flie\u00dft, ist besonders sch\u00f6n. Unmittelbar nach dem Tal kam fr\u00fcher der Todesstreifen mit der Grenze zur DDR.<\/p>\n<p>Dieses Motiv habe ich\u00a0 verwendet, um mein erstes 3D Bild zu gestalten.<br \/>\nVon diesem Motiv gibt es 2 Varianten. Die andere Variante mit mehr Tiefe und Himmel findet sich hier: \u25ba klick<\/p>\n<p><a href=\"https:\/\/youtube.com\/shorts\/IHqV4X4Zn3A?feature=share\" target=\"_blank\" rel=\"noopener\"><img loading=\"lazy\" decoding=\"async\" class=\"alignnone wp-image-5693 size-medium\" src=\"https:\/\/jockyart.de\/wp-content\/uploads\/2023\/04\/Hirschsprung_shorts-169x300.png\" alt=\"Hirschsprung shorts\" width=\"169\" height=\"300\" srcset=\"https:\/\/jockyart.de\/wp-content\/uploads\/2023\/04\/Hirschsprung_shorts-169x300.png 169w, https:\/\/jockyart.de\/wp-content\/uploads\/2023\/04\/Hirschsprung_shorts-7x12.png 7w, https:\/\/jockyart.de\/wp-content\/uploads\/2023\/04\/Hirschsprung_shorts-324x576.png 324w, https:\/\/jockyart.de\/wp-content\/uploads\/2023\/04\/Hirschsprung_shorts-416x739.png 416w, https:\/\/jockyart.de\/wp-content\/uploads\/2023\/04\/Hirschsprung_shorts.png 548w\" sizes=\"auto, (max-width: 169px) 100vw, 169px\" \/><\/a><\/p>\n","protected":false},"featured_media":5683,"comment_status":"open","ping_status":"closed","template":"","meta":[],"pwb-brand":[],"product_brand":[],"product_cat":[1016],"product_tag":[902,56,901,899,900,963],"class_list":{"0":"post-5682","1":"product","2":"type-product","3":"status-publish","4":"has-post-thumbnail","6":"product_cat-diorama","7":"product_tag-3d-bild","8":"product_tag-buntstift","9":"product_tag-frankenwald","10":"product_tag-hirschsprung","11":"product_tag-hoellental","12":"product_tag-transparent","14":"first","15":"instock","16":"purchasable","17":"product-type-simple"},"brands":[],"tiered_pricing_type":"fixed","tiered_pricing_fixed_rules":[],"tiered_pricing_product_settings":{"layout":"default","base_unit_name":{"singular":null,"plural":null},"default_variation":null},"tiered_pricing_minimum_quantity":null,"tiered_pricing_roles_data":[],"tiered_pricing_percentage_rules":[],"_links":{"self":[{"href":"https:\/\/jockyart.de\/de_de\/wp-json\/wp\/v2\/product\/5682","targetHints":{"allow":["GET"]}}],"collection":[{"href":"https:\/\/jockyart.de\/de_de\/wp-json\/wp\/v2\/product"}],"about":[{"href":"https:\/\/jockyart.de\/de_de\/wp-json\/wp\/v2\/types\/product"}],"replies":[{"embeddable":true,"href":"https:\/\/jockyart.de\/de_de\/wp-json\/wp\/v2\/comments?post=5682"}],"wp:featuredmedia":[{"embeddable":true,"href":"https:\/\/jockyart.de\/de_de\/wp-json\/wp\/v2\/media\/5683"}],"wp:attachment":[{"href":"https:\/\/jockyart.de\/de_de\/wp-json\/wp\/v2\/media?parent=5682"}],"wp:term":[{"taxonomy":"pwb-brand","embeddable":true,"href":"https:\/\/jockyart.de\/de_de\/wp-json\/wp\/v2\/pwb-brand?post=5682"},{"taxonomy":"product_brand","embeddable":true,"href":"https:\/\/jockyart.de\/de_de\/wp-json\/wp\/v2\/product_brand?post=5682"},{"taxonomy":"product_cat","embeddable":true,"href":"https:\/\/jockyart.de\/de_de\/wp-json\/wp\/v2\/product_cat?post=5682"},{"taxonomy":"product_tag","embeddable":true,"href":"https:\/\/jockyart.de\/de_de\/wp-json\/wp\/v2\/product_tag?post=5682"}],"curies":[{"name":"wp","href":"https:\/\/api.w.org\/{rel}","templated":true}]}}