{"id":5003,"date":"2022-11-19T22:42:42","date_gmt":"2022-11-19T21:42:42","guid":{"rendered":"https:\/\/jockyart.de\/?post_type=product&#038;p=5003"},"modified":"2025-11-23T12:01:04","modified_gmt":"2025-11-23T11:01:04","slug":"der-stern-grusskarte","status":"publish","type":"product","link":"https:\/\/jockyart.de\/de_de\/produkt\/der-stern-grusskarte\/","title":{"rendered":"Der Stern (Gru\u00dfkarte)"},"content":{"rendered":"<p>Es sind gerillte Klappkarten, DIN A6 Hochformat, 4-seitig auf 300 g\/m\u00b2 Bilderdruckpapier gedruckt. Je Karte gibt es ein neutrales DIN-C6-Kuvert dazu.<\/p>\n","protected":false},"excerpt":{"rendered":"<p>Der Stern von Bethlehem ist ein zentrales Symbol f\u00fcr Weihnachten. Hier habe ich ein sehr schlichtes Motiv \u00fcber einem Wald gew\u00e4hlt.<\/p>\n<p>Auf der Innenseite findet sich links das abgesoftete Bildmotiv mit dem simplen Vers:<\/p>\n<p><em>\u201eAls sie nun den Stern sahen, wurden sie hocherfreut.\u201c<\/em><br \/>\n<strong>Matth\u00e4us 2, 10<\/strong><\/p>\n<p>Zu jeder Gru\u00dfkarte bekommt ihr einen neutralen Umschlag dazu.<\/p>\n","protected":false},"featured_media":5004,"comment_status":"open","ping_status":"closed","template":"","meta":[],"pwb-brand":[],"product_brand":[],"product_cat":[51],"product_tag":[52,59,441,859,57,858],"class_list":{"0":"post-5003","1":"product","2":"type-product","3":"status-publish","4":"has-post-thumbnail","6":"product_cat-grusskarten","7":"product_tag-grusskarte","8":"product_tag-nacht","9":"product_tag-stern","10":"product_tag-wald","11":"product_tag-weihnachten","12":"product_tag-weihnachtsgrusskarte","14":"first","15":"instock","16":"purchasable","17":"product-type-simple"},"brands":[],"tiered_pricing_type":"fixed","tiered_pricing_fixed_rules":{"5":1.9,"10":1.8,"20":1.7},"tiered_pricing_product_settings":{"layout":"default","base_unit_name":{"singular":null,"plural":null},"default_variation":null},"tiered_pricing_minimum_quantity":null,"tiered_pricing_roles_data":[],"tiered_pricing_percentage_rules":[],"_links":{"self":[{"href":"https:\/\/jockyart.de\/de_de\/wp-json\/wp\/v2\/product\/5003","targetHints":{"allow":["GET"]}}],"collection":[{"href":"https:\/\/jockyart.de\/de_de\/wp-json\/wp\/v2\/product"}],"about":[{"href":"https:\/\/jockyart.de\/de_de\/wp-json\/wp\/v2\/types\/product"}],"replies":[{"embeddable":true,"href":"https:\/\/jockyart.de\/de_de\/wp-json\/wp\/v2\/comments?post=5003"}],"wp:featuredmedia":[{"embeddable":true,"href":"https:\/\/jockyart.de\/de_de\/wp-json\/wp\/v2\/media\/5004"}],"wp:attachment":[{"href":"https:\/\/jockyart.de\/de_de\/wp-json\/wp\/v2\/media?parent=5003"}],"wp:term":[{"taxonomy":"pwb-brand","embeddable":true,"href":"https:\/\/jockyart.de\/de_de\/wp-json\/wp\/v2\/pwb-brand?post=5003"},{"taxonomy":"product_brand","embeddable":true,"href":"https:\/\/jockyart.de\/de_de\/wp-json\/wp\/v2\/product_brand?post=5003"},{"taxonomy":"product_cat","embeddable":true,"href":"https:\/\/jockyart.de\/de_de\/wp-json\/wp\/v2\/product_cat?post=5003"},{"taxonomy":"product_tag","embeddable":true,"href":"https:\/\/jockyart.de\/de_de\/wp-json\/wp\/v2\/product_tag?post=5003"}],"curies":[{"name":"wp","href":"https:\/\/api.w.org\/{rel}","templated":true}]}}