{"id":4450,"date":"2022-10-14T12:31:09","date_gmt":"2022-10-14T10:31:09","guid":{"rendered":"https:\/\/jockyart.de\/?post_type=product&#038;p=4450"},"modified":"2022-10-14T12:44:34","modified_gmt":"2022-10-14T10:44:34","slug":"wunden-verwandelt-in-herrlichkeit-prints","status":"publish","type":"product","link":"https:\/\/jockyart.de\/de_de\/produkt\/wunden-verwandelt-in-herrlichkeit-prints\/","title":{"rendered":"Wunden verwandelt in Herrlichkeit (Prints)"},"content":{"rendered":"<p>In dieser Kategorie k\u00f6nnt ihr von meinen Bildern Reproduktionen in verschiedenen Gr\u00f6\u00dfen und Qualit\u00e4ten bestellen. Andere Sonderanfertigungen sind m\u00f6glich.<br \/>\nWenn ihr eine Reproduktion von Bildern haben wollt, die hier nicht gelistet sind, schreibt mich gerne an :).<\/p>\n<p>4 Arbeitstage Lieferzeit nach Bestellung beim Hersteller der Reproduktion.<\/p>\n","protected":false},"excerpt":{"rendered":"<p>Das Orginal dieses spontanen, prophetischen Bildes entstand auf einem Seminar mit Katja Vosseler. In unserem Leben erleben wir immer wieder tiefe Verletzungen, die unser Leben nachhaltig ver\u00e4ndern. Wir glauben oft, dass wir nie dar\u00fcber hinweg kommen werden. Aber durch Jesus k\u00f6nnen diese Wunden in der Weise geheilt werden, dass die Narben sich in Diamanten verwandeln. Wir k\u00f6nnen anderen helfen, die \u00e4hnliches durchlitten haben und ihnen den Weg zur Heilung aufzeigen. Unsere Wunden verwandeln sich in Herrlichkeit!<\/p>\n<p>Copyright 2022 by <em><a href=\"https:\/\/www.jockyart.de\/\" target=\"_blank\" rel=\"noopener noreferrer\">JockyArt.de<\/a><\/em><\/p>\n","protected":false},"featured_media":4449,"comment_status":"open","ping_status":"closed","template":"","meta":[],"pwb-brand":[],"product_brand":[],"product_cat":[403],"product_tag":[56,817,485,22,405,818,70,819],"class_list":{"0":"post-4450","1":"product","2":"type-product","3":"status-publish","4":"has-post-thumbnail","6":"product_cat-prints","7":"product_tag-buntstift","8":"product_tag-diamant","9":"product_tag-herrlichkeit","10":"product_tag-kunstdrucke","11":"product_tag-kuenstleraquarellstifte","12":"product_tag-poster","13":"product_tag-prophetische-kunst","14":"product_tag-wunde","15":"product_shipping_class-haendler","17":"first","18":"instock","19":"purchasable","20":"product-type-variable"},"brands":[],"tiered_pricing_type":"fixed","tiered_pricing_fixed_rules":[],"tiered_pricing_product_settings":{"layout":"default","base_unit_name":{"singular":null,"plural":null},"default_variation":null},"tiered_pricing_minimum_quantity":null,"tiered_pricing_roles_data":[],"tiered_pricing_percentage_rules":[],"_links":{"self":[{"href":"https:\/\/jockyart.de\/de_de\/wp-json\/wp\/v2\/product\/4450","targetHints":{"allow":["GET"]}}],"collection":[{"href":"https:\/\/jockyart.de\/de_de\/wp-json\/wp\/v2\/product"}],"about":[{"href":"https:\/\/jockyart.de\/de_de\/wp-json\/wp\/v2\/types\/product"}],"replies":[{"embeddable":true,"href":"https:\/\/jockyart.de\/de_de\/wp-json\/wp\/v2\/comments?post=4450"}],"wp:featuredmedia":[{"embeddable":true,"href":"https:\/\/jockyart.de\/de_de\/wp-json\/wp\/v2\/media\/4449"}],"wp:attachment":[{"href":"https:\/\/jockyart.de\/de_de\/wp-json\/wp\/v2\/media?parent=4450"}],"wp:term":[{"taxonomy":"pwb-brand","embeddable":true,"href":"https:\/\/jockyart.de\/de_de\/wp-json\/wp\/v2\/pwb-brand?post=4450"},{"taxonomy":"product_brand","embeddable":true,"href":"https:\/\/jockyart.de\/de_de\/wp-json\/wp\/v2\/product_brand?post=4450"},{"taxonomy":"product_cat","embeddable":true,"href":"https:\/\/jockyart.de\/de_de\/wp-json\/wp\/v2\/product_cat?post=4450"},{"taxonomy":"product_tag","embeddable":true,"href":"https:\/\/jockyart.de\/de_de\/wp-json\/wp\/v2\/product_tag?post=4450"}],"curies":[{"name":"wp","href":"https:\/\/api.w.org\/{rel}","templated":true}]}}