{"id":348,"date":"2022-04-01T17:26:20","date_gmt":"2022-04-01T15:26:20","guid":{"rendered":"https:\/\/jockyart.de\/?post_type=product&#038;p=348"},"modified":"2025-03-22T20:04:44","modified_gmt":"2025-03-22T19:04:44","slug":"kuscheldecke","status":"publish","type":"product","link":"https:\/\/jockyart.de\/de_de\/produkt\/kuscheldecke\/","title":{"rendered":"Kuscheldecke"},"content":{"rendered":"<figure id=\"attachment_910\" aria-describedby=\"caption-attachment-910\" style=\"width: 980px\" class=\"wp-caption alignnone\"><a href=\"https:\/\/youtu.be\/2ODVXn_LEYM\" target=\"_blank\" rel=\"noopener\"><img loading=\"lazy\" decoding=\"async\" class=\"wp-image-910 size-large\" title=\"Klicke auf das Bild, um das Video auf YouTube anzuschauen\" src=\"https:\/\/jockyart.de\/wp-content\/uploads\/2022\/04\/Thumb_JockyArt_Kuscheldecke-1024x576.jpg\" alt=\"JockyArt -Kuscheldecke\" width=\"980\" height=\"551\" srcset=\"https:\/\/jockyart.de\/wp-content\/uploads\/2022\/04\/Thumb_JockyArt_Kuscheldecke-1024x576.jpg 1024w, https:\/\/jockyart.de\/wp-content\/uploads\/2022\/04\/Thumb_JockyArt_Kuscheldecke-324x182.jpg 324w, https:\/\/jockyart.de\/wp-content\/uploads\/2022\/04\/Thumb_JockyArt_Kuscheldecke-416x234.jpg 416w, https:\/\/jockyart.de\/wp-content\/uploads\/2022\/04\/Thumb_JockyArt_Kuscheldecke-1536x864.jpg 1536w, https:\/\/jockyart.de\/wp-content\/uploads\/2022\/04\/Thumb_JockyArt_Kuscheldecke-18x10.jpg 18w, https:\/\/jockyart.de\/wp-content\/uploads\/2022\/04\/Thumb_JockyArt_Kuscheldecke-300x169.jpg 300w, https:\/\/jockyart.de\/wp-content\/uploads\/2022\/04\/Thumb_JockyArt_Kuscheldecke-768x432.jpg 768w, https:\/\/jockyart.de\/wp-content\/uploads\/2022\/04\/Thumb_JockyArt_Kuscheldecke.jpg 1920w\" sizes=\"auto, (max-width: 980px) 100vw, 980px\" \/><\/a><figcaption id=\"caption-attachment-910\" class=\"wp-caption-text\">Klicke auf das Bild, um das Video auf YouTube anzuschauen<\/figcaption><\/figure>\n<p>Bild als Premium Kuscheldecke<\/p>\n<ul>\n<li class=\"\">Kuscheliger Pl\u00fcsch<\/li>\n<li class=\"\">Brillante, geruchlose Farben<\/li>\n<li class=\"\">Waschmaschinenfest<\/li>\n<\/ul>\n<table border=\"0\" width=\"320\" cellspacing=\"5\" cellpadding=\"0\">\n<tbody>\n<tr>\n<td><strong>Formate<\/strong><\/td>\n<td><strong>Normal<\/strong><\/td>\n<td><strong>Rabatt<\/strong><\/td>\n<\/tr>\n<tr>\n<td>70 x 100 cm<\/td>\n<td><s>120, &#8211; \u20ac<\/s><\/td>\n<td><span style=\"color: #800080;\"><strong>55, &#8211; \u20ac<\/strong><\/span><\/td>\n<\/tr>\n<tr>\n<td>100 x 150 cm<\/td>\n<td><s>180, &#8211; \u20ac<\/s><\/td>\n<td><span style=\"color: #800080;\"><strong>75, &#8211; \u20ac<\/strong><\/span><\/td>\n<\/tr>\n<tr>\n<td>150 x 200 cm<\/td>\n<td><s>220, &#8211; \u20ac<\/s><\/td>\n<td><span style=\"color: #800080;\"><strong>95, &#8211; \u20ac<\/strong><\/span><\/td>\n<\/tr>\n<\/tbody>\n<\/table>\n<p><strong><img loading=\"lazy\" decoding=\"async\" class=\"alignnone size-large wp-image-27676\" src=\"https:\/\/www.jocky.de\/wp-content\/uploads\/2021\/10\/Formate_Kuscheldecke-640x440.png\" alt=\"\" width=\"640\" height=\"440\" \/><\/strong><\/p>\n","protected":false},"excerpt":{"rendered":"<p>Was f\u00fcr eine wunderbare M\u00f6glichkeit eine flauschige Kuscheldecke mit einem Bild von mir zu bestellen. Das Motiv &#8220;<strong>Umh\u00fcllt von der Liebe Gottes<\/strong>&#8221; ist daf\u00fcr ideal geeignet.<br \/>\nEs sind nat\u00fcrlich auch andere Motive m\u00f6glich. Schreibt mich einfach an, welches meiner Bilder ihr auf die Decke gedruckt haben wollt.<\/p>\n<p><strong>Kostenlose Lieferung!<\/strong><\/p>\n","protected":false},"featured_media":353,"comment_status":"open","ping_status":"closed","template":"","meta":[],"pwb-brand":[],"product_brand":[],"product_cat":[138],"product_tag":[],"class_list":{"0":"post-348","1":"product","2":"type-product","3":"status-publish","4":"has-post-thumbnail","6":"product_cat-kuscheldecke","7":"product_shipping_class-haendler","9":"first","10":"instock","11":"sale","12":"purchasable","13":"product-type-variable"},"brands":[],"tiered_pricing_type":"fixed","tiered_pricing_fixed_rules":[],"tiered_pricing_product_settings":{"layout":"default","base_unit_name":{"singular":null,"plural":null},"default_variation":null},"tiered_pricing_minimum_quantity":null,"tiered_pricing_roles_data":[],"tiered_pricing_percentage_rules":[],"_links":{"self":[{"href":"https:\/\/jockyart.de\/de_de\/wp-json\/wp\/v2\/product\/348","targetHints":{"allow":["GET"]}}],"collection":[{"href":"https:\/\/jockyart.de\/de_de\/wp-json\/wp\/v2\/product"}],"about":[{"href":"https:\/\/jockyart.de\/de_de\/wp-json\/wp\/v2\/types\/product"}],"replies":[{"embeddable":true,"href":"https:\/\/jockyart.de\/de_de\/wp-json\/wp\/v2\/comments?post=348"}],"wp:featuredmedia":[{"embeddable":true,"href":"https:\/\/jockyart.de\/de_de\/wp-json\/wp\/v2\/media\/353"}],"wp:attachment":[{"href":"https:\/\/jockyart.de\/de_de\/wp-json\/wp\/v2\/media?parent=348"}],"wp:term":[{"taxonomy":"pwb-brand","embeddable":true,"href":"https:\/\/jockyart.de\/de_de\/wp-json\/wp\/v2\/pwb-brand?post=348"},{"taxonomy":"product_brand","embeddable":true,"href":"https:\/\/jockyart.de\/de_de\/wp-json\/wp\/v2\/product_brand?post=348"},{"taxonomy":"product_cat","embeddable":true,"href":"https:\/\/jockyart.de\/de_de\/wp-json\/wp\/v2\/product_cat?post=348"},{"taxonomy":"product_tag","embeddable":true,"href":"https:\/\/jockyart.de\/de_de\/wp-json\/wp\/v2\/product_tag?post=348"}],"curies":[{"name":"wp","href":"https:\/\/api.w.org\/{rel}","templated":true}]}}