{"id":2888,"date":"2022-06-24T11:48:09","date_gmt":"2022-06-24T09:48:09","guid":{"rendered":"https:\/\/jockyart.de\/?post_type=product&#038;p=2888"},"modified":"2022-06-24T12:20:43","modified_gmt":"2022-06-24T10:20:43","slug":"jesus-jesus-you-make-the-darkness-tremble-leinwand","status":"publish","type":"product","link":"https:\/\/jockyart.de\/de_de\/produkt\/jesus-jesus-you-make-the-darkness-tremble-leinwand\/","title":{"rendered":"Jesus, Jesus, you make the darkness tremble (Leinwand)"},"content":{"rendered":"<p>In der Kategorie &#8220;Leinwand&#8221; k\u00f6nnt ihr von meinen Bildern Reproduktionen auf Leinwand in verschiedenen Gr\u00f6\u00dfen und Qualit\u00e4ten bestellen. Auf Wunsch gerne auch mit Rahmen, sprecht mich dazu bitte an.<br \/>\nAndere Reproduktionen als Kunstdruck oder Poster unter &#8220;<a href=\"\/produkt-kategorie\/prints\/\" target=\"_blank\" rel=\"noopener\">Prints<\/a>&#8221; bestellbar.<br \/>\nWenn ihr eine Reproduktion von Bildern haben wollt, die hier nicht gelistet sind, schreibt mich gerne an :).<\/p>\n<p>4 Arbeitstage Lieferzeit nach Bestellung beim Hersteller der Reproduktion.<\/p>\n","protected":false},"excerpt":{"rendered":"<p>In diesem Bild habe ich eine Zeile von dem Lied \u201eTremble\u201c visualisiert:<\/p>\n<table width=\"640\">\n<tbody>\n<tr>\n<td>Jesus, Jesus, You make the darkness tremble<br \/>\nJesus, Jesus, You silence fear<br \/>\nJesus, Jesus, You make the darkness tremble<br \/>\nJesus, Jesus<\/td>\n<td>Jesus, Jesus, Du l\u00e4sst die Dunkelheit ersch\u00fcttern<br \/>\nJesus, Jesus, Du bringst Angst zum Schweigen<br \/>\nJesus, Jesus, Du l\u00e4sst die Dunkelheit ersch\u00fcttern<br \/>\nJesus, Jesus<\/td>\n<\/tr>\n<\/tbody>\n<\/table>\n<p>\u00a9 Copyright 2022 by <em><a href=\"https:\/\/www.jocky.de\/\" target=\"_blank\" rel=\"noopener noreferrer\">Jocky.de<\/a><\/em><\/p>\n","protected":false},"featured_media":2895,"comment_status":"open","ping_status":"closed","template":"","meta":[],"pwb-brand":[],"product_brand":[],"product_cat":[753],"product_tag":[56,756,48,64,405,754,420,70],"class_list":{"0":"post-2888","1":"product","2":"type-product","3":"status-publish","4":"has-post-thumbnail","6":"product_cat-leinwand","7":"product_tag-buntstift","8":"product_tag-erzittern","9":"product_tag-finsternis","10":"product_tag-jesus","11":"product_tag-kuenstleraquarellstifte","12":"product_tag-leinwand","13":"product_tag-lobpreis","14":"product_tag-prophetische-kunst","15":"product_shipping_class-haendler","17":"first","18":"instock","19":"purchasable","20":"product-type-variable"},"brands":[],"tiered_pricing_type":"fixed","tiered_pricing_fixed_rules":[],"tiered_pricing_product_settings":{"layout":"default","base_unit_name":{"singular":null,"plural":null},"default_variation":null},"tiered_pricing_minimum_quantity":null,"tiered_pricing_roles_data":[],"tiered_pricing_percentage_rules":[],"_links":{"self":[{"href":"https:\/\/jockyart.de\/de_de\/wp-json\/wp\/v2\/product\/2888","targetHints":{"allow":["GET"]}}],"collection":[{"href":"https:\/\/jockyart.de\/de_de\/wp-json\/wp\/v2\/product"}],"about":[{"href":"https:\/\/jockyart.de\/de_de\/wp-json\/wp\/v2\/types\/product"}],"replies":[{"embeddable":true,"href":"https:\/\/jockyart.de\/de_de\/wp-json\/wp\/v2\/comments?post=2888"}],"wp:featuredmedia":[{"embeddable":true,"href":"https:\/\/jockyart.de\/de_de\/wp-json\/wp\/v2\/media\/2895"}],"wp:attachment":[{"href":"https:\/\/jockyart.de\/de_de\/wp-json\/wp\/v2\/media?parent=2888"}],"wp:term":[{"taxonomy":"pwb-brand","embeddable":true,"href":"https:\/\/jockyart.de\/de_de\/wp-json\/wp\/v2\/pwb-brand?post=2888"},{"taxonomy":"product_brand","embeddable":true,"href":"https:\/\/jockyart.de\/de_de\/wp-json\/wp\/v2\/product_brand?post=2888"},{"taxonomy":"product_cat","embeddable":true,"href":"https:\/\/jockyart.de\/de_de\/wp-json\/wp\/v2\/product_cat?post=2888"},{"taxonomy":"product_tag","embeddable":true,"href":"https:\/\/jockyart.de\/de_de\/wp-json\/wp\/v2\/product_tag?post=2888"}],"curies":[{"name":"wp","href":"https:\/\/api.w.org\/{rel}","templated":true}]}}