{"id":288,"date":"2022-04-01T13:34:37","date_gmt":"2022-04-01T11:34:37","guid":{"rendered":"https:\/\/jockyart.de\/?post_type=product&#038;p=288"},"modified":"2025-03-23T04:06:15","modified_gmt":"2025-03-23T03:06:15","slug":"premium-kissen","status":"publish","type":"product","link":"https:\/\/jockyart.de\/de_de\/produkt\/premium-kissen\/","title":{"rendered":"Tanzender Stern (Premium Kissen)"},"content":{"rendered":"<p>Ich bestelle die Kissen nach eurem Wunsch und gebe sie dann in Auftrag. Sie sind nicht vorr\u00e4tig.<br \/>\n<strong>8 Arbeitstage<\/strong> Lieferzeit und <strong>kostenlose Lieferung<\/strong>.<\/p>\n<p>Es gibt die Kissen in 3 Gr\u00f6\u00dfen.<\/p>\n<p>In diesem Video bekommt ihr Einblick in Qualit\u00e4t und Verpackung des Kissens:<br \/>\n<iframe loading=\"lazy\" title=\"YouTube video player\" src=\"https:\/\/www.youtube.com\/embed\/Pj_0IcbxfZY\" width=\"509\" height=\"287\" frameborder=\"0\" allowfullscreen=\"allowfullscreen\"><\/iframe><\/p>\n","protected":false},"excerpt":{"rendered":"<p>Ganz toll ist es meine Bilder auf Kissen drucken zu lassen. Die Kissenbez\u00fcge und die Kissen selber sind maschinenwaschbar. Die Bez\u00fcge sind doppelseitig bedruckbar.<br \/>\nEinige Motive durfte ich schon drucken lassen. Weitere Motive sind m\u00f6glich, so fern sie quadratisch gut aussehen.<\/p>\n<p>Bitte gebt an, ob ihr das <strong>gleiche Motiv<\/strong> nochmal oder eine <strong>Farbe<\/strong> auf der R\u00fcckseite haben wollt. Es ist auch m\u00f6glich, ein anderes Motiv auf die R\u00fcckseite zu drucken.<\/p>\n<p><strong>Kostenlose Lieferung!<\/strong><\/p>\n","protected":false},"featured_media":324,"comment_status":"open","ping_status":"closed","template":"","meta":[],"pwb-brand":[],"product_brand":[],"product_cat":[137],"product_tag":[122,36,136,135,140],"class_list":{"0":"post-288","1":"product","2":"type-product","3":"status-publish","4":"has-post-thumbnail","6":"product_cat-premiumkissen","7":"product_tag-geborgenheit","8":"product_tag-kreativitaet","9":"product_tag-premium-kissen","10":"product_tag-sonderanfertigung","11":"product_tag-tanzender-stern","12":"product_shipping_class-haendler","14":"first","15":"instock","16":"purchasable","17":"product-type-variable"},"brands":[],"tiered_pricing_type":"fixed","tiered_pricing_fixed_rules":[],"tiered_pricing_product_settings":{"layout":"default","base_unit_name":{"singular":null,"plural":null},"default_variation":null},"tiered_pricing_minimum_quantity":null,"tiered_pricing_roles_data":[],"tiered_pricing_percentage_rules":[],"_links":{"self":[{"href":"https:\/\/jockyart.de\/de_de\/wp-json\/wp\/v2\/product\/288","targetHints":{"allow":["GET"]}}],"collection":[{"href":"https:\/\/jockyart.de\/de_de\/wp-json\/wp\/v2\/product"}],"about":[{"href":"https:\/\/jockyart.de\/de_de\/wp-json\/wp\/v2\/types\/product"}],"replies":[{"embeddable":true,"href":"https:\/\/jockyart.de\/de_de\/wp-json\/wp\/v2\/comments?post=288"}],"wp:featuredmedia":[{"embeddable":true,"href":"https:\/\/jockyart.de\/de_de\/wp-json\/wp\/v2\/media\/324"}],"wp:attachment":[{"href":"https:\/\/jockyart.de\/de_de\/wp-json\/wp\/v2\/media?parent=288"}],"wp:term":[{"taxonomy":"pwb-brand","embeddable":true,"href":"https:\/\/jockyart.de\/de_de\/wp-json\/wp\/v2\/pwb-brand?post=288"},{"taxonomy":"product_brand","embeddable":true,"href":"https:\/\/jockyart.de\/de_de\/wp-json\/wp\/v2\/product_brand?post=288"},{"taxonomy":"product_cat","embeddable":true,"href":"https:\/\/jockyart.de\/de_de\/wp-json\/wp\/v2\/product_cat?post=288"},{"taxonomy":"product_tag","embeddable":true,"href":"https:\/\/jockyart.de\/de_de\/wp-json\/wp\/v2\/product_tag?post=288"}],"curies":[{"name":"wp","href":"https:\/\/api.w.org\/{rel}","templated":true}]}}