{"id":265,"date":"2022-04-01T11:27:40","date_gmt":"2022-04-01T09:27:40","guid":{"rendered":"https:\/\/jockyart.de\/?post_type=product&#038;p=265"},"modified":"2022-06-24T16:04:30","modified_gmt":"2022-06-24T14:04:30","slug":"guard-your-heart","status":"publish","type":"product","link":"https:\/\/jockyart.de\/de_de\/produkt\/guard-your-heart\/","title":{"rendered":"Guard your Heart (Postkarte)"},"content":{"rendered":"","protected":false},"excerpt":{"rendered":"<p>Eine sehr plastische Bibelstelle, die uns dazu auffordert auf unser Herz aufzupassen. Denn der Zustand unserers Herzens (ob wir verbittert, fr\u00f6hlich oder betr\u00fcbt sind), hat Auswirkungen auf unser ganzes Leben. Denn was in unserem Herzen ist, flie\u00dft in unser Leben.<\/p>\n<p>\u00dcber diesen Vers habe ich mal eine Predigt gehalten, das entsprechende Video dazu, k\u00f6nnt ihr hier anschauen: <a href=\"https:\/\/youtu.be\/kuTclZSd32Q\" target=\"_blank\" rel=\"noopener\">klick<\/a><\/p>\n","protected":false},"featured_media":268,"comment_status":"open","ping_status":"closed","template":"","meta":[],"pwb-brand":[],"product_brand":[],"product_cat":[67],"product_tag":[488,486,487,79,490,91,70,489],"class_list":{"0":"post-265","1":"product","2":"type-product","3":"status-publish","4":"has-post-thumbnail","6":"product_cat-postkartena6","7":"product_tag-behueten","8":"product_tag-guard","9":"product_tag-heart","10":"product_tag-herz","11":"product_tag-leben","12":"product_tag-postkarte","13":"product_tag-prophetische-kunst","14":"product_tag-quelle","16":"first","17":"instock","18":"purchasable","19":"product-type-simple"},"brands":[],"tiered_pricing_type":"fixed","tiered_pricing_fixed_rules":[],"tiered_pricing_product_settings":{"layout":"default","base_unit_name":{"singular":null,"plural":null},"default_variation":null},"tiered_pricing_minimum_quantity":null,"tiered_pricing_roles_data":[],"tiered_pricing_percentage_rules":[],"_links":{"self":[{"href":"https:\/\/jockyart.de\/de_de\/wp-json\/wp\/v2\/product\/265","targetHints":{"allow":["GET"]}}],"collection":[{"href":"https:\/\/jockyart.de\/de_de\/wp-json\/wp\/v2\/product"}],"about":[{"href":"https:\/\/jockyart.de\/de_de\/wp-json\/wp\/v2\/types\/product"}],"replies":[{"embeddable":true,"href":"https:\/\/jockyart.de\/de_de\/wp-json\/wp\/v2\/comments?post=265"}],"wp:featuredmedia":[{"embeddable":true,"href":"https:\/\/jockyart.de\/de_de\/wp-json\/wp\/v2\/media\/268"}],"wp:attachment":[{"href":"https:\/\/jockyart.de\/de_de\/wp-json\/wp\/v2\/media?parent=265"}],"wp:term":[{"taxonomy":"pwb-brand","embeddable":true,"href":"https:\/\/jockyart.de\/de_de\/wp-json\/wp\/v2\/pwb-brand?post=265"},{"taxonomy":"product_brand","embeddable":true,"href":"https:\/\/jockyart.de\/de_de\/wp-json\/wp\/v2\/product_brand?post=265"},{"taxonomy":"product_cat","embeddable":true,"href":"https:\/\/jockyart.de\/de_de\/wp-json\/wp\/v2\/product_cat?post=265"},{"taxonomy":"product_tag","embeddable":true,"href":"https:\/\/jockyart.de\/de_de\/wp-json\/wp\/v2\/product_tag?post=265"}],"curies":[{"name":"wp","href":"https:\/\/api.w.org\/{rel}","templated":true}]}}