{"id":258,"date":"2022-04-01T11:19:50","date_gmt":"2022-04-01T09:19:50","guid":{"rendered":"https:\/\/jockyart.de\/?post_type=product&#038;p=258"},"modified":"2022-06-24T16:04:26","modified_gmt":"2022-06-24T14:04:26","slug":"tiefstes-herz","status":"publish","type":"product","link":"https:\/\/jockyart.de\/de_de\/produkt\/tiefstes-herz\/","title":{"rendered":"Tiefstes Herz (Postkarte)"},"content":{"rendered":"","protected":false},"excerpt":{"rendered":"<p>Vor Jahren hatte ich einen prophetischen Eindruck auf dem Freaksleitertraining (FLT) in N\u00fcrnberg. Das Bild hat mich sehr ber\u00fchrt, ich habe es immer wieder gezeichnet und Leuten geschenkt, die es auch sehr ber\u00fchrt hat.<\/p>\n<p>Es gibt ja einen Ort in unserm Herzen, der so tief drin ist, dass wir da selber gar nicht hinkommen, ja, dass wir ihn gar nicht anschauen wollen. Wir haben Angst davor, weil wir meinen, dass es da eklig, dreckig und schmutzig ist. Wir sch\u00e4men uns davor und fragen uns, ob Gott diesen Ort \u00fcberhaupt kennt.<\/p>\n<p>In diesem Eindruck sah ich diesen Ort in Form einer dunklen H\u00f6hle, wo es nur einen ganz kleinen Spalt an die Oberfl\u00e4che und zum Sonnenlicht gab. Hier drang niemals Licht herein. Nur einmal im Jahr, wenn die Sonne eine ganz bestimmte Position am Himmel hatte, konnte ein Lichtstrahl bis zum Boden herunter dringen. So wie in diesen Kathedralen, wo es ein winziges Loch in der Mauer gibt. Wenn die Sonne richtig steht, wie zur Sonnenwende, w\u00fcrde das Licht da hindurch scheinen auf einen bestimmten markierten Platz am Boden.<\/p>\n<p>Und so drang der Lichtstrahl Gottes an den tiefsten Ort meines Herzens, das normalerweise in tiefster Dunkelheit ist. Doch wieder Erwarten war es da nicht eklig, stinkig oder schmutzig. Nein, hier wuchs eine wundersch\u00f6ne Rose!<\/p>\n<p>Gott kennt deinen tiefsten Ort des Herzens, wo es wehtut. Und dort ist Sch\u00f6nheit! Also habe keine Angst vor diesen Ort!<\/p>\n","protected":false},"featured_media":260,"comment_status":"open","ping_status":"closed","template":"","meta":[],"pwb-brand":[],"product_brand":[],"product_cat":[67],"product_tag":[79,115,91,70,114,113],"class_list":{"0":"post-258","1":"product","2":"type-product","3":"status-publish","4":"has-post-thumbnail","6":"product_cat-postkartena6","7":"product_tag-herz","8":"product_tag-leid","9":"product_tag-postkarte","10":"product_tag-prophetische-kunst","11":"product_tag-rose","12":"product_tag-tiefstes","14":"first","15":"instock","16":"purchasable","17":"product-type-simple"},"brands":[],"tiered_pricing_type":"fixed","tiered_pricing_fixed_rules":[],"tiered_pricing_product_settings":{"layout":"default","base_unit_name":{"singular":null,"plural":null},"default_variation":null},"tiered_pricing_minimum_quantity":null,"tiered_pricing_roles_data":[],"tiered_pricing_percentage_rules":[],"_links":{"self":[{"href":"https:\/\/jockyart.de\/de_de\/wp-json\/wp\/v2\/product\/258","targetHints":{"allow":["GET"]}}],"collection":[{"href":"https:\/\/jockyart.de\/de_de\/wp-json\/wp\/v2\/product"}],"about":[{"href":"https:\/\/jockyart.de\/de_de\/wp-json\/wp\/v2\/types\/product"}],"replies":[{"embeddable":true,"href":"https:\/\/jockyart.de\/de_de\/wp-json\/wp\/v2\/comments?post=258"}],"wp:featuredmedia":[{"embeddable":true,"href":"https:\/\/jockyart.de\/de_de\/wp-json\/wp\/v2\/media\/260"}],"wp:attachment":[{"href":"https:\/\/jockyart.de\/de_de\/wp-json\/wp\/v2\/media?parent=258"}],"wp:term":[{"taxonomy":"pwb-brand","embeddable":true,"href":"https:\/\/jockyart.de\/de_de\/wp-json\/wp\/v2\/pwb-brand?post=258"},{"taxonomy":"product_brand","embeddable":true,"href":"https:\/\/jockyart.de\/de_de\/wp-json\/wp\/v2\/product_brand?post=258"},{"taxonomy":"product_cat","embeddable":true,"href":"https:\/\/jockyart.de\/de_de\/wp-json\/wp\/v2\/product_cat?post=258"},{"taxonomy":"product_tag","embeddable":true,"href":"https:\/\/jockyart.de\/de_de\/wp-json\/wp\/v2\/product_tag?post=258"}],"curies":[{"name":"wp","href":"https:\/\/api.w.org\/{rel}","templated":true}]}}