{"id":249,"date":"2022-04-01T00:04:00","date_gmt":"2022-03-31T22:04:00","guid":{"rendered":"https:\/\/jockyart.de\/?post_type=product&#038;p=249"},"modified":"2024-11-10T15:44:42","modified_gmt":"2024-11-10T14:44:42","slug":"aus-der-tiefe","status":"publish","type":"product","link":"https:\/\/jockyart.de\/de_de\/produkt\/aus-der-tiefe\/","title":{"rendered":"Aus der Tiefe (Postkarte)"},"content":{"rendered":"","protected":false},"excerpt":{"rendered":"<p>Wenn dir das Leben grade wie die H\u00f6lle vorkommt oder f\u00fchlst dich wie in einer dunklen H\u00f6hle, dann schrei zu Gott, der dir als Einziger wirklich helfen kann.<br \/>\nSein Licht und Seine Gegenwart wird mit dir sein.<\/p>\n<p>&#8220;Aus der Tiefe rufe ich, HERR, zu dir. &#8221;<br \/>\n<strong>Psalm 130, 1<\/strong><\/p>\n","protected":false},"featured_media":250,"comment_status":"open","ping_status":"closed","template":"","meta":{"jetpack_post_was_ever_published":false},"pwb-brand":[],"product_brand":[],"product_cat":[67],"product_tag":[103,96,104,91,102,106,105],"class_list":{"0":"post-249","1":"product","2":"type-product","3":"status-publish","4":"has-post-thumbnail","6":"product_cat-postkartena6","7":"product_tag-aus-der-tiefe","8":"product_tag-cartoon","9":"product_tag-dunkelheit","10":"product_tag-postkarte","11":"product_tag-tiefe","12":"product_tag-trauer","13":"product_tag-verzweiflung","15":"first","16":"instock","17":"purchasable","18":"product-type-simple"},"jetpack-related-posts":[],"jetpack_sharing_enabled":true,"brands":[],"tiered_pricing_type":"fixed","tiered_pricing_fixed_rules":[],"tiered_pricing_product_settings":{"layout":"default","base_unit_name":{"singular":null,"plural":null},"default_variation":null},"tiered_pricing_minimum_quantity":null,"tiered_pricing_roles_data":[],"tiered_pricing_percentage_rules":[],"_links":{"self":[{"href":"https:\/\/jockyart.de\/de_de\/wp-json\/wp\/v2\/product\/249","targetHints":{"allow":["GET"]}}],"collection":[{"href":"https:\/\/jockyart.de\/de_de\/wp-json\/wp\/v2\/product"}],"about":[{"href":"https:\/\/jockyart.de\/de_de\/wp-json\/wp\/v2\/types\/product"}],"replies":[{"embeddable":true,"href":"https:\/\/jockyart.de\/de_de\/wp-json\/wp\/v2\/comments?post=249"}],"wp:featuredmedia":[{"embeddable":true,"href":"https:\/\/jockyart.de\/de_de\/wp-json\/wp\/v2\/media\/250"}],"wp:attachment":[{"href":"https:\/\/jockyart.de\/de_de\/wp-json\/wp\/v2\/media?parent=249"}],"wp:term":[{"taxonomy":"pwb-brand","embeddable":true,"href":"https:\/\/jockyart.de\/de_de\/wp-json\/wp\/v2\/pwb-brand?post=249"},{"taxonomy":"product_brand","embeddable":true,"href":"https:\/\/jockyart.de\/de_de\/wp-json\/wp\/v2\/product_brand?post=249"},{"taxonomy":"product_cat","embeddable":true,"href":"https:\/\/jockyart.de\/de_de\/wp-json\/wp\/v2\/product_cat?post=249"},{"taxonomy":"product_tag","embeddable":true,"href":"https:\/\/jockyart.de\/de_de\/wp-json\/wp\/v2\/product_tag?post=249"}],"curies":[{"name":"wp","href":"https:\/\/api.w.org\/{rel}","templated":true}]}}