{"id":246,"date":"2022-03-31T23:57:00","date_gmt":"2022-03-31T21:57:00","guid":{"rendered":"https:\/\/jockyart.de\/?post_type=product&#038;p=246"},"modified":"2022-06-24T16:04:13","modified_gmt":"2022-06-24T14:04:13","slug":"warum-gibst-du-dich-mit-so-wenig-zufrieden","status":"publish","type":"product","link":"https:\/\/jockyart.de\/de_de\/produkt\/warum-gibst-du-dich-mit-so-wenig-zufrieden\/","title":{"rendered":"Warum gibst du dich mit so wenig zufrieden? (Postkarte)"},"content":{"rendered":"","protected":false},"excerpt":{"rendered":"<p>Idee f\u00fcr diese Zeichnung kam mir auf der Esoterikmesse in Manchester als ich mich mit einer Frau unterhielt, die dauernd von alle m\u00f6glichen Engeln sprach, die f\u00fcr alles m\u00f6gliche zust\u00e4ndig waren.<br \/>\nSie wollte aber nicht zu Gott beten, weil der ja so besch\u00e4ftigt w\u00e4re\u2026 tsts.<\/p>\n<p>Ein Engel ist im Vergleich zum Daumen Gottes sehr klein. Also:<br \/>\nWarum gibst Du Dich mit so wenig zufrieden, wenn es jemanden gibt, der soviel gr\u00f6\u00dfer ist?<\/p>\n","protected":false},"featured_media":247,"comment_status":"open","ping_status":"closed","template":"","meta":[],"pwb-brand":[],"product_brand":[],"product_cat":[67],"product_tag":[96,99,98,97,100,91,101],"class_list":{"0":"post-246","1":"product","2":"type-product","3":"status-publish","4":"has-post-thumbnail","6":"product_cat-postkartena6","7":"product_tag-cartoon","8":"product_tag-daumen","9":"product_tag-engel","10":"product_tag-esoterikmesse","11":"product_tag-gott","12":"product_tag-postkarte","13":"product_tag-zufrieden","15":"first","16":"instock","17":"purchasable","18":"product-type-simple"},"brands":[],"tiered_pricing_type":"fixed","tiered_pricing_fixed_rules":[],"tiered_pricing_product_settings":{"layout":"default","base_unit_name":{"singular":null,"plural":null},"default_variation":null},"tiered_pricing_minimum_quantity":null,"tiered_pricing_roles_data":[],"tiered_pricing_percentage_rules":[],"_links":{"self":[{"href":"https:\/\/jockyart.de\/de_de\/wp-json\/wp\/v2\/product\/246","targetHints":{"allow":["GET"]}}],"collection":[{"href":"https:\/\/jockyart.de\/de_de\/wp-json\/wp\/v2\/product"}],"about":[{"href":"https:\/\/jockyart.de\/de_de\/wp-json\/wp\/v2\/types\/product"}],"replies":[{"embeddable":true,"href":"https:\/\/jockyart.de\/de_de\/wp-json\/wp\/v2\/comments?post=246"}],"wp:featuredmedia":[{"embeddable":true,"href":"https:\/\/jockyart.de\/de_de\/wp-json\/wp\/v2\/media\/247"}],"wp:attachment":[{"href":"https:\/\/jockyart.de\/de_de\/wp-json\/wp\/v2\/media?parent=246"}],"wp:term":[{"taxonomy":"pwb-brand","embeddable":true,"href":"https:\/\/jockyart.de\/de_de\/wp-json\/wp\/v2\/pwb-brand?post=246"},{"taxonomy":"product_brand","embeddable":true,"href":"https:\/\/jockyart.de\/de_de\/wp-json\/wp\/v2\/product_brand?post=246"},{"taxonomy":"product_cat","embeddable":true,"href":"https:\/\/jockyart.de\/de_de\/wp-json\/wp\/v2\/product_cat?post=246"},{"taxonomy":"product_tag","embeddable":true,"href":"https:\/\/jockyart.de\/de_de\/wp-json\/wp\/v2\/product_tag?post=246"}],"curies":[{"name":"wp","href":"https:\/\/api.w.org\/{rel}","templated":true}]}}