{"id":240,"date":"2022-03-31T23:36:45","date_gmt":"2022-03-31T21:36:45","guid":{"rendered":"https:\/\/jockyart.de\/?post_type=product&#038;p=240"},"modified":"2022-06-24T16:04:05","modified_gmt":"2022-06-24T14:04:05","slug":"trost-mutter-hell","status":"publish","type":"product","link":"https:\/\/jockyart.de\/de_de\/produkt\/trost-mutter-hell\/","title":{"rendered":"Trost Mutter (Postkarte)"},"content":{"rendered":"","protected":false},"excerpt":{"rendered":"<p>Was f\u00fcr ein passender Spruch das doch auch war f\u00fcr das Jahr <strong>2016<\/strong>, wof\u00fcr dieser Vers auch die <strong>Jahreslosung<\/strong> war.<br \/>\nDieses Wesen Gottes, dass Er uns wie eine Mutter tr\u00f6sten will, gilt nat\u00fcrlich auch zeitlos f\u00fcr immer.<\/p>\n<p>Gott spricht:<br \/>\n\u201eIch will euch tr\u00f6sten wie einen seine Mutter tr\u00f6stet\u201c<br \/>\n<strong>Jesaja 66, 13<\/strong><\/p>\n","protected":false},"featured_media":346,"comment_status":"open","ping_status":"closed","template":"","meta":[],"pwb-brand":[],"product_brand":[],"product_cat":[67],"product_tag":[56,85,81,83,70,82],"class_list":{"0":"post-240","1":"product","2":"type-product","3":"status-publish","4":"has-post-thumbnail","6":"product_cat-postkartena6","7":"product_tag-buntstift","8":"product_tag-hell","9":"product_tag-jahreslosung-2016","10":"product_tag-mutter","11":"product_tag-prophetische-kunst","12":"product_tag-trost","14":"first","15":"instock","16":"purchasable","17":"product-type-variable"},"brands":[],"tiered_pricing_type":"fixed","tiered_pricing_fixed_rules":[],"tiered_pricing_product_settings":{"layout":"default","base_unit_name":{"singular":null,"plural":null},"default_variation":null},"tiered_pricing_minimum_quantity":null,"tiered_pricing_roles_data":[],"tiered_pricing_percentage_rules":[],"_links":{"self":[{"href":"https:\/\/jockyart.de\/de_de\/wp-json\/wp\/v2\/product\/240","targetHints":{"allow":["GET"]}}],"collection":[{"href":"https:\/\/jockyart.de\/de_de\/wp-json\/wp\/v2\/product"}],"about":[{"href":"https:\/\/jockyart.de\/de_de\/wp-json\/wp\/v2\/types\/product"}],"replies":[{"embeddable":true,"href":"https:\/\/jockyart.de\/de_de\/wp-json\/wp\/v2\/comments?post=240"}],"wp:featuredmedia":[{"embeddable":true,"href":"https:\/\/jockyart.de\/de_de\/wp-json\/wp\/v2\/media\/346"}],"wp:attachment":[{"href":"https:\/\/jockyart.de\/de_de\/wp-json\/wp\/v2\/media?parent=240"}],"wp:term":[{"taxonomy":"pwb-brand","embeddable":true,"href":"https:\/\/jockyart.de\/de_de\/wp-json\/wp\/v2\/pwb-brand?post=240"},{"taxonomy":"product_brand","embeddable":true,"href":"https:\/\/jockyart.de\/de_de\/wp-json\/wp\/v2\/product_brand?post=240"},{"taxonomy":"product_cat","embeddable":true,"href":"https:\/\/jockyart.de\/de_de\/wp-json\/wp\/v2\/product_cat?post=240"},{"taxonomy":"product_tag","embeddable":true,"href":"https:\/\/jockyart.de\/de_de\/wp-json\/wp\/v2\/product_tag?post=240"}],"curies":[{"name":"wp","href":"https:\/\/api.w.org\/{rel}","templated":true}]}}