{"id":211,"date":"2022-03-31T22:20:01","date_gmt":"2022-03-31T20:20:01","guid":{"rendered":"https:\/\/jockyart.de\/?post_type=product&#038;p=211"},"modified":"2026-04-08T12:24:40","modified_gmt":"2026-04-08T10:24:40","slug":"persoenliches-bild","status":"publish","type":"product","link":"https:\/\/jockyart.de\/de_de\/produkt\/persoenliches-bild\/","title":{"rendered":"Pers\u00f6nliches Bild"},"content":{"rendered":"<p><strong>Einverst\u00e4ndniserkl\u00e4rung<\/strong><br \/>\nF\u00fcr den Ablauf eines solchen Auftrages gilt die folgende beiderseitige Einverst\u00e4ndniserkl\u00e4rung: <a href=\"\/shop\/einverstaendniserklaerung-fuer-persoenliche-prophetische-auftragsbilder\/\" target=\"_blank\" rel=\"noopener noreferrer\">\u00a0klick<\/a><\/p>\n<p><strong>Beispiele<\/strong><br \/>\nHier einige Beispiele als Inspiration, was m\u00f6glich ist\u2026<\/p>\n<table border=\"0\" width=\"560\" cellspacing=\"5\" cellpadding=\"0\">\n<tbody>\n<tr>\n<td><img decoding=\"async\" class=\"aligncenter\" style=\"width: 200px; height: 133px;\" title=\"Buntstift\" src=\"https:\/\/jockyart.de\/wp-content\/uploads\/2022\/03\/Thumbs_Persoenlich_Buntstift_02.png\" alt=\"Buntstift\" \/><\/td>\n<td><img decoding=\"async\" class=\"aligncenter\" style=\"width: 200px; height: 133px;\" title=\"Buntstift\" src=\"https:\/\/jockyart.de\/wp-content\/uploads\/2022\/03\/Thumbs_Persoenlich_Buntstift_01.png\" alt=\"Buntstift\" \/><\/td>\n<\/tr>\n<tr>\n<td><img decoding=\"async\" class=\"aligncenter\" style=\"width: 200px; height: 133px;\" title=\"Bleistift\" src=\"https:\/\/jockyart.de\/wp-content\/uploads\/2022\/03\/Thumbs_Persoenlich_Bleistift_01.png\" alt=\"Bleistift\" \/><\/td>\n<td><img decoding=\"async\" class=\"aligncenter\" style=\"width: 200px; height: 133px;\" title=\"Fineliner\" src=\"https:\/\/jockyart.de\/wp-content\/uploads\/2022\/03\/Thumbs_Persoenlich_Fineliner_01.png\" alt=\"Fineliner\" \/><\/td>\n<\/tr>\n<tr>\n<td><img decoding=\"async\" class=\"aligncenter\" style=\"width: 200px; height: 133px;\" title=\"Comic\" src=\"https:\/\/jockyart.de\/wp-content\/uploads\/2022\/03\/Thumbs_Persoenlich_Comic_02.png\" alt=\"Comic\" \/><\/td>\n<td><img decoding=\"async\" class=\"aligncenter\" style=\"width: 200px; height: 133px;\" title=\"Comic\" src=\"https:\/\/jockyart.de\/wp-content\/uploads\/2022\/03\/Thumbs_Persoenlich_Comic_01.png\" alt=\"Comic\" \/><\/td>\n<\/tr>\n<tr>\n<td><img decoding=\"async\" class=\"aligncenter\" style=\"width: 200px; height: 133px;\" title=\"Wandbild\" src=\"https:\/\/jockyart.de\/wp-content\/uploads\/2022\/03\/Thumbs_Persoenlich_Wandbild_02.png\" alt=\"Wandbild\" \/><\/td>\n<td><img decoding=\"async\" class=\"aligncenter\" style=\"width: 200px; height: 133px;\" title=\"Wandbild\" src=\"https:\/\/jockyart.de\/wp-content\/uploads\/2022\/03\/Thumbs_Persoenlich_Wandbild_01.png\" alt=\"Wandbild\" \/><\/td>\n<\/tr>\n<tr>\n<td><img decoding=\"async\" class=\"aligncenter\" style=\"width: 200px; height: 133px;\" title=\"Buchumschlag\" src=\"https:\/\/jockyart.de\/wp-content\/uploads\/2022\/03\/Thumbs_Persoenlich_Buchumschlag.png\" alt=\"Buchumschlag\" \/><\/td>\n<td><img decoding=\"async\" class=\"aligncenter\" style=\"width: 200px; height: 133px;\" title=\"\u00d6lkreide\" src=\"https:\/\/jockyart.de\/wp-content\/uploads\/2022\/03\/Thumbs_Persoenlich_Oelkreide_01.png\" alt=\"\u00d6lkreide\" \/><\/td>\n<\/tr>\n<tr>\n<td><img loading=\"lazy\" decoding=\"async\" class=\"aligncenter\" style=\"width: 200px; height: 133px;\" title=\"\u00d6lkreide\" src=\"https:\/\/jockyart.de\/wp-content\/uploads\/2022\/03\/Thumbs_Persoenlich_Oelkreide_02.png\" alt=\"\u00d6lkreide\" width=\"500\" height=\"333\" \/><\/td>\n<td><\/td>\n<\/tr>\n<\/tbody>\n<\/table>\n","protected":false},"excerpt":{"rendered":"<p>Gerne fertige ich euch ein ganz pers\u00f6nliches Bild f\u00fcr euch oder eure Freunde an. In letzter Zeit bitten mich sehr viele Leute f\u00fcr sie zu beten und Gott zu fragen, was Er Ihnen sagen m\u00f6chte. Den Eindruck, den ich dann von Jesus empfange, setze ich dann als prophetisches Bild um.<\/p>\n<p>Nat\u00fcrlich sind auch ganz andere Inhalte m\u00f6glich. Gerne setze ich euren <strong>Lieblingsbibelvers<\/strong>, ein wichtiges <strong>pers\u00f6nliches, prophetisches Wort<\/strong> oder einen <strong>Traum<\/strong> f\u00fcr euch um. Ihr k\u00f6nnt mir auch ein anderes <strong>Wunschmotiv<\/strong> sagen.<\/p>\n<p>Momentan arbeite ich viel mit <strong>K\u00fcnstleraquarellstiften (Buntstiften)<\/strong>, aber auch <strong>\u00d6l- und Pastellkreiden<\/strong> oder andere <strong>Techniken<\/strong> sind denkbar. Sprecht mich dazu bitte an.<\/p>\n<p><strong>Ablauf des Auftrags:<\/strong><br \/>\n<a href=\"https:\/\/www.jocky.de\/meine-arbeiten\/was-kostet-ein-bild-bei-mir\/\" target=\"_blank\" rel=\"noreferrer noopener\">Hier<\/a> findet ihr mehr Details, Kosten und Ablauf eines solchen Auftrags: <a href=\"\/shop\/ablauf-eines-prophetischen-auftragsbildes\/\" target=\"_blank\" rel=\"noopener\">klick<\/a><\/p>\n","protected":false},"featured_media":372,"comment_status":"open","ping_status":"closed","template":"","meta":[],"pwb-brand":[],"product_brand":[],"product_cat":[69],"product_tag":[72,71,116,70],"class_list":{"0":"post-211","1":"product","2":"type-product","3":"status-publish","4":"has-post-thumbnail","6":"product_cat-persoenlbild","7":"product_tag-auftragsbild","8":"product_tag-bunsttift","9":"product_tag-original","10":"product_tag-prophetische-kunst","11":"product_shipping_class-versicherter-versand","13":"first","14":"instock","15":"purchasable","16":"product-type-variable"},"brands":[],"tiered_pricing_type":"fixed","tiered_pricing_fixed_rules":[],"tiered_pricing_product_settings":{"layout":"default","base_unit_name":{"singular":null,"plural":null},"default_variation":null},"tiered_pricing_minimum_quantity":null,"tiered_pricing_roles_data":[],"tiered_pricing_percentage_rules":[],"_links":{"self":[{"href":"https:\/\/jockyart.de\/de_de\/wp-json\/wp\/v2\/product\/211","targetHints":{"allow":["GET"]}}],"collection":[{"href":"https:\/\/jockyart.de\/de_de\/wp-json\/wp\/v2\/product"}],"about":[{"href":"https:\/\/jockyart.de\/de_de\/wp-json\/wp\/v2\/types\/product"}],"replies":[{"embeddable":true,"href":"https:\/\/jockyart.de\/de_de\/wp-json\/wp\/v2\/comments?post=211"}],"wp:featuredmedia":[{"embeddable":true,"href":"https:\/\/jockyart.de\/de_de\/wp-json\/wp\/v2\/media\/372"}],"wp:attachment":[{"href":"https:\/\/jockyart.de\/de_de\/wp-json\/wp\/v2\/media?parent=211"}],"wp:term":[{"taxonomy":"pwb-brand","embeddable":true,"href":"https:\/\/jockyart.de\/de_de\/wp-json\/wp\/v2\/pwb-brand?post=211"},{"taxonomy":"product_brand","embeddable":true,"href":"https:\/\/jockyart.de\/de_de\/wp-json\/wp\/v2\/product_brand?post=211"},{"taxonomy":"product_cat","embeddable":true,"href":"https:\/\/jockyart.de\/de_de\/wp-json\/wp\/v2\/product_cat?post=211"},{"taxonomy":"product_tag","embeddable":true,"href":"https:\/\/jockyart.de\/de_de\/wp-json\/wp\/v2\/product_tag?post=211"}],"curies":[{"name":"wp","href":"https:\/\/api.w.org\/{rel}","templated":true}]}}