{"id":191,"date":"2022-03-31T18:08:07","date_gmt":"2022-03-31T16:08:07","guid":{"rendered":"https:\/\/jockyart.de\/?post_type=product&#038;p=191"},"modified":"2026-04-06T19:44:56","modified_gmt":"2026-04-06T17:44:56","slug":"buch-minz-und-das-geheimnis-von-ostern","status":"publish","type":"product","link":"https:\/\/jockyart.de\/de_de\/produkt\/buch-minz-und-das-geheimnis-von-ostern\/","title":{"rendered":"Buch: Minz und das Geheimnis von Ostern"},"content":{"rendered":"<p><strong>Hintergrundinfos<\/strong><br \/>\nMinz, der neuerw\u00e4hlte Osterhase, muss dieses Jahr das ganze Gesch\u00e4ft alleine bew\u00e4ltigen. Irgendwie wird ihm das aber zu viel und rei\u00dft aus. Unterwegs trifft er auf einen Mann auf einer Parkbank mit dem er sich \u00fcber die Bedeutung von Ostern unterh\u00e4lt.<\/p>\n<p>Minz ist fest davon \u00fcberzeugt, dass er die Hauptattraktion zu Ostern ist. Als ihm der fremde Mann etwas anderes erz\u00e4hlt, ist er beleidigt. Auf seiner Suche nach der Wahrheit trifft er eine weise Katze, die ihn auf eine hei\u00dfe Spur lockt und ihm ein Geheimnis verr\u00e4t \u2013 \u00fcber das \u201ewahre\u201c Leben und den fremden Mann auf der Bank.<\/p>\n<p>\u201eMinz und das Geheimnis von Ostern\u201c ist eine spannende Geschichte mit vielen lustigen Zeichnungen, in denen man viele liebevolle Details entdecken kann. Das Bilderbuch spricht Gro\u00df und Klein an und eignet sich hervorragend zum Vorlesen.<\/p>\n<p>Zielgruppe: Grundschulalter, wir haben aber auch wesentlich j\u00fcngere Fans<\/p>\n","protected":false},"excerpt":{"rendered":"<p>Vor einigen Jahren durfte ich zusammen mit einer Freundin, der Autorin Anita Krenn mein erstes Bilderbuch ver\u00f6ffentlichen: \u201e<strong>Minz und das Geheimnis von Ostern<\/strong>\u201e.<br \/>\nWir haben noch einige, wenige Exemplare, die ihr gerne bei mir erwerben k\u00f6nnt.<\/p>\n","protected":false},"featured_media":195,"comment_status":"open","ping_status":"closed","template":"","meta":[],"pwb-brand":[],"product_brand":[],"product_cat":[61],"product_tag":[62,66,64,65,63,53],"class_list":{"0":"post-191","1":"product","2":"type-product","3":"status-publish","4":"has-post-thumbnail","6":"product_cat-buch","7":"product_tag-buch","8":"product_tag-geheimnis-von-ostern","9":"product_tag-jesus","10":"product_tag-minz","11":"product_tag-osterhase","12":"product_tag-ostern","13":"product_shipping_class-versandpauschale","15":"first","16":"instock","17":"purchasable","18":"product-type-simple"},"brands":[],"tiered_pricing_type":"fixed","tiered_pricing_fixed_rules":[],"tiered_pricing_product_settings":{"layout":"default","base_unit_name":{"singular":null,"plural":null},"default_variation":null},"tiered_pricing_minimum_quantity":null,"tiered_pricing_roles_data":[],"tiered_pricing_percentage_rules":[],"_links":{"self":[{"href":"https:\/\/jockyart.de\/de_de\/wp-json\/wp\/v2\/product\/191","targetHints":{"allow":["GET"]}}],"collection":[{"href":"https:\/\/jockyart.de\/de_de\/wp-json\/wp\/v2\/product"}],"about":[{"href":"https:\/\/jockyart.de\/de_de\/wp-json\/wp\/v2\/types\/product"}],"replies":[{"embeddable":true,"href":"https:\/\/jockyart.de\/de_de\/wp-json\/wp\/v2\/comments?post=191"}],"wp:featuredmedia":[{"embeddable":true,"href":"https:\/\/jockyart.de\/de_de\/wp-json\/wp\/v2\/media\/195"}],"wp:attachment":[{"href":"https:\/\/jockyart.de\/de_de\/wp-json\/wp\/v2\/media?parent=191"}],"wp:term":[{"taxonomy":"pwb-brand","embeddable":true,"href":"https:\/\/jockyart.de\/de_de\/wp-json\/wp\/v2\/pwb-brand?post=191"},{"taxonomy":"product_brand","embeddable":true,"href":"https:\/\/jockyart.de\/de_de\/wp-json\/wp\/v2\/product_brand?post=191"},{"taxonomy":"product_cat","embeddable":true,"href":"https:\/\/jockyart.de\/de_de\/wp-json\/wp\/v2\/product_cat?post=191"},{"taxonomy":"product_tag","embeddable":true,"href":"https:\/\/jockyart.de\/de_de\/wp-json\/wp\/v2\/product_tag?post=191"}],"curies":[{"name":"wp","href":"https:\/\/api.w.org\/{rel}","templated":true}]}}