{"id":186,"date":"2022-03-31T17:31:21","date_gmt":"2022-03-31T15:31:21","guid":{"rendered":"https:\/\/jockyart.de\/?post_type=product&#038;p=186"},"modified":"2022-10-06T20:16:34","modified_gmt":"2022-10-06T18:16:34","slug":"weihnachtsgrusskarte-ich-sehe-dich-mit-freuden-an","status":"publish","type":"product","link":"https:\/\/jockyart.de\/de_de\/produkt\/weihnachtsgrusskarte-ich-sehe-dich-mit-freuden-an\/","title":{"rendered":"Ich sehe dich mit Freuden an (Gru\u00dfkarte)"},"content":{"rendered":"<p>Es sind gerillte Klappkarten, DIN A6 Hochformat, 4-seitig auf 300 g\/m\u00b2 Bilderdruckpapier gedruckt. Je Karte gibt es ein neutrales DIN-C6-Kuverts dazu.<\/p>\n","protected":false},"excerpt":{"rendered":"<p>Ich habe 2 Weihnachtskarten im Angebot. Diese Karte hat eine Zeichnung eines Hirten, der den neugeborenen Jesus in der Krippe anbetet auf der Vorderseite.<\/p>\n<p>Im Innenteil befindet sich das gleiche Bild nochmal abgesoftet im Hintergrund. Dazu die 4. Strophe des Weihnachtsliedes \u201eIch steh\u2018 an deiner Krippen hier\u201c:<\/p>\n<p>\u201eIch sehe Dich mit Freuden an und kann mich nicht satt sehen. Und weil ich nun nichts weiter kann, bleib ich anbetend stehen. O dass mein Sinn ein Abgrund w\u00e4r und meine Seel ein weites Meer, da\u00df ich dich m\u00f6chte fassen!\u201c<\/p>\n","protected":false},"featured_media":187,"comment_status":"open","ping_status":"closed","template":"","meta":{"jetpack_post_was_ever_published":false},"pwb-brand":[],"product_brand":[],"product_cat":[51],"product_tag":[474,52,473,472,57],"class_list":{"0":"post-186","1":"product","2":"type-product","3":"status-publish","4":"has-post-thumbnail","6":"product_cat-grusskarten","7":"product_tag-anbetung","8":"product_tag-grusskarte","9":"product_tag-hirten","10":"product_tag-krippe","11":"product_tag-weihnachten","13":"first","14":"instock","15":"purchasable","16":"product-type-simple"},"jetpack-related-posts":[],"jetpack_sharing_enabled":true,"brands":[],"tiered_pricing_type":"fixed","tiered_pricing_fixed_rules":{"5":1.9,"10":1.8,"20":1.7},"tiered_pricing_product_settings":{"layout":"default","base_unit_name":{"singular":null,"plural":null},"default_variation":null},"tiered_pricing_minimum_quantity":null,"tiered_pricing_roles_data":[],"tiered_pricing_percentage_rules":[],"_links":{"self":[{"href":"https:\/\/jockyart.de\/de_de\/wp-json\/wp\/v2\/product\/186","targetHints":{"allow":["GET"]}}],"collection":[{"href":"https:\/\/jockyart.de\/de_de\/wp-json\/wp\/v2\/product"}],"about":[{"href":"https:\/\/jockyart.de\/de_de\/wp-json\/wp\/v2\/types\/product"}],"replies":[{"embeddable":true,"href":"https:\/\/jockyart.de\/de_de\/wp-json\/wp\/v2\/comments?post=186"}],"wp:featuredmedia":[{"embeddable":true,"href":"https:\/\/jockyart.de\/de_de\/wp-json\/wp\/v2\/media\/187"}],"wp:attachment":[{"href":"https:\/\/jockyart.de\/de_de\/wp-json\/wp\/v2\/media?parent=186"}],"wp:term":[{"taxonomy":"pwb-brand","embeddable":true,"href":"https:\/\/jockyart.de\/de_de\/wp-json\/wp\/v2\/pwb-brand?post=186"},{"taxonomy":"product_brand","embeddable":true,"href":"https:\/\/jockyart.de\/de_de\/wp-json\/wp\/v2\/product_brand?post=186"},{"taxonomy":"product_cat","embeddable":true,"href":"https:\/\/jockyart.de\/de_de\/wp-json\/wp\/v2\/product_cat?post=186"},{"taxonomy":"product_tag","embeddable":true,"href":"https:\/\/jockyart.de\/de_de\/wp-json\/wp\/v2\/product_tag?post=186"}],"curies":[{"name":"wp","href":"https:\/\/api.w.org\/{rel}","templated":true}]}}