{"id":1772,"date":"2022-04-22T11:41:34","date_gmt":"2022-04-22T09:41:34","guid":{"rendered":"https:\/\/jockyart.de\/?post_type=product&#038;p=1772"},"modified":"2022-06-24T16:17:07","modified_gmt":"2022-06-24T14:17:07","slug":"umhuellt-von-der-liebe-gottes","status":"publish","type":"product","link":"https:\/\/jockyart.de\/de_de\/produkt\/umhuellt-von-der-liebe-gottes\/","title":{"rendered":"Umh\u00fcllt von der Liebe Gottes (Premium Kissen)"},"content":{"rendered":"<p>Ich bestelle die Kissen nach eurem Wunsch und gebe sie dann in Auftrag. Sie sind nicht vorr\u00e4tig.<br \/>\n<strong>8 Arbeitstage<\/strong> Lieferzeit und <strong>kostenlose Lieferung<\/strong>.<\/p>\n<p>Es gibt die Kissen in 3 Gr\u00f6\u00dfen.<\/p>\n<p>In diesem Video bekommt ihr Einblick in Qualit\u00e4t und Verpackung des Kissens:<br \/>\n<iframe loading=\"lazy\" title=\"YouTube video player\" src=\"https:\/\/www.youtube.com\/embed\/Pj_0IcbxfZY\" width=\"509\" height=\"287\" frameborder=\"0\" allowfullscreen=\"allowfullscreen\"><\/iframe><\/p>\n","protected":false},"excerpt":{"rendered":"<p>Ganz toll ist es meine Bilder auf Kissen drucken zu lassen. Die Kissenbez\u00fcge und die Kissen selber sind maschinenwaschbar. Die Bez\u00fcge sind doppelseitig bedruckbar.<br \/>\nEinige Motive durfte ich schon drucken lassen. Weitere Motive sind m\u00f6glich, so fern sie quadratisch gut aussehen.<\/p>\n<p>Bitte gebt an, ob ihr das <strong>gleiche Motiv<\/strong> nochmal oder eine <strong>Farbe<\/strong> auf der R\u00fcckseite haben wollt. Es ist auch m\u00f6glich, ein anderes Motiv auf die R\u00fcckseite zu drucken.<\/p>\n<p><strong>Kostenlose Lieferung!<\/strong><\/p>\n","protected":false},"featured_media":1779,"comment_status":"open","ping_status":"closed","template":"","meta":[],"pwb-brand":[],"product_brand":[],"product_cat":[137],"product_tag":[476,439,475,121,50,136,135,49],"class_list":{"0":"post-1772","1":"product","2":"type-product","3":"status-publish","4":"has-post-thumbnail","6":"product_cat-premiumkissen","7":"product_tag-blut","8":"product_tag-blut-christi","9":"product_tag-decke","10":"product_tag-liebe","11":"product_tag-liebe-gottes","12":"product_tag-premium-kissen","13":"product_tag-sonderanfertigung","14":"product_tag-umhuellt","15":"product_shipping_class-haendler","17":"first","18":"instock","19":"purchasable","20":"product-type-variable"},"brands":[],"tiered_pricing_type":"fixed","tiered_pricing_fixed_rules":[],"tiered_pricing_product_settings":{"layout":"default","base_unit_name":{"singular":null,"plural":null},"default_variation":null},"tiered_pricing_minimum_quantity":null,"tiered_pricing_roles_data":[],"tiered_pricing_percentage_rules":[],"_links":{"self":[{"href":"https:\/\/jockyart.de\/de_de\/wp-json\/wp\/v2\/product\/1772","targetHints":{"allow":["GET"]}}],"collection":[{"href":"https:\/\/jockyart.de\/de_de\/wp-json\/wp\/v2\/product"}],"about":[{"href":"https:\/\/jockyart.de\/de_de\/wp-json\/wp\/v2\/types\/product"}],"replies":[{"embeddable":true,"href":"https:\/\/jockyart.de\/de_de\/wp-json\/wp\/v2\/comments?post=1772"}],"wp:featuredmedia":[{"embeddable":true,"href":"https:\/\/jockyart.de\/de_de\/wp-json\/wp\/v2\/media\/1779"}],"wp:attachment":[{"href":"https:\/\/jockyart.de\/de_de\/wp-json\/wp\/v2\/media?parent=1772"}],"wp:term":[{"taxonomy":"pwb-brand","embeddable":true,"href":"https:\/\/jockyart.de\/de_de\/wp-json\/wp\/v2\/pwb-brand?post=1772"},{"taxonomy":"product_brand","embeddable":true,"href":"https:\/\/jockyart.de\/de_de\/wp-json\/wp\/v2\/product_brand?post=1772"},{"taxonomy":"product_cat","embeddable":true,"href":"https:\/\/jockyart.de\/de_de\/wp-json\/wp\/v2\/product_cat?post=1772"},{"taxonomy":"product_tag","embeddable":true,"href":"https:\/\/jockyart.de\/de_de\/wp-json\/wp\/v2\/product_tag?post=1772"}],"curies":[{"name":"wp","href":"https:\/\/api.w.org\/{rel}","templated":true}]}}