{"id":1765,"date":"2022-04-21T12:12:33","date_gmt":"2022-04-21T10:12:33","guid":{"rendered":"https:\/\/jockyart.de\/?post_type=product&#038;p=1765"},"modified":"2023-04-21T17:39:25","modified_gmt":"2023-04-21T15:39:25","slug":"jesus-ueberwindet-trennung","status":"publish","type":"product","link":"https:\/\/jockyart.de\/de_de\/produkt\/jesus-ueberwindet-trennung\/","title":{"rendered":"Jesus \u00fcberwindet Trennung (Kunstdruck)"},"content":{"rendered":"<p>Dies ist ein wundersch\u00f6ner Kunstdruck:<br \/>\n<strong>Premium Poster Fine Art Matt 20 x 30 cm.<\/strong><br \/>\nDas Bild ist auf einem hochwertigen Karton gedruckt, \u00e4hnlich wie das Originalpapier der Buntstiftzeichnung.<\/p>\n","protected":false},"excerpt":{"rendered":"<p>Das <a href=\"https:\/\/www.jocky.de\/2019\/01\/02\/prophetische-kunst-die-zeit-ist-jetzt\/\" target=\"_blank\" rel=\"noreferrer noopener\">Original<\/a>\u00a0dieses Bildes war ein Auftragsbild f\u00fcr eine Hochzeit. Das habe ich dem Paar u.a. geschrieben:<\/p>\n<p>\u201eEs gibt in unserem Leben ja oft Konflikte, die un\u00fcberwindbar oder nicht zu \u00fcberbr\u00fccken erscheinen. Menschen sind so unterschiedlich, so dass es vorkommen kann, dass man sich auseinanderlebt und sich irgendwann nichts mehr zu sagen hat. So sehr man sich auch anstrengt, es scheint einfach kein Weg mehr zusammen zu gehen. Das gilt f\u00fcr Ehepaare, f\u00fcr Familien, Kinder und Eltern oder auch in Beziehungen allgemein.<\/p>\n<p>So sah ich eine Landschaft durch die ein tiefer Graben ging, die beiden Seiten waren un\u00fcberwindbar. Die Teilung war so gro\u00df, so dass man einfach nicht r\u00fcber kam. Aber dann sah ich eine Br\u00fccke, die sich \u00fcber die beiden Teile spannte.<\/p>\n<p>Und das ist denke ich das, was Jesus euch mitteilen will. Egal wie gro\u00df die Spaltung ist, wie weit man sich voneinander entfernt hat, wie menschenunm\u00f6glich es ist wieder zusammen zu kommen: In Jesus l\u00e4sst sich jede Teilung oder Spaltung \u00fcberwinden. Er ist da, um euch dabei zu helfen.<\/p>\n<p>Werft euch auf ihn, wenn es einfach nicht mehr weiter geht. Bittet ihn um Hilfe, wenn sich Spannungen aufbauen. Er will euch sehr gerne dabei helfen!<\/p>\n<blockquote class=\"wp-block-quote\"><p>\u201eIn Christus liegen verborgen alle Sch\u00e4tze der Weisheit und der Erkenntnis.\u201c<\/p>\n<p><cite>Kolosser 2, 3<\/cite><\/p><\/blockquote>\n<blockquote class=\"wp-block-quote\"><p>\u201eEr hat den Schuldbrief getilgt, der mit seinen Forderungen gegen uns war, und hat ihn aufgehoben und an das Kreuz geheftet.\u201c<\/p>\n<p><cite>Kolosser 2, 14<\/cite><\/p><\/blockquote>\n<p>Ich w\u00fcnsche, dass es euch gelingt mit der Hilfe von Jesus alle Spaltungen und Trennungen zu \u00fcberwinden!\u201c<\/p>\n","protected":false},"featured_media":1767,"comment_status":"open","ping_status":"closed","template":"","meta":[],"pwb-brand":[],"product_brand":[],"product_cat":[21],"product_tag":[56,64,466,22,405,70,465,464],"class_list":{"0":"post-1765","1":"product","2":"type-product","3":"status-publish","4":"has-post-thumbnail","6":"product_cat-kunstdrucke","7":"product_tag-buntstift","8":"product_tag-jesus","9":"product_tag-kluft","10":"product_tag-kunstdrucke","11":"product_tag-kuenstleraquarellstifte","12":"product_tag-prophetische-kunst","13":"product_tag-trennung","14":"product_tag-ueberwindet","16":"first","17":"instock","18":"sale","19":"purchasable","20":"product-type-simple"},"brands":[],"tiered_pricing_type":"fixed","tiered_pricing_fixed_rules":[],"tiered_pricing_product_settings":{"layout":"default","base_unit_name":{"singular":null,"plural":null},"default_variation":null},"tiered_pricing_minimum_quantity":null,"tiered_pricing_roles_data":[],"tiered_pricing_percentage_rules":[],"_links":{"self":[{"href":"https:\/\/jockyart.de\/de_de\/wp-json\/wp\/v2\/product\/1765","targetHints":{"allow":["GET"]}}],"collection":[{"href":"https:\/\/jockyart.de\/de_de\/wp-json\/wp\/v2\/product"}],"about":[{"href":"https:\/\/jockyart.de\/de_de\/wp-json\/wp\/v2\/types\/product"}],"replies":[{"embeddable":true,"href":"https:\/\/jockyart.de\/de_de\/wp-json\/wp\/v2\/comments?post=1765"}],"wp:featuredmedia":[{"embeddable":true,"href":"https:\/\/jockyart.de\/de_de\/wp-json\/wp\/v2\/media\/1767"}],"wp:attachment":[{"href":"https:\/\/jockyart.de\/de_de\/wp-json\/wp\/v2\/media?parent=1765"}],"wp:term":[{"taxonomy":"pwb-brand","embeddable":true,"href":"https:\/\/jockyart.de\/de_de\/wp-json\/wp\/v2\/pwb-brand?post=1765"},{"taxonomy":"product_brand","embeddable":true,"href":"https:\/\/jockyart.de\/de_de\/wp-json\/wp\/v2\/product_brand?post=1765"},{"taxonomy":"product_cat","embeddable":true,"href":"https:\/\/jockyart.de\/de_de\/wp-json\/wp\/v2\/product_cat?post=1765"},{"taxonomy":"product_tag","embeddable":true,"href":"https:\/\/jockyart.de\/de_de\/wp-json\/wp\/v2\/product_tag?post=1765"}],"curies":[{"name":"wp","href":"https:\/\/api.w.org\/{rel}","templated":true}]}}