{"id":1762,"date":"2022-04-21T12:04:35","date_gmt":"2022-04-21T10:04:35","guid":{"rendered":"https:\/\/jockyart.de\/?post_type=product&#038;p=1762"},"modified":"2024-10-17T10:11:00","modified_gmt":"2024-10-17T08:11:00","slug":"schau-aufs-licht-2","status":"publish","type":"product","link":"https:\/\/jockyart.de\/de_de\/produkt\/schau-aufs-licht-2\/","title":{"rendered":"Schau aufs Licht (Kunstdruck)"},"content":{"rendered":"<p>Dies ist ein wundersch\u00f6ner Kunstdruck:<br \/>\n<strong>Premium Poster Fine Art Matt 20 x 30 cm.<\/strong><br \/>\nDas Bild ist auf einem hochwertigen Karton gedruckt, \u00e4hnlich wie das Originalpapier der Buntstiftzeichnung.<\/p>\n","protected":false},"excerpt":{"rendered":"<p>Das \u00a0<a href=\"https:\/\/www.jocky.de\/2019\/01\/02\/prophetische-kunst-die-zeit-ist-jetzt\/\" target=\"_blank\" rel=\"noreferrer noopener\">Original<\/a>\u00a0dieses Bildes war ein Geburtstagsgeschenk innerhalb der Familie.<\/p>\n<p>Bei diesem Bild hatte ich den Eindruck, dass Jesus dazu auffordert weg von der Finsternis zu blicken, die so leicht unsere Aufmerksamkeit auf sich zieht (all den negativen Dingen, Sachen die schiefgehen, Entt\u00e4uschungen, W\u00fcnsche die sich noch nicht erf\u00fcllt haben\u2026) hin zum Licht, auf Jesus zu schauen.<\/p>\n<p>Wir d\u00fcrfen uns auf die guten Dinge konzentrieren. Auf alles was Jesus ist und bereits f\u00fcr uns getan hat, auf sein Wesen, seinen Charakter, seine Zusagen, aber auch alles Gute was uns schon widerfahren ist, die Gnade, die wir erleben durften\u2026<\/p>\n<blockquote class=\"wp-block-quote\"><p>\u201cWer Dank opfert, der preist mich, und da ist der Weg, dass ich ihm zeige das Heil Gottes.\u201d<\/p>\n<p><cite><strong>Psalm 50, 23<\/strong><\/cite><\/p><\/blockquote>\n<p><strong>Ein kleines M\u00e4dchen wurde von Bauchschmerzen geheilt als sie einen Kunstdruck dieses Bildes betrachtete.<\/strong><\/p>\n","protected":false},"featured_media":1764,"comment_status":"open","ping_status":"closed","template":"","meta":[],"pwb-brand":[],"product_brand":[],"product_cat":[21],"product_tag":[56,463,48,22,405,128,70,462,461],"class_list":{"0":"post-1762","1":"product","2":"type-product","3":"status-publish","4":"has-post-thumbnail","6":"product_cat-kunstdrucke","7":"product_tag-buntstift","8":"product_tag-dank","9":"product_tag-finsternis","10":"product_tag-kunstdrucke","11":"product_tag-kuenstleraquarellstifte","12":"product_tag-licht","13":"product_tag-prophetische-kunst","14":"product_tag-schau","15":"product_tag-wolken","17":"first","18":"instock","19":"sale","20":"purchasable","21":"product-type-simple"},"brands":[],"tiered_pricing_type":"fixed","tiered_pricing_fixed_rules":[],"tiered_pricing_product_settings":{"layout":"default","base_unit_name":{"singular":null,"plural":null},"default_variation":null},"tiered_pricing_minimum_quantity":null,"tiered_pricing_roles_data":[],"tiered_pricing_percentage_rules":[],"_links":{"self":[{"href":"https:\/\/jockyart.de\/de_de\/wp-json\/wp\/v2\/product\/1762","targetHints":{"allow":["GET"]}}],"collection":[{"href":"https:\/\/jockyart.de\/de_de\/wp-json\/wp\/v2\/product"}],"about":[{"href":"https:\/\/jockyart.de\/de_de\/wp-json\/wp\/v2\/types\/product"}],"replies":[{"embeddable":true,"href":"https:\/\/jockyart.de\/de_de\/wp-json\/wp\/v2\/comments?post=1762"}],"wp:featuredmedia":[{"embeddable":true,"href":"https:\/\/jockyart.de\/de_de\/wp-json\/wp\/v2\/media\/1764"}],"wp:attachment":[{"href":"https:\/\/jockyart.de\/de_de\/wp-json\/wp\/v2\/media?parent=1762"}],"wp:term":[{"taxonomy":"pwb-brand","embeddable":true,"href":"https:\/\/jockyart.de\/de_de\/wp-json\/wp\/v2\/pwb-brand?post=1762"},{"taxonomy":"product_brand","embeddable":true,"href":"https:\/\/jockyart.de\/de_de\/wp-json\/wp\/v2\/product_brand?post=1762"},{"taxonomy":"product_cat","embeddable":true,"href":"https:\/\/jockyart.de\/de_de\/wp-json\/wp\/v2\/product_cat?post=1762"},{"taxonomy":"product_tag","embeddable":true,"href":"https:\/\/jockyart.de\/de_de\/wp-json\/wp\/v2\/product_tag?post=1762"}],"curies":[{"name":"wp","href":"https:\/\/api.w.org\/{rel}","templated":true}]}}