{"id":1759,"date":"2022-04-21T11:52:53","date_gmt":"2022-04-21T09:52:53","guid":{"rendered":"https:\/\/jockyart.de\/?post_type=product&#038;p=1759"},"modified":"2022-11-11T19:18:51","modified_gmt":"2022-11-11T18:18:51","slug":"die-zeit-ist-jetzt","status":"publish","type":"product","link":"https:\/\/jockyart.de\/de_de\/produkt\/die-zeit-ist-jetzt\/","title":{"rendered":"Die Zeit ist JETZT (Kunstdruck)"},"content":{"rendered":"<p>Dies ist ein wundersch\u00f6ner Kunstdruck:<br \/>\n<strong>Premium Poster Fine Art Matt 20 x 30 cm.<\/strong><br \/>\nDas Bild ist auf einem hochwertigen Karton gedruckt, \u00e4hnlich wie das Originalpapier der Buntstiftzeichnung.<\/p>\n","protected":false},"excerpt":{"rendered":"<p>Das <a href=\"https:\/\/www.jocky.de\/2019\/01\/02\/prophetische-kunst-die-zeit-ist-jetzt\/\" target=\"_blank\" rel=\"noreferrer noopener\">Original<\/a> dieses Bildes erstellte ich als mein Beitrag f\u00fcr unser prophetisches Wichteln. W\u00e4hrend ich f\u00fcr meinen Beitrag betete, verfolgte ich immer wieder den Livestream der \u201cOne Thing\u201d Konferenz von IHOP Kansas City, viele Asiaten, insbesondere Chinesen waren dabei. In dieser Zeit erf\u00fcllten sich jahrzehntealte Prophetien, die damals unm\u00f6glich schienen. Noch bevor es das internationale Gebetshaus \u00fcberhaupt gab, kam ein Prophet zu Mike Bickle und sagte die Zukunft voraus.<\/p>\n<p>Es wurde prophezeit, dass sie das Gel\u00e4nde von Harry Truman, dem ehemaligen US- Presidenten bekommen w\u00fcrden, dass sie 24\/7 beten w\u00fcrden mit S\u00e4ngern und Musikern, dass sie f\u00fcr Israel beten und mit Asiaten verbunden sein w\u00fcrden, die ihre Aktivit\u00e4ten auf unplugged TV Ger\u00e4ten auf den Reisfeldern verfolgen w\u00fcrden.<\/p>\n<p>Mike Bickle hatte damals mit der Gegend, wo dieses Gel\u00e4nde lag, nichts zu tun, hatte f\u00fcr nichts eine Last, war weder S\u00e4nger noch Musiker, hat nicht f\u00fcr Israel gebetet und nichts mit Asien zu tun gehabt. Damals gab es noch keine Smartphones und Livestreams. Die Vorstellung TV Ger\u00e4te mit R\u00f6hrenmonitoren \u00fcbers Reisfeld zu schleppen, war einfach absurd.<\/p>\n<p>Heute gibt es eine Verbindung durch David Damian mit den Chinesen und IHOP. Diese Chinesen waren mehrmals f\u00fcr ihren Glauben im Gef\u00e4ngnis. Mit ihren Tr\u00e4nen haben sie die F\u00fc\u00dfe der IHOP Leute voller Dankbarkeit gewaschen, f\u00fcr das was sie in den Livestreams auf den Reisfeldern in China von IHOP empfangen hatten.<\/p>\n<p>All die Punkte dieser absurden Prophetie von damals waren nun normale Realit\u00e4t und erf\u00fcllten sich vor unseren Augen. Und es gab weitere ergreifende Momente, wo sich jahrzehntealte Prophetien genau auf dieser Konferenz erf\u00fcllten.<\/p>\n<p>Das bewegte mich selber so sehr, Tr\u00e4nen kamen mir in die Augen, der ich auch auf die Erf\u00fcllung jahrzehntealter Prophetien warte, dass in mir der Eindruck entstand, dass Gott \u00fcber dieser Zeit, \u00fcber uns und \u00fcber diesem Wichtelpartner sagen w\u00fcrde, dass JETZT die Zeit ist, dass sich auch bei uns jahrzehntealte Prophetien erf\u00fcllen w\u00fcrden und zwar im gro\u00dfen Stil, mehrere auf einmal, dass wir wirklich in eine neue Phasen gehen w\u00fcrden, die Zeit des JETZT.<\/p>\n","protected":false},"featured_media":1761,"comment_status":"open","ping_status":"closed","template":"","meta":{"jetpack_post_was_ever_published":false},"pwb-brand":[],"product_brand":[],"product_cat":[21],"product_tag":[56,456,460,22,405,457,70,458,459],"class_list":{"0":"post-1759","1":"product","2":"type-product","3":"status-publish","4":"has-post-thumbnail","6":"product_cat-kunstdrucke","7":"product_tag-buntstift","8":"product_tag-erfuellung","9":"product_tag-jetzt","10":"product_tag-kunstdrucke","11":"product_tag-kuenstleraquarellstifte","12":"product_tag-prophetie","13":"product_tag-prophetische-kunst","14":"product_tag-winter","15":"product_tag-zeit","17":"first","18":"instock","19":"sale","20":"purchasable","21":"product-type-simple"},"jetpack-related-posts":[],"jetpack_sharing_enabled":true,"brands":[],"tiered_pricing_type":"fixed","tiered_pricing_fixed_rules":[],"tiered_pricing_product_settings":{"layout":"default","base_unit_name":{"singular":null,"plural":null},"default_variation":null},"tiered_pricing_minimum_quantity":null,"tiered_pricing_roles_data":[],"tiered_pricing_percentage_rules":[],"_links":{"self":[{"href":"https:\/\/jockyart.de\/de_de\/wp-json\/wp\/v2\/product\/1759","targetHints":{"allow":["GET"]}}],"collection":[{"href":"https:\/\/jockyart.de\/de_de\/wp-json\/wp\/v2\/product"}],"about":[{"href":"https:\/\/jockyart.de\/de_de\/wp-json\/wp\/v2\/types\/product"}],"replies":[{"embeddable":true,"href":"https:\/\/jockyart.de\/de_de\/wp-json\/wp\/v2\/comments?post=1759"}],"wp:featuredmedia":[{"embeddable":true,"href":"https:\/\/jockyart.de\/de_de\/wp-json\/wp\/v2\/media\/1761"}],"wp:attachment":[{"href":"https:\/\/jockyart.de\/de_de\/wp-json\/wp\/v2\/media?parent=1759"}],"wp:term":[{"taxonomy":"pwb-brand","embeddable":true,"href":"https:\/\/jockyart.de\/de_de\/wp-json\/wp\/v2\/pwb-brand?post=1759"},{"taxonomy":"product_brand","embeddable":true,"href":"https:\/\/jockyart.de\/de_de\/wp-json\/wp\/v2\/product_brand?post=1759"},{"taxonomy":"product_cat","embeddable":true,"href":"https:\/\/jockyart.de\/de_de\/wp-json\/wp\/v2\/product_cat?post=1759"},{"taxonomy":"product_tag","embeddable":true,"href":"https:\/\/jockyart.de\/de_de\/wp-json\/wp\/v2\/product_tag?post=1759"}],"curies":[{"name":"wp","href":"https:\/\/api.w.org\/{rel}","templated":true}]}}