{"id":1756,"date":"2022-04-21T11:38:52","date_gmt":"2022-04-21T09:38:52","guid":{"rendered":"https:\/\/jockyart.de\/?post_type=product&#038;p=1756"},"modified":"2022-11-11T19:18:51","modified_gmt":"2022-11-11T18:18:51","slug":"zwei-wege-eine-entscheidung","status":"publish","type":"product","link":"https:\/\/jockyart.de\/de_de\/produkt\/zwei-wege-eine-entscheidung\/","title":{"rendered":"Zwei Wege, eine Entscheidung (Kunstdruck)"},"content":{"rendered":"<p>Dies ist ein wundersch\u00f6ner Kunstdruck:<br \/>\n<strong>Premium Poster Fine Art Matt 20 x 30 cm.<\/strong><br \/>\nDas Bild ist auf einem hochwertigen Karton gedruckt, \u00e4hnlich wie das Originalpapier der Buntstiftzeichnung.<\/p>\n","protected":false},"excerpt":{"rendered":"<p>Das <a href=\"https:\/\/www.jocky.de\/2018\/07\/12\/prophetische-kunst-zwei-wege-eine-entscheidung\/\" target=\"_blank\" rel=\"noreferrer noopener\">Original<\/a>\u00a0dieses Bildes war ein Geburtstagsgeschenk in der Familie. Beim Beten f\u00fcr die Person, hatte ich den Eindruck, dass sie vor einer Weggabelung steht. Es muss eine Entscheidung getroffen werden, es geht nicht mehr so weiter wie bisher. Eine der beiden Richtungen gilt es einzuschlagen, bei beiden Wegen ist nicht klar wohin er f\u00fchrt, wie beschwerlich er sein wird.<\/p>\n<p>Der linke sah auf den ersten Blick sch\u00f6ner, w\u00e4rmer und angenehmer aus. Er wurde h\u00e4ufig genutzt, war ausgetreten und schien sicher zu sein. Der rechte war eher dunkler, weniger benutzt. Deswegen zugewachsen, mit hohem Gras und schien beschwerlicher zu sein, weil man sich den Weg wohl teilweise erst freimachen und erarbeiten musste, weil er eben noch nicht vorgegeben war, durch viele, die etwa dort schon vorher gegangen waren. Also eher ein Weg f\u00fcr Pioniere mit viel Gestaltungsspielraum, aber auch der Notwendigkeit zu gestalten, weil noch nichts vorgegeben war.<\/p>\n<p>Mein Eindruck war, dass der rechte Weg gew\u00e4hlt werden sollte\u2026<\/p>\n<p>Erinnert hat mich das Bild an das ber\u00fchmte Gedicht von Robert Frost \u201c<em>The Road not taken<\/em>\u201d.<\/p>\n","protected":false},"featured_media":1758,"comment_status":"open","ping_status":"closed","template":"","meta":[],"pwb-brand":[],"product_brand":[],"product_cat":[21],"product_tag":[56,455,22,405,70,453,454],"class_list":{"0":"post-1756","1":"product","2":"type-product","3":"status-publish","4":"has-post-thumbnail","6":"product_cat-kunstdrucke","7":"product_tag-buntstift","8":"product_tag-entscheidung","9":"product_tag-kunstdrucke","10":"product_tag-kuenstleraquarellstifte","11":"product_tag-prophetische-kunst","12":"product_tag-wege","13":"product_tag-weggabelung","15":"first","16":"instock","17":"sale","18":"purchasable","19":"product-type-simple"},"brands":[],"tiered_pricing_type":"fixed","tiered_pricing_fixed_rules":[],"tiered_pricing_product_settings":{"layout":"default","base_unit_name":{"singular":null,"plural":null},"default_variation":null},"tiered_pricing_minimum_quantity":null,"tiered_pricing_roles_data":[],"tiered_pricing_percentage_rules":[],"_links":{"self":[{"href":"https:\/\/jockyart.de\/de_de\/wp-json\/wp\/v2\/product\/1756","targetHints":{"allow":["GET"]}}],"collection":[{"href":"https:\/\/jockyart.de\/de_de\/wp-json\/wp\/v2\/product"}],"about":[{"href":"https:\/\/jockyart.de\/de_de\/wp-json\/wp\/v2\/types\/product"}],"replies":[{"embeddable":true,"href":"https:\/\/jockyart.de\/de_de\/wp-json\/wp\/v2\/comments?post=1756"}],"wp:featuredmedia":[{"embeddable":true,"href":"https:\/\/jockyart.de\/de_de\/wp-json\/wp\/v2\/media\/1758"}],"wp:attachment":[{"href":"https:\/\/jockyart.de\/de_de\/wp-json\/wp\/v2\/media?parent=1756"}],"wp:term":[{"taxonomy":"pwb-brand","embeddable":true,"href":"https:\/\/jockyart.de\/de_de\/wp-json\/wp\/v2\/pwb-brand?post=1756"},{"taxonomy":"product_brand","embeddable":true,"href":"https:\/\/jockyart.de\/de_de\/wp-json\/wp\/v2\/product_brand?post=1756"},{"taxonomy":"product_cat","embeddable":true,"href":"https:\/\/jockyart.de\/de_de\/wp-json\/wp\/v2\/product_cat?post=1756"},{"taxonomy":"product_tag","embeddable":true,"href":"https:\/\/jockyart.de\/de_de\/wp-json\/wp\/v2\/product_tag?post=1756"}],"curies":[{"name":"wp","href":"https:\/\/api.w.org\/{rel}","templated":true}]}}