{"id":1750,"date":"2022-04-21T11:17:38","date_gmt":"2022-04-21T09:17:38","guid":{"rendered":"https:\/\/jockyart.de\/?post_type=product&#038;p=1750"},"modified":"2022-11-11T19:18:52","modified_gmt":"2022-11-11T18:18:52","slug":"die-geburt-eines-tanzenden-sterns","status":"publish","type":"product","link":"https:\/\/jockyart.de\/de_de\/produkt\/die-geburt-eines-tanzenden-sterns\/","title":{"rendered":"Die Geburt eines tanzenden Sterns (Kunstdruck)"},"content":{"rendered":"<p>Dies ist ein wundersch\u00f6ner Kunstdruck:<br \/>\n<strong>Premium Poster Fine Art Matt 20 x 30 cm.<\/strong><br \/>\nDas Bild ist auf einem hochwertigen Karton gedruckt, \u00e4hnlich wie das Originalpapier der Buntstiftzeichnung.<\/p>\n","protected":false},"excerpt":{"rendered":"<p>Das \u00a0<a href=\"https:\/\/www.jocky.de\/2017\/05\/14\/prophetische-kunst-tanzende-sterne-und-gefluegelte-fueller\/\" target=\"_blank\" rel=\"noreferrer noopener\">Original<\/a>\u00a0dieses Bildes entstand auf einem Schreibseminar, wo es um Schreiben aus einem geheilten Herzen ging. Im Seminar ging es schwerpunktm\u00e4\u00dfig darum. dass Gott unser Herz heilen will, dass wir zuversichtlich, voller Freude und Hoffnung sein k\u00f6nnen. Wenn wir sch\u00f6pferisch t\u00e4tig sind, werden wir das aus dem \u00dcberfluss unseres Herzen tun. Wenn Depression, Bitterkeit und Todesgedanken in uns ist, wird sich das auch negativ in unserer Kunst, unserem Schreiben ausdr\u00fccken.<\/p>\n<p>Wir haben die L\u00fcge enttarnt, die viele K\u00fcnstler glauben, dass sie nur sch\u00f6pferisch t\u00e4tig sein k\u00f6nnen, wenn in ihnen Chaos, Schmerz, Tod und Verzweiflung ist. Es gibt zwar einen Zusammenhang, da wir ja mit unserer Kreativit\u00e4t auch schmerzvolle Erfahrungen verarbeiten k\u00f6nnen. Aber es ist keine Voraussetzung f\u00fcr die F\u00e4higkeit sch\u00f6pferisch t\u00e4tig zu sein. Diese L\u00fcge wurde sehr gut mit einem Zitat von Nietzsche ausgedr\u00fcckt: \u201c<em>Man muss noch Chaos in sich haben, um einen tanzenden Stern geb\u00e4ren zu k\u00f6nnen.<\/em>\u201d (im Werk\u00a0<em>Also sprach Zarathrusta<\/em>).<\/p>\n<p>All das hat mich inspiriert ein Bild zu malen, worin es darum geht, wenn wir sch\u00f6pferisch aus einem geheilten Herzen heraus t\u00e4tig sind. Was kommt dabei heraus, wenn unser Herz mit Freude, Zuversicht, Hoffnung und Leben \u00fcberflie\u00dft?<\/p>\n","protected":false},"featured_media":1751,"comment_status":"open","ping_status":"closed","template":"","meta":[],"pwb-brand":[],"product_brand":[],"product_cat":[21],"product_tag":[56,122,36,22,405,70,441,140],"class_list":{"0":"post-1750","1":"product","2":"type-product","3":"status-publish","4":"has-post-thumbnail","6":"product_cat-kunstdrucke","7":"product_tag-buntstift","8":"product_tag-geborgenheit","9":"product_tag-kreativitaet","10":"product_tag-kunstdrucke","11":"product_tag-kuenstleraquarellstifte","12":"product_tag-prophetische-kunst","13":"product_tag-stern","14":"product_tag-tanzender-stern","16":"first","17":"instock","18":"sale","19":"purchasable","20":"product-type-simple"},"brands":[],"tiered_pricing_type":"fixed","tiered_pricing_fixed_rules":[],"tiered_pricing_product_settings":{"layout":"default","base_unit_name":{"singular":null,"plural":null},"default_variation":null},"tiered_pricing_minimum_quantity":null,"tiered_pricing_roles_data":[],"tiered_pricing_percentage_rules":[],"_links":{"self":[{"href":"https:\/\/jockyart.de\/de_de\/wp-json\/wp\/v2\/product\/1750","targetHints":{"allow":["GET"]}}],"collection":[{"href":"https:\/\/jockyart.de\/de_de\/wp-json\/wp\/v2\/product"}],"about":[{"href":"https:\/\/jockyart.de\/de_de\/wp-json\/wp\/v2\/types\/product"}],"replies":[{"embeddable":true,"href":"https:\/\/jockyart.de\/de_de\/wp-json\/wp\/v2\/comments?post=1750"}],"wp:featuredmedia":[{"embeddable":true,"href":"https:\/\/jockyart.de\/de_de\/wp-json\/wp\/v2\/media\/1751"}],"wp:attachment":[{"href":"https:\/\/jockyart.de\/de_de\/wp-json\/wp\/v2\/media?parent=1750"}],"wp:term":[{"taxonomy":"pwb-brand","embeddable":true,"href":"https:\/\/jockyart.de\/de_de\/wp-json\/wp\/v2\/pwb-brand?post=1750"},{"taxonomy":"product_brand","embeddable":true,"href":"https:\/\/jockyart.de\/de_de\/wp-json\/wp\/v2\/product_brand?post=1750"},{"taxonomy":"product_cat","embeddable":true,"href":"https:\/\/jockyart.de\/de_de\/wp-json\/wp\/v2\/product_cat?post=1750"},{"taxonomy":"product_tag","embeddable":true,"href":"https:\/\/jockyart.de\/de_de\/wp-json\/wp\/v2\/product_tag?post=1750"}],"curies":[{"name":"wp","href":"https:\/\/api.w.org\/{rel}","templated":true}]}}