{"id":1747,"date":"2022-04-21T11:08:02","date_gmt":"2022-04-21T09:08:02","guid":{"rendered":"https:\/\/jockyart.de\/?post_type=product&#038;p=1747"},"modified":"2022-11-11T19:18:52","modified_gmt":"2022-11-11T18:18:52","slug":"keine-verdammnis","status":"publish","type":"product","link":"https:\/\/jockyart.de\/de_de\/produkt\/keine-verdammnis\/","title":{"rendered":"Keine Verdammnis (Kunstdruck)"},"content":{"rendered":"<p>Dies ist ein wundersch\u00f6ner Kunstdruck:<br \/>\n<strong>Premium Poster Fine Art Matt 20 x 30 cm.<\/strong><br \/>\nDas Bild ist auf einem hochwertigen Karton gedruckt, \u00e4hnlich wie das Originalpapier der Buntstiftzeichnung.<\/p>\n","protected":false},"excerpt":{"rendered":"<p>Das\u00a0<a href=\"https:\/\/www.jocky.de\/2019\/09\/22\/prophetische-kunst-keine-verdammnis\/\" target=\"_blank\" rel=\"noreferrer noopener\">Original<\/a>\u00a0dieses Bildes, hat die Empf\u00e4ngerin zu Tr\u00e4nen ger\u00fchrt. Ein anderes Teeniem\u00e4dchen wurde durch diese Bild davor bewahrt Selbstmord zu begehen.<\/p>\n<p>Als ich f\u00fcr die Empf\u00e4ngerin des Originalbildes gebetet habe, kam der Bibelvers aus\u00a0<strong>R\u00f6mer 8, 1<\/strong>: \u201eSo gibt es nun\u00a0<strong>keine Verdammnis<\/strong>\u00a0f\u00fcr die, die in Christus Jesus sind.\u201c<\/p>\n<p>Ich sah sie in einem wundersch\u00f6nen, wei\u00dfen Kleid vor einem zerbrochenen Spiegel knien. Sie war umgeben von den Scherben der Zerst\u00f6rung. Da wo das Spiegelglas runtergefallen war, wurden die Worte \u201eKEINE VERDAMMNIS!\u201c sichtbar. Hinter dem Spiegel stand Jesus, der sie freundlich einladend anschaute. Ganz ohne Anklage und Verdammnis, sondern voller Liebe und F\u00fcrsorge.<\/p>\n<p>Ich denke, dass dieses wundersch\u00f6ne Kleid bedeutet, dass sie Jesus durch sein Blut erkauft und rein gewaschen hat. Er hat einen hohen Preis bezahlt, dass sie nun schuldlos und ohne Scham vor Ihn treten und voller Freude Gemeinschaft mit Ihm haben kann, weil Er sie rein gewaschen hat.<\/p>\n<p>Der Spiegel steht f\u00fcr die eigenen Anspr\u00fcche und falschen Vorstellungen, die sie an sich selber stellt und meint nicht erf\u00fcllen zu k\u00f6nnen. Du ist unter den eigenen Anspr\u00fcchen zusammengebrochen und hat das eigene Spiegelbild nicht mehr ertragen k\u00f6nnen und den Spiegel voller Frust zertr\u00fcmmert. Dadurch wurde die Wahrheit sichtbar, die auch vorher schon gegolten hat:\u00a0KEINE VERDAMMNIS!<\/p>\n<p>Jesus verdammt sie nicht, er klagt sie nicht an. Alle diese selbstgemachten Anspr\u00fcche und L\u00fcgen fallen zu Boden:<br \/>\nNicht genug, nicht heilig genug, nicht sch\u00f6n genug, nicht flei\u00dfig genug, zu wenig Bibel gelesen, zu wenig gebetet\u2026<\/p>\n<p>Sein Blut hat den Preis bezahlt, Er hat die Schuld auf sich genommen, die Strafe, die sie verdient hat. Ob sie vor Ihm akzeptabel ist, hat komplett nichts mit ihr zu tun! Egal wie viel Gutes du getan hast, egal wie viel schlimme Sachen sie getan hat oder wie viel Dinge sie nicht getan hat, die sie eigentlich h\u00e4tte tun sollen \u2013 das hat komplett keinen Einfluss wie sehr Er sie liebt! Es h\u00e4ngt alles von Ihm ab und Seiner Tat am Kreuz. Er hat sie durch Sein Blut rein gewaschen.<\/p>\n<p>Es gibt nichts, wo der Feind gegen sie Anklage erheben k\u00f6nnte, weil Jesus alle Schuld bezahlt hat! Keine Verdammnis f\u00fcr sie! Sondern komplette Annahme und Liebe!<\/p>\n","protected":false},"featured_media":1749,"comment_status":"open","ping_status":"closed","template":"","meta":[],"pwb-brand":[],"product_brand":[],"product_cat":[21],"product_tag":[449,56,64,447,22,405,70,450,448],"class_list":{"0":"post-1747","1":"product","2":"type-product","3":"status-publish","4":"has-post-thumbnail","6":"product_cat-kunstdrucke","7":"product_tag-annahme","8":"product_tag-buntstift","9":"product_tag-jesus","10":"product_tag-keine-verdammnis","11":"product_tag-kunstdrucke","12":"product_tag-kuenstleraquarellstifte","13":"product_tag-prophetische-kunst","14":"product_tag-spiegel","15":"product_tag-verdammnis","17":"first","18":"instock","19":"sale","20":"purchasable","21":"product-type-simple"},"brands":[],"tiered_pricing_type":"fixed","tiered_pricing_fixed_rules":[],"tiered_pricing_product_settings":{"layout":"default","base_unit_name":{"singular":null,"plural":null},"default_variation":null},"tiered_pricing_minimum_quantity":null,"tiered_pricing_roles_data":[],"tiered_pricing_percentage_rules":[],"_links":{"self":[{"href":"https:\/\/jockyart.de\/de_de\/wp-json\/wp\/v2\/product\/1747","targetHints":{"allow":["GET"]}}],"collection":[{"href":"https:\/\/jockyart.de\/de_de\/wp-json\/wp\/v2\/product"}],"about":[{"href":"https:\/\/jockyart.de\/de_de\/wp-json\/wp\/v2\/types\/product"}],"replies":[{"embeddable":true,"href":"https:\/\/jockyart.de\/de_de\/wp-json\/wp\/v2\/comments?post=1747"}],"wp:featuredmedia":[{"embeddable":true,"href":"https:\/\/jockyart.de\/de_de\/wp-json\/wp\/v2\/media\/1749"}],"wp:attachment":[{"href":"https:\/\/jockyart.de\/de_de\/wp-json\/wp\/v2\/media?parent=1747"}],"wp:term":[{"taxonomy":"pwb-brand","embeddable":true,"href":"https:\/\/jockyart.de\/de_de\/wp-json\/wp\/v2\/pwb-brand?post=1747"},{"taxonomy":"product_brand","embeddable":true,"href":"https:\/\/jockyart.de\/de_de\/wp-json\/wp\/v2\/product_brand?post=1747"},{"taxonomy":"product_cat","embeddable":true,"href":"https:\/\/jockyart.de\/de_de\/wp-json\/wp\/v2\/product_cat?post=1747"},{"taxonomy":"product_tag","embeddable":true,"href":"https:\/\/jockyart.de\/de_de\/wp-json\/wp\/v2\/product_tag?post=1747"}],"curies":[{"name":"wp","href":"https:\/\/api.w.org\/{rel}","templated":true}]}}