{"id":1694,"date":"2022-04-20T13:26:42","date_gmt":"2022-04-20T11:26:42","guid":{"rendered":"https:\/\/jockyart.de\/?post_type=product&#038;p=1694"},"modified":"2023-09-11T20:17:10","modified_gmt":"2023-09-11T18:17:10","slug":"komm-raus-aus-der-finsternis-2","status":"publish","type":"product","link":"https:\/\/jockyart.de\/de_de\/produkt\/komm-raus-aus-der-finsternis-2\/","title":{"rendered":"Die Geburt eines tanzenden Sterns (Original)"},"content":{"rendered":"<p>Ich habe eine Vielzahl an Bildern erstellt, die keine Auftragsbilder waren. Meistens sind sie in einer Lobpreis- oder Gebetszeit entstanden und haben eine prophetische Bedeutung.<\/p>\n<p>Einige dieser Originale habe ich hier eingestellt. Es gibt weit mehr, die ich hier nach und nach einpflegen werde.<br \/>\nIhr k\u00f6nnt gerne in meinen <strong>Galerien<\/strong> st\u00f6bern und sehen, ob ihr eines dieser <strong>Bilder<\/strong> dort erwerben wollt.<br \/>\nDann kommt gerne auf mich zu, auch wenn das jeweilige Bild hier noch nicht gelistet ist.<\/p>\n<p>Gerne mache ich noch eine <strong>pers\u00f6nliche Widmung<\/strong> dazu.<\/p>\n<p>In den Galerien auf <a href=\"https:\/\/www.jocky.de\" target=\"_blank\" rel=\"noopener\">Jocky.de<\/a> k\u00f6nnt ihr meine Bilder anschauen: <a href=\"https:\/\/www.jocky.de\/meine-arbeiten\/bilder\/\" target=\"_blank\" rel=\"noopener\">klick<\/a><br \/>\nEs gibt meistens einen Blogeintrag dazu, wo ihr mehr Details \u00fcber das Bild erfahrt.<\/p>\n","protected":false},"excerpt":{"rendered":"<p>Original eines prophetischen Bildes, das ich mit Buntstiften gemalt habe. Kunstdrucke auf Anfrage.<\/p>\n<p>Auf einem Schreibseminar ging es schwerpunktm\u00e4\u00dfig darum. dass Gott unser Herz heilen will, dass wir zuversichtlich, voller Freude und Hoffnung sein k\u00f6nnen. Wenn wir sch\u00f6pferisch t\u00e4tig sind, werden wir das aus dem \u00dcberfluss unseres Herzen tun. Wenn Depression, Bitterkeit und Todesgedanken in uns ist, wird sich das auch negativ in unserer Kunst, unserem Schreiben ausdr\u00fccken.<\/p>\n<p>Wir haben die L\u00fcge enttarnt, die viele K\u00fcnstler glauben, dass sie nur sch\u00f6pferisch t\u00e4tig sein k\u00f6nnen, wenn in ihnen Chaos, Schmerz, Tod und Verzweiflung ist. Es gibt zwar einen Zusammenhang, da wir ja mit unserer Kreativit\u00e4t auch schmerzvolle Erfahrungen verarbeiten k\u00f6nnen. Aber es ist keine Voraussetzung f\u00fcr die F\u00e4higkeit sch\u00f6pferisch t\u00e4tig zu sein. Diese L\u00fcge wurde sehr gut mit einem Zitat von Nietzsche ausgedr\u00fcckt: \u201eMan muss noch Chaos in sich haben, um einen tanzenden Stern geb\u00e4ren zu k\u00f6nnen.\u201c (im Werk Also sprach Zarathrusta).<\/p>\n<p>All das hat mich inspiriert ein Bild zu malen, worin es darum geht, wenn wir sch\u00f6pferisch aus einem geheilten Herzen heraus t\u00e4tig sind. Was kommt dabei heraus, wenn unser Herz mit Freude, Zuversicht, Hoffnung und Leben \u00fcberflie\u00dft?<\/p>\n","protected":false},"featured_media":1699,"comment_status":"open","ping_status":"closed","template":"","meta":[],"pwb-brand":[],"product_brand":[],"product_cat":[68],"product_tag":[123,122,405,116,70,441,442,140],"class_list":{"0":"post-1694","1":"product","2":"type-product","3":"status-publish","4":"has-post-thumbnail","6":"product_cat-originale","7":"product_tag-bunststift","8":"product_tag-geborgenheit","9":"product_tag-kuenstleraquarellstifte","10":"product_tag-original","11":"product_tag-prophetische-kunst","12":"product_tag-stern","13":"product_tag-tanz","14":"product_tag-tanzender-stern","15":"product_shipping_class-versicherter-versand","17":"first","18":"instock","19":"sale","20":"purchasable","21":"product-type-simple"},"brands":[],"tiered_pricing_type":"fixed","tiered_pricing_fixed_rules":[],"tiered_pricing_product_settings":{"layout":"default","base_unit_name":{"singular":null,"plural":null},"default_variation":null},"tiered_pricing_minimum_quantity":null,"tiered_pricing_roles_data":[],"tiered_pricing_percentage_rules":[],"_links":{"self":[{"href":"https:\/\/jockyart.de\/de_de\/wp-json\/wp\/v2\/product\/1694","targetHints":{"allow":["GET"]}}],"collection":[{"href":"https:\/\/jockyart.de\/de_de\/wp-json\/wp\/v2\/product"}],"about":[{"href":"https:\/\/jockyart.de\/de_de\/wp-json\/wp\/v2\/types\/product"}],"replies":[{"embeddable":true,"href":"https:\/\/jockyart.de\/de_de\/wp-json\/wp\/v2\/comments?post=1694"}],"wp:featuredmedia":[{"embeddable":true,"href":"https:\/\/jockyart.de\/de_de\/wp-json\/wp\/v2\/media\/1699"}],"wp:attachment":[{"href":"https:\/\/jockyart.de\/de_de\/wp-json\/wp\/v2\/media?parent=1694"}],"wp:term":[{"taxonomy":"pwb-brand","embeddable":true,"href":"https:\/\/jockyart.de\/de_de\/wp-json\/wp\/v2\/pwb-brand?post=1694"},{"taxonomy":"product_brand","embeddable":true,"href":"https:\/\/jockyart.de\/de_de\/wp-json\/wp\/v2\/product_brand?post=1694"},{"taxonomy":"product_cat","embeddable":true,"href":"https:\/\/jockyart.de\/de_de\/wp-json\/wp\/v2\/product_cat?post=1694"},{"taxonomy":"product_tag","embeddable":true,"href":"https:\/\/jockyart.de\/de_de\/wp-json\/wp\/v2\/product_tag?post=1694"}],"curies":[{"name":"wp","href":"https:\/\/api.w.org\/{rel}","templated":true}]}}