{"id":1621,"date":"2022-04-19T19:58:06","date_gmt":"2022-04-19T17:58:06","guid":{"rendered":"https:\/\/jockyart.de\/?post_type=product&#038;p=1621"},"modified":"2024-11-03T22:00:33","modified_gmt":"2024-11-03T21:00:33","slug":"lobpreis-bringt-licht-2","status":"publish","type":"product","link":"https:\/\/jockyart.de\/de_de\/produkt\/lobpreis-bringt-licht-2\/","title":{"rendered":"Lobpreis bringt Licht (Kunstdruck)"},"content":{"rendered":"<p>Dies ist ein wundersch\u00f6ner Kunstdruck:<br \/>\n<strong>Premium Poster Fine Art Matt 20 x 30 cm.<\/strong><br \/>\nDas Bild ist auf einem hochwertigen Karton gedruckt, \u00e4hnlich wie das Originalpapier der Buntstiftzeichnung.<\/p>\n","protected":false},"excerpt":{"rendered":"<p>Das Original des Bildes ist w\u00e4hrend einer Gebetszeit f\u00fcr Deutschland entstanden. Wenn wir Lobpreis machen, \u00e4ndert sich unser Blick. Wir schauen auf Jesus, auf Seine Gr\u00f6\u00dfe und Seine M\u00f6glichkeiten. Er gibt begr\u00fcndete Hoffnung, Er ist der unersch\u00fctterliche Fels, auf dem wir sicher stehen.<\/p>\n<p>Er gibt Sicherheit mitten im Sturm! Finsternis verwandelt sich in Licht, wenn wir Lobpreis machen und auf Jesus schauen!<br \/>\nZu diesem Bild gibt es ein <strong>wunderbares Zeugnis<\/strong>:<br \/>\n<a href=\"\/videos\/zeugnisse-mit-prophetischer-kunst\/zeugnis-mit-prophetischer-kunst-1-red-sea-moment-heilung\/\" target=\"_blank\" rel=\"noopener\"><img loading=\"lazy\" decoding=\"async\" class=\"alignnone wp-image-884 size-medium\" src=\"https:\/\/jockyart.de\/wp-content\/uploads\/2022\/04\/Thumb_Zeugnis_prophetischeKunst_001-300x169.jpg\" alt=\"Zeugnis mit proph. Kunst 001\" width=\"300\" height=\"169\" srcset=\"https:\/\/jockyart.de\/wp-content\/uploads\/2022\/04\/Thumb_Zeugnis_prophetischeKunst_001-300x169.jpg 300w, https:\/\/jockyart.de\/wp-content\/uploads\/2022\/04\/Thumb_Zeugnis_prophetischeKunst_001-324x182.jpg 324w, https:\/\/jockyart.de\/wp-content\/uploads\/2022\/04\/Thumb_Zeugnis_prophetischeKunst_001-416x234.jpg 416w, https:\/\/jockyart.de\/wp-content\/uploads\/2022\/04\/Thumb_Zeugnis_prophetischeKunst_001-1536x864.jpg 1536w, https:\/\/jockyart.de\/wp-content\/uploads\/2022\/04\/Thumb_Zeugnis_prophetischeKunst_001-18x10.jpg 18w, https:\/\/jockyart.de\/wp-content\/uploads\/2022\/04\/Thumb_Zeugnis_prophetischeKunst_001-768x432.jpg 768w, https:\/\/jockyart.de\/wp-content\/uploads\/2022\/04\/Thumb_Zeugnis_prophetischeKunst_001-1024x576.jpg 1024w, https:\/\/jockyart.de\/wp-content\/uploads\/2022\/04\/Thumb_Zeugnis_prophetischeKunst_001.jpg 1920w\" sizes=\"auto, (max-width: 300px) 100vw, 300px\" \/><\/a><\/p>\n","protected":false},"featured_media":1623,"comment_status":"open","ping_status":"closed","template":"","meta":[],"pwb-brand":[],"product_brand":[],"product_cat":[21],"product_tag":[56,77,122,79,22,405,70,432],"class_list":{"0":"post-1621","1":"product","2":"type-product","3":"status-publish","4":"has-post-thumbnail","6":"product_cat-kunstdrucke","7":"product_tag-buntstift","8":"product_tag-frieden","9":"product_tag-geborgenheit","10":"product_tag-herz","11":"product_tag-kunstdrucke","12":"product_tag-kuenstleraquarellstifte","13":"product_tag-prophetische-kunst","14":"product_tag-stuerme","16":"first","17":"instock","18":"sale","19":"purchasable","20":"product-type-simple"},"brands":[],"tiered_pricing_type":"fixed","tiered_pricing_fixed_rules":[],"tiered_pricing_product_settings":{"layout":"default","base_unit_name":{"singular":null,"plural":null},"default_variation":null},"tiered_pricing_minimum_quantity":null,"tiered_pricing_roles_data":[],"tiered_pricing_percentage_rules":[],"_links":{"self":[{"href":"https:\/\/jockyart.de\/de_de\/wp-json\/wp\/v2\/product\/1621","targetHints":{"allow":["GET"]}}],"collection":[{"href":"https:\/\/jockyart.de\/de_de\/wp-json\/wp\/v2\/product"}],"about":[{"href":"https:\/\/jockyart.de\/de_de\/wp-json\/wp\/v2\/types\/product"}],"replies":[{"embeddable":true,"href":"https:\/\/jockyart.de\/de_de\/wp-json\/wp\/v2\/comments?post=1621"}],"wp:featuredmedia":[{"embeddable":true,"href":"https:\/\/jockyart.de\/de_de\/wp-json\/wp\/v2\/media\/1623"}],"wp:attachment":[{"href":"https:\/\/jockyart.de\/de_de\/wp-json\/wp\/v2\/media?parent=1621"}],"wp:term":[{"taxonomy":"pwb-brand","embeddable":true,"href":"https:\/\/jockyart.de\/de_de\/wp-json\/wp\/v2\/pwb-brand?post=1621"},{"taxonomy":"product_brand","embeddable":true,"href":"https:\/\/jockyart.de\/de_de\/wp-json\/wp\/v2\/product_brand?post=1621"},{"taxonomy":"product_cat","embeddable":true,"href":"https:\/\/jockyart.de\/de_de\/wp-json\/wp\/v2\/product_cat?post=1621"},{"taxonomy":"product_tag","embeddable":true,"href":"https:\/\/jockyart.de\/de_de\/wp-json\/wp\/v2\/product_tag?post=1621"}],"curies":[{"name":"wp","href":"https:\/\/api.w.org\/{rel}","templated":true}]}}