{"id":1618,"date":"2022-04-19T19:52:05","date_gmt":"2022-04-19T17:52:05","guid":{"rendered":"https:\/\/jockyart.de\/?post_type=product&#038;p=1618"},"modified":"2022-11-11T19:18:52","modified_gmt":"2022-11-11T18:18:52","slug":"geborgenheit-ii","status":"publish","type":"product","link":"https:\/\/jockyart.de\/de_de\/produkt\/geborgenheit-ii\/","title":{"rendered":"Geborgenheit II  (Kunstdruck)"},"content":{"rendered":"<p>Dies ist ein wundersch\u00f6ner Kunstdruck:<br \/>\n<strong>Premium Poster Fine Art Matt 20 x 30 cm.<\/strong><br \/>\nDas Bild ist auf einem hochwertigen Karton gedruckt, \u00e4hnlich wie das Originalpapier der Buntstiftzeichnung.<\/p>\n","protected":false},"excerpt":{"rendered":"<p>Das Original des Bildes ist spontan w\u00e4hrend einer Lobpreiszeit im Hauskreis. So viele herausfordernde Dinge umgeben uns, die St\u00fcrme des Leben, Umst\u00e4nde, die uns \u00fcberfordern. Aber Jesus gibt in all dem Geborgenheit.<\/p>\n<p>Erst sp\u00e4ter habe ich realisiert, das in der gleichen Woche eine sehr herausfordernde Operation meiner Mutter war, auf das Bild sehr gut gepasst hat.<\/p>\n","protected":false},"featured_media":1620,"comment_status":"open","ping_status":"closed","template":"","meta":[],"pwb-brand":[],"product_brand":[],"product_cat":[21],"product_tag":[56,77,122,79,22,405,70,432],"class_list":{"0":"post-1618","1":"product","2":"type-product","3":"status-publish","4":"has-post-thumbnail","6":"product_cat-kunstdrucke","7":"product_tag-buntstift","8":"product_tag-frieden","9":"product_tag-geborgenheit","10":"product_tag-herz","11":"product_tag-kunstdrucke","12":"product_tag-kuenstleraquarellstifte","13":"product_tag-prophetische-kunst","14":"product_tag-stuerme","16":"first","17":"instock","18":"sale","19":"purchasable","20":"product-type-simple"},"brands":[],"tiered_pricing_type":"fixed","tiered_pricing_fixed_rules":[],"tiered_pricing_product_settings":{"layout":"default","base_unit_name":{"singular":null,"plural":null},"default_variation":null},"tiered_pricing_minimum_quantity":null,"tiered_pricing_roles_data":[],"tiered_pricing_percentage_rules":[],"_links":{"self":[{"href":"https:\/\/jockyart.de\/de_de\/wp-json\/wp\/v2\/product\/1618","targetHints":{"allow":["GET"]}}],"collection":[{"href":"https:\/\/jockyart.de\/de_de\/wp-json\/wp\/v2\/product"}],"about":[{"href":"https:\/\/jockyart.de\/de_de\/wp-json\/wp\/v2\/types\/product"}],"replies":[{"embeddable":true,"href":"https:\/\/jockyart.de\/de_de\/wp-json\/wp\/v2\/comments?post=1618"}],"wp:featuredmedia":[{"embeddable":true,"href":"https:\/\/jockyart.de\/de_de\/wp-json\/wp\/v2\/media\/1620"}],"wp:attachment":[{"href":"https:\/\/jockyart.de\/de_de\/wp-json\/wp\/v2\/media?parent=1618"}],"wp:term":[{"taxonomy":"pwb-brand","embeddable":true,"href":"https:\/\/jockyart.de\/de_de\/wp-json\/wp\/v2\/pwb-brand?post=1618"},{"taxonomy":"product_brand","embeddable":true,"href":"https:\/\/jockyart.de\/de_de\/wp-json\/wp\/v2\/product_brand?post=1618"},{"taxonomy":"product_cat","embeddable":true,"href":"https:\/\/jockyart.de\/de_de\/wp-json\/wp\/v2\/product_cat?post=1618"},{"taxonomy":"product_tag","embeddable":true,"href":"https:\/\/jockyart.de\/de_de\/wp-json\/wp\/v2\/product_tag?post=1618"}],"curies":[{"name":"wp","href":"https:\/\/api.w.org\/{rel}","templated":true}]}}