{"id":1612,"date":"2022-04-19T19:29:46","date_gmt":"2022-04-19T17:29:46","guid":{"rendered":"https:\/\/jockyart.de\/?post_type=product&#038;p=1612"},"modified":"2022-11-11T19:18:52","modified_gmt":"2022-11-11T18:18:52","slug":"lass-das-pferd-raus-2","status":"publish","type":"product","link":"https:\/\/jockyart.de\/de_de\/produkt\/lass-das-pferd-raus-2\/","title":{"rendered":"Lass das Pferd raus (Kunstdruck)"},"content":{"rendered":"<p>Dies ist ein wundersch\u00f6ner Kunstdruck:<br \/>\n<strong>Premium Poster Fine Art Matt 20 x 30 cm.<\/strong><br \/>\nDas Bild ist auf einem hochwertigen Karton gedruckt, \u00e4hnlich wie das Originalpapier der Buntstiftzeichnung.<\/p>\n","protected":false},"excerpt":{"rendered":"<p>Das\u00a0<a href=\"https:\/\/www.jocky.de\/2020\/01\/11\/lass-das-pferd-raus-aus-der-koppel\/\" target=\"_blank\" rel=\"noreferrer noopener\">Original<\/a>\u00a0dieses Bildes war ein Auftragsbild. Als ich f\u00fcr die Empf\u00e4ngerin des Bildes gebetet habe, bekam ich den Eindruck eines Pferdes, das auf seinen Hinterbeinen stand und grade aus seiner Koppel frei gelassen wurde. Es war dort lange eingesperrt und wurde nun endlich raus gelassen, so dass es seinem Naturell und seinem Temperament nachgehen konnte. Es ist f\u00fcr die Freiheit bestimmt, zu rennen und wild herumzulaufen, sich auszudr\u00fccken, auszubreiten\u2026<\/p>\n<p>Das spannende an dem Pferd war, dass es nicht klar umrissen war, es war eher sph\u00e4risch, flie\u00dfend. Das habe ich versucht in dem Bild nach zu empfinden, auch mit den etwas anderen Farben des Tieres und der Koppel.<\/p>\n<p>Ich glaube, dass Jesus sie ganz allgemein herausfordert, etwas frei zu lassen, was sie zur\u00fcck gelassen, eingesperrt, nicht zugelassen hat. Sie soll Dinge freilassen, nicht zur\u00fcckhalten, wo sie versucht hat zu kontrollieren, in Schach zu halten. Sie kann Dinge los- und freilassen, weil Jesus die Kontrolle hat. Sie kann es in Seine H\u00e4nde loslassen.<\/p>\n<p>Schlie\u00dflich ist das Pferd ja auch ein Symbol f\u00fcr Kraft, St\u00e4rke und Leidenschaft! Sie soll ihre Emotionen, ihre Leidenschaft zulassen, in ihrer St\u00e4rke aufstehen, die Autorit\u00e4t ergreifen, die Gott ihr gegeben hat.<br \/>\nKeine falsche Bescheidenheit, keine Angst vor der eigenen Courage. Sie soll mutig vorangehen, sich nicht z\u00e4hmen lassen, zu ihren Emotionen, ihrer Energie und Leidenschaft stehen. Sie soll rauslassen, was sie bisher versucht hat zu b\u00e4ndigen. Keine Angst, Gott ist mit ihr. Er passt auf, wenn sie ihn l\u00e4sst!<\/p>\n","protected":false},"featured_media":1614,"comment_status":"open","ping_status":"closed","template":"","meta":[],"pwb-brand":[],"product_brand":[],"product_cat":[21],"product_tag":[429,56,109,125,22,405,124,70],"class_list":{"0":"post-1612","1":"product","2":"type-product","3":"status-publish","4":"has-post-thumbnail","6":"product_cat-kunstdrucke","7":"product_tag-ausbruch","8":"product_tag-buntstift","9":"product_tag-feuer","10":"product_tag-koppel","11":"product_tag-kunstdrucke","12":"product_tag-kuenstleraquarellstifte","13":"product_tag-pferd","14":"product_tag-prophetische-kunst","16":"first","17":"instock","18":"sale","19":"purchasable","20":"product-type-simple"},"brands":[],"tiered_pricing_type":"fixed","tiered_pricing_fixed_rules":[],"tiered_pricing_product_settings":{"layout":"default","base_unit_name":{"singular":null,"plural":null},"default_variation":null},"tiered_pricing_minimum_quantity":null,"tiered_pricing_roles_data":[],"tiered_pricing_percentage_rules":[],"_links":{"self":[{"href":"https:\/\/jockyart.de\/de_de\/wp-json\/wp\/v2\/product\/1612","targetHints":{"allow":["GET"]}}],"collection":[{"href":"https:\/\/jockyart.de\/de_de\/wp-json\/wp\/v2\/product"}],"about":[{"href":"https:\/\/jockyart.de\/de_de\/wp-json\/wp\/v2\/types\/product"}],"replies":[{"embeddable":true,"href":"https:\/\/jockyart.de\/de_de\/wp-json\/wp\/v2\/comments?post=1612"}],"wp:featuredmedia":[{"embeddable":true,"href":"https:\/\/jockyart.de\/de_de\/wp-json\/wp\/v2\/media\/1614"}],"wp:attachment":[{"href":"https:\/\/jockyart.de\/de_de\/wp-json\/wp\/v2\/media?parent=1612"}],"wp:term":[{"taxonomy":"pwb-brand","embeddable":true,"href":"https:\/\/jockyart.de\/de_de\/wp-json\/wp\/v2\/pwb-brand?post=1612"},{"taxonomy":"product_brand","embeddable":true,"href":"https:\/\/jockyart.de\/de_de\/wp-json\/wp\/v2\/product_brand?post=1612"},{"taxonomy":"product_cat","embeddable":true,"href":"https:\/\/jockyart.de\/de_de\/wp-json\/wp\/v2\/product_cat?post=1612"},{"taxonomy":"product_tag","embeddable":true,"href":"https:\/\/jockyart.de\/de_de\/wp-json\/wp\/v2\/product_tag?post=1612"}],"curies":[{"name":"wp","href":"https:\/\/api.w.org\/{rel}","templated":true}]}}