{"id":1609,"date":"2022-04-19T19:07:47","date_gmt":"2022-04-19T17:07:47","guid":{"rendered":"https:\/\/jockyart.de\/?post_type=product&#038;p=1609"},"modified":"2022-11-11T19:18:52","modified_gmt":"2022-11-11T18:18:52","slug":"auf-rechter-strasse","status":"publish","type":"product","link":"https:\/\/jockyart.de\/de_de\/produkt\/auf-rechter-strasse\/","title":{"rendered":"Auf rechter Stra\u00dfe"},"content":{"rendered":"<p>Dies ist ein wundersch\u00f6ner Kunstdruck:<br \/>\n<strong>Premium Poster Fine Art Matt 20 x 30 cm.<\/strong><br \/>\nDas Bild ist auf einem hochwertigen Karton gedruckt, \u00e4hnlich wie das Originalpapier der Buntstiftzeichnung.<\/p>\n","protected":false},"excerpt":{"rendered":"<p>Das habe ich u.a. dem Auftraggeber des\u00a0<a href=\"https:\/\/www.jocky.de\/2021\/04\/30\/der-rechte-weg\/\" target=\"_blank\" rel=\"noreferrer noopener\">Originalbildes<\/a>\u00a0geschrieben:<\/p>\n<p>\u201eEr f\u00fchret mich auf rechter Stra\u00dfe um seines Namens willen.\u201c <strong>Psalm 23, 3<\/strong>.<\/p>\n<p>Ich denke, dass dieses Wort eine wunderbare Verhei\u00dfung und Zusage f\u00fcr Dich hat: Wenn Du mit Jesus, Deinem guten Hirten unterwegs bist, Dich Seiner F\u00fchrung anvertraut, wird Er Dich auf den rechten Weg f\u00fchren. Und das macht Er allein schon um der Ehre Seines Namens willen. Gott hat also quasi einen Ruf zu verlieren, wenn Du mit Ihm unterwegs bist und den richtigen Weg finden willst.<br \/>\n<span id=\"more-26507\"><\/span><br \/>\nMit anderen Worten, Du musst losgehen, damit Jesus Dich f\u00fchren kann. Es hei\u00dft immer so sch\u00f6n: Ein Schiff, das nicht f\u00e4hrt kann man nicht steuern. Oder wie mein Fahrlehrer immer sagte, Du darfst nicht im Stehen lenken, das musst Du immer machen, wenn das Auto in Bewegung ist. Denn wenn Du Dich bewegst, kann man Korrekturen vornehmen.<\/p>\n","protected":false},"featured_media":1611,"comment_status":"open","ping_status":"closed","template":"","meta":{"jetpack_post_was_ever_published":false},"pwb-brand":[],"product_brand":[],"product_cat":[21],"product_tag":[427,56,428,22,70,28],"class_list":{"0":"post-1609","1":"product","2":"type-product","3":"status-publish","4":"has-post-thumbnail","6":"product_cat-kunstdrucke","7":"product_tag-auf-rechter-strasse","8":"product_tag-buntstift","9":"product_tag-fuehrung","10":"product_tag-kunstdrucke","11":"product_tag-prophetische-kunst","12":"product_tag-psalm-23","14":"first","15":"instock","16":"sale","17":"taxable","18":"shipping-taxable","19":"purchasable","20":"product-type-simple"},"jetpack-related-posts":[],"jetpack_sharing_enabled":true,"brands":[],"tiered_pricing_type":"fixed","tiered_pricing_fixed_rules":[],"tiered_pricing_product_settings":{"layout":"default","base_unit_name":{"singular":null,"plural":null},"default_variation":null},"tiered_pricing_minimum_quantity":null,"tiered_pricing_roles_data":[],"tiered_pricing_percentage_rules":[],"_links":{"self":[{"href":"https:\/\/jockyart.de\/de_de\/wp-json\/wp\/v2\/product\/1609","targetHints":{"allow":["GET"]}}],"collection":[{"href":"https:\/\/jockyart.de\/de_de\/wp-json\/wp\/v2\/product"}],"about":[{"href":"https:\/\/jockyart.de\/de_de\/wp-json\/wp\/v2\/types\/product"}],"replies":[{"embeddable":true,"href":"https:\/\/jockyart.de\/de_de\/wp-json\/wp\/v2\/comments?post=1609"}],"wp:featuredmedia":[{"embeddable":true,"href":"https:\/\/jockyart.de\/de_de\/wp-json\/wp\/v2\/media\/1611"}],"wp:attachment":[{"href":"https:\/\/jockyart.de\/de_de\/wp-json\/wp\/v2\/media?parent=1609"}],"wp:term":[{"taxonomy":"pwb-brand","embeddable":true,"href":"https:\/\/jockyart.de\/de_de\/wp-json\/wp\/v2\/pwb-brand?post=1609"},{"taxonomy":"product_brand","embeddable":true,"href":"https:\/\/jockyart.de\/de_de\/wp-json\/wp\/v2\/product_brand?post=1609"},{"taxonomy":"product_cat","embeddable":true,"href":"https:\/\/jockyart.de\/de_de\/wp-json\/wp\/v2\/product_cat?post=1609"},{"taxonomy":"product_tag","embeddable":true,"href":"https:\/\/jockyart.de\/de_de\/wp-json\/wp\/v2\/product_tag?post=1609"}],"curies":[{"name":"wp","href":"https:\/\/api.w.org\/{rel}","templated":true}]}}