{"id":153,"date":"2022-03-31T16:39:40","date_gmt":"2022-03-31T14:39:40","guid":{"rendered":"https:\/\/jockyart.de\/?post_type=product&#038;p=153"},"modified":"2022-11-11T19:18:53","modified_gmt":"2022-11-11T18:18:53","slug":"kunstdruck-umhuellt-von-der-liebe-gottes","status":"publish","type":"product","link":"https:\/\/jockyart.de\/de_de\/produkt\/kunstdruck-umhuellt-von-der-liebe-gottes\/","title":{"rendered":"Umh\u00fcllt von der Liebe Gottes"},"content":{"rendered":"<p>Dies ist ein wundersch\u00f6ner Kunstdruck:<br \/>\n<strong>Premium Poster Fine Art Matt 20 x 30 cm.<\/strong><br \/>\nDas Bild ist auf einem hochwertigen Karton gedruckt, \u00e4hnlich wie das Originalpapier der Buntstiftzeichnung.<\/p>\n","protected":false},"excerpt":{"rendered":"<p>Das <a href=\"https:\/\/www.jocky.de\/2019\/08\/16\/prophetische-kunst-umhuellt-von-der-liebe-gottes\/\" target=\"_blank\" rel=\"noreferrer noopener\">Original<\/a> dieses Bildes war ein Auftragsbild, das bereits im Entstehungsprozess schon wie eine Bombe bei der Auftragsgeberin eingeschlagen hat. Es hat sie so ber\u00fchrt, dass sie spontan dazu ein Lied geschrieben hat (mehr Details im Blogartikel des <a href=\"https:\/\/www.jocky.de\/2019\/08\/16\/prophetische-kunst-umhuellt-von-der-liebe-gottes\/\" target=\"_blank\" rel=\"noreferrer noopener\">Originalbildes)<\/a>.<\/p>\n<p>Als ich f\u00fcr die Empf\u00e4ngerin des Bildes gebetet habe, hatte ich im Hintergrund was j\u00fcngst tragisches in ihrer Familie passiert war. W\u00e4hrend ich betete sah sie im Dunkeln, wie sie von einem Mantel eingeh\u00fcllt wurde.<\/p>\n<p>Irgendwie war das sehr flie\u00dfend, es h\u00e4tte auch das Blut Christi sein k\u00f6nnen. Auf jeden Fall hat es ausgedr\u00fcckt, wie nahe ihr Gott ist, wie er sie umgibt, wie sein Blut sie bedeckt und besch\u00fctzt, wie der Mantel Seiner Liebe sie umh\u00fcllt, wie sie in ihm verborgen ist, eingeh\u00fcllt von ihm. Dazu kam mir das Lied von Delirious? \u201eJesus\u2018 blood never fails me\u201c.<\/p>\n","protected":false},"featured_media":154,"comment_status":"open","ping_status":"closed","template":"","meta":[],"pwb-brand":[],"product_brand":[],"product_cat":[21],"product_tag":[22,50,49],"class_list":{"0":"post-153","1":"product","2":"type-product","3":"status-publish","4":"has-post-thumbnail","6":"product_cat-kunstdrucke","7":"product_tag-kunstdrucke","8":"product_tag-liebe-gottes","9":"product_tag-umhuellt","11":"first","12":"instock","13":"sale","14":"taxable","15":"shipping-taxable","16":"purchasable","17":"product-type-simple"},"brands":[],"tiered_pricing_type":"fixed","tiered_pricing_fixed_rules":[],"tiered_pricing_product_settings":{"layout":"default","base_unit_name":{"singular":null,"plural":null},"default_variation":null},"tiered_pricing_minimum_quantity":null,"tiered_pricing_roles_data":[],"tiered_pricing_percentage_rules":[],"_links":{"self":[{"href":"https:\/\/jockyart.de\/de_de\/wp-json\/wp\/v2\/product\/153","targetHints":{"allow":["GET"]}}],"collection":[{"href":"https:\/\/jockyart.de\/de_de\/wp-json\/wp\/v2\/product"}],"about":[{"href":"https:\/\/jockyart.de\/de_de\/wp-json\/wp\/v2\/types\/product"}],"replies":[{"embeddable":true,"href":"https:\/\/jockyart.de\/de_de\/wp-json\/wp\/v2\/comments?post=153"}],"wp:featuredmedia":[{"embeddable":true,"href":"https:\/\/jockyart.de\/de_de\/wp-json\/wp\/v2\/media\/154"}],"wp:attachment":[{"href":"https:\/\/jockyart.de\/de_de\/wp-json\/wp\/v2\/media?parent=153"}],"wp:term":[{"taxonomy":"pwb-brand","embeddable":true,"href":"https:\/\/jockyart.de\/de_de\/wp-json\/wp\/v2\/pwb-brand?post=153"},{"taxonomy":"product_brand","embeddable":true,"href":"https:\/\/jockyart.de\/de_de\/wp-json\/wp\/v2\/product_brand?post=153"},{"taxonomy":"product_cat","embeddable":true,"href":"https:\/\/jockyart.de\/de_de\/wp-json\/wp\/v2\/product_cat?post=153"},{"taxonomy":"product_tag","embeddable":true,"href":"https:\/\/jockyart.de\/de_de\/wp-json\/wp\/v2\/product_tag?post=153"}],"curies":[{"name":"wp","href":"https:\/\/api.w.org\/{rel}","templated":true}]}}