{"id":150,"date":"2022-03-31T16:33:52","date_gmt":"2022-03-31T14:33:52","guid":{"rendered":"https:\/\/jockyart.de\/?post_type=product&#038;p=150"},"modified":"2022-11-11T19:18:53","modified_gmt":"2022-11-11T18:18:53","slug":"kunstdruck-du-bist-nicht-allein-loewe","status":"publish","type":"product","link":"https:\/\/jockyart.de\/de_de\/produkt\/kunstdruck-du-bist-nicht-allein-loewe\/","title":{"rendered":"Du bist nicht allein (L\u00f6we)"},"content":{"rendered":"<p>Dies ist ein wundersch\u00f6ner Kunstdruck:<br \/>\n<strong>Premium Poster Fine Art Matt 20 x 30 cm.<\/strong><br \/>\nDas Bild ist auf einem hochwertigen Karton gedruckt, \u00e4hnlich wie das Originalpapier der Buntstiftzeichnung.<\/p>\n","protected":false},"excerpt":{"rendered":"<p>Das <a href=\"https:\/\/www.jocky.de\/2018\/12\/08\/prophetische-kunst-du-bist-nicht-allein-wichtelgeschenk\/\" target=\"_blank\" rel=\"noreferrer noopener\">Originalbild<\/a>\u00a0war ein Wichtelgeschenk auf einer Weihnachtsfeier f\u00fcr einen Arbeitskollegen.<\/p>\n<p>W\u00e4hrend ich f\u00fcr meinen Wichtelpartner betete, sah ich ihn allein auf einem einsamen Berg in der Finsternis stehen. Er kam sich ganz alleine vor, ohne einen Mitstreiter an seiner Seite, dass er dazu verdammt war ein Einzelk\u00e4mpfer zu sein, obwohl er liebend gerne mit jemand anderem an seiner Seite, seine Herausforderungen angegangen w\u00e4re.<\/p>\n<p>Doch ich sah, dass diese Einsch\u00e4tzung gar nicht richtig war. An seiner Seite sah ich einen m\u00e4chtigen, starken L\u00f6wen, der im Dunkeln hell leuchtete. Er war an seiner Seite und st\u00e4rkte ihm den R\u00fccken, stand ihm bei. Als Christen kennen wir das Symbol des L\u00f6wen, des L\u00f6wen aus dem Stamme Juda. Es steht f\u00fcr Jesus, der uns nie allein l\u00e4sst.<\/p>\n<p>Vielleicht glaubt der eine oder andere von uns auch, dass sie alleine und auf verlorenem Posten in der Finsternis stehen und dass sie niemand unterst\u00fctzt. Aber auch Jesus, der starke L\u00f6wen von Juda, steht an deiner Seite, deckt deinen R\u00fccken und k\u00e4mpft f\u00fcr Dich! Niemand ist allein!<\/p>\n","protected":false},"featured_media":151,"comment_status":"open","ping_status":"closed","template":"","meta":[],"pwb-brand":[],"product_brand":[],"product_cat":[21],"product_tag":[46,48,22,47,38],"class_list":{"0":"post-150","1":"product","2":"type-product","3":"status-publish","4":"has-post-thumbnail","6":"product_cat-kunstdrucke","7":"product_tag-fackel","8":"product_tag-finsternis","9":"product_tag-kunstdrucke","10":"product_tag-loewe","11":"product_tag-nicht-allein","13":"first","14":"instock","15":"sale","16":"taxable","17":"shipping-taxable","18":"purchasable","19":"product-type-simple"},"brands":[],"tiered_pricing_type":"fixed","tiered_pricing_fixed_rules":[],"tiered_pricing_product_settings":{"layout":"default","base_unit_name":{"singular":null,"plural":null},"default_variation":null},"tiered_pricing_minimum_quantity":null,"tiered_pricing_roles_data":[],"tiered_pricing_percentage_rules":[],"_links":{"self":[{"href":"https:\/\/jockyart.de\/de_de\/wp-json\/wp\/v2\/product\/150","targetHints":{"allow":["GET"]}}],"collection":[{"href":"https:\/\/jockyart.de\/de_de\/wp-json\/wp\/v2\/product"}],"about":[{"href":"https:\/\/jockyart.de\/de_de\/wp-json\/wp\/v2\/types\/product"}],"replies":[{"embeddable":true,"href":"https:\/\/jockyart.de\/de_de\/wp-json\/wp\/v2\/comments?post=150"}],"wp:featuredmedia":[{"embeddable":true,"href":"https:\/\/jockyart.de\/de_de\/wp-json\/wp\/v2\/media\/151"}],"wp:attachment":[{"href":"https:\/\/jockyart.de\/de_de\/wp-json\/wp\/v2\/media?parent=150"}],"wp:term":[{"taxonomy":"pwb-brand","embeddable":true,"href":"https:\/\/jockyart.de\/de_de\/wp-json\/wp\/v2\/pwb-brand?post=150"},{"taxonomy":"product_brand","embeddable":true,"href":"https:\/\/jockyart.de\/de_de\/wp-json\/wp\/v2\/product_brand?post=150"},{"taxonomy":"product_cat","embeddable":true,"href":"https:\/\/jockyart.de\/de_de\/wp-json\/wp\/v2\/product_cat?post=150"},{"taxonomy":"product_tag","embeddable":true,"href":"https:\/\/jockyart.de\/de_de\/wp-json\/wp\/v2\/product_tag?post=150"}],"curies":[{"name":"wp","href":"https:\/\/api.w.org\/{rel}","templated":true}]}}