{"id":147,"date":"2022-03-31T16:28:05","date_gmt":"2022-03-31T14:28:05","guid":{"rendered":"https:\/\/jockyart.de\/?post_type=product&#038;p=147"},"modified":"2022-11-11T19:18:53","modified_gmt":"2022-11-11T18:18:53","slug":"kunstdruck-belebe-die-traeume-deiner-kindheit","status":"publish","type":"product","link":"https:\/\/jockyart.de\/de_de\/produkt\/kunstdruck-belebe-die-traeume-deiner-kindheit\/","title":{"rendered":"Belebe die Tr\u00e4ume deiner Kindheit"},"content":{"rendered":"<p>Dies ist ein wundersch\u00f6ner Kunstdruck:<br \/>\n<strong>Premium Poster Fine Art Matt 20 x 30 cm.<\/strong><br \/>\nDas Bild ist auf einem hochwertigen Karton gedruckt, \u00e4hnlich wie das Originalpapier der Buntstiftzeichnung.<\/p>\n","protected":false},"excerpt":{"rendered":"<p>Das <a href=\"https:\/\/www.jocky.de\/2020\/08\/22\/belebe-die-traeume-deiner-kindheit-wieder-neu\/\" target=\"_blank\" rel=\"noopener\">Original<\/a> dieses Bildes war ein Auftragsbild. Als ich f\u00fcr den Empf\u00e4nger des Bildes gebetet habe, sah ich ihn als kleinen Jungen, wie er mutig eine steile Felswand hochgeklettert ist. In der Hand hatte er ein Holzschwert, das er triumphierend nach oben gehalten hast. Er war darauf aus, Abenteuer zu erleben und die Welt zu erobern. Die Welt lag ihm zu F\u00fc\u00dfen. Alles war m\u00f6glich! Auch wenn er nur ein kleines Holzschwert in der Hand gehalten hat, kam er sich wie der gr\u00f6\u00dfte Held vor.<\/p>\n<p>Durch verschiedene Ereignisse, Verletzungen und Entt\u00e4uschungen hat sich das aber total ver\u00e4ndert. Heute tut er seine Kindheitstr\u00e4ume ab und h\u00e4lt sie f\u00fcr Spinnereien.<\/p>\n<p>Jesus sagt ihm aber, dass Er sich damals \u00fcber seine K\u00fchnheit, seinen Mut und seine Entschlossenheit gefreut hat. Er hatte in der geistlichen Welt eine unglaubliche Auswirkung und viel bewirkt, was er vermutlich selber gar nicht bemerkt hat. W\u00e4hrend er das kleine Holzschwert hochgehalten hat, habe ich im Geist ein riesiges, scharfes Schwert gesehen, das gewaltig war. Jesus sagt ihm, dass dies immer noch gilt. Er hat gewaltige Auswirkungen in der geistlichen Welt, was sich wiederum auf unsere nat\u00fcrliche Welt auswirkt, wenn er aufsteht und wieder im Glauben und in K\u00fchnheit geht.<\/p>\n","protected":false},"featured_media":148,"comment_status":"open","ping_status":"closed","template":"","meta":[],"pwb-brand":[],"product_brand":[],"product_cat":[21],"product_tag":[89,56,87,22,70,86,88],"class_list":{"0":"post-147","1":"product","2":"type-product","3":"status-publish","4":"has-post-thumbnail","6":"product_cat-kunstdrucke","7":"product_tag-beleben","8":"product_tag-buntstift","9":"product_tag-junge","10":"product_tag-kunstdrucke","11":"product_tag-prophetische-kunst","12":"product_tag-schwert","13":"product_tag-traeume","15":"first","16":"instock","17":"sale","18":"taxable","19":"shipping-taxable","20":"purchasable","21":"product-type-simple"},"brands":[],"tiered_pricing_type":"fixed","tiered_pricing_fixed_rules":[],"tiered_pricing_product_settings":{"layout":"default","base_unit_name":{"singular":null,"plural":null},"default_variation":null},"tiered_pricing_minimum_quantity":null,"tiered_pricing_roles_data":[],"tiered_pricing_percentage_rules":[],"_links":{"self":[{"href":"https:\/\/jockyart.de\/de_de\/wp-json\/wp\/v2\/product\/147","targetHints":{"allow":["GET"]}}],"collection":[{"href":"https:\/\/jockyart.de\/de_de\/wp-json\/wp\/v2\/product"}],"about":[{"href":"https:\/\/jockyart.de\/de_de\/wp-json\/wp\/v2\/types\/product"}],"replies":[{"embeddable":true,"href":"https:\/\/jockyart.de\/de_de\/wp-json\/wp\/v2\/comments?post=147"}],"wp:featuredmedia":[{"embeddable":true,"href":"https:\/\/jockyart.de\/de_de\/wp-json\/wp\/v2\/media\/148"}],"wp:attachment":[{"href":"https:\/\/jockyart.de\/de_de\/wp-json\/wp\/v2\/media?parent=147"}],"wp:term":[{"taxonomy":"pwb-brand","embeddable":true,"href":"https:\/\/jockyart.de\/de_de\/wp-json\/wp\/v2\/pwb-brand?post=147"},{"taxonomy":"product_brand","embeddable":true,"href":"https:\/\/jockyart.de\/de_de\/wp-json\/wp\/v2\/product_brand?post=147"},{"taxonomy":"product_cat","embeddable":true,"href":"https:\/\/jockyart.de\/de_de\/wp-json\/wp\/v2\/product_cat?post=147"},{"taxonomy":"product_tag","embeddable":true,"href":"https:\/\/jockyart.de\/de_de\/wp-json\/wp\/v2\/product_tag?post=147"}],"curies":[{"name":"wp","href":"https:\/\/api.w.org\/{rel}","templated":true}]}}