{"id":144,"date":"2022-03-31T16:21:02","date_gmt":"2022-03-31T14:21:02","guid":{"rendered":"https:\/\/jockyart.de\/?post_type=product&#038;p=144"},"modified":"2022-11-11T19:18:53","modified_gmt":"2022-11-11T18:18:53","slug":"kunstdruck-getragen-von-der-hand-des-vaters","status":"publish","type":"product","link":"https:\/\/jockyart.de\/de_de\/produkt\/kunstdruck-getragen-von-der-hand-des-vaters\/","title":{"rendered":"Getragen von der Hand des Vaters"},"content":{"rendered":"<p>Dies ist ein wundersch\u00f6ner Kunstdruck:<br \/>\n<strong>Premium Poster Fine Art Matt 20 x 30 cm.<\/strong><br \/>\nDas Bild ist auf einem hochwertigen Karton gedruckt, \u00e4hnlich wie das Originalpapier der Buntstiftzeichnung.<\/p>\n","protected":false},"excerpt":{"rendered":"<p>Das\u00a0<a href=\"https:\/\/www.jocky.de\/2019\/11\/18\/getragen-von-der-hand-des-vaters\/\" target=\"_blank\" rel=\"noreferrer noopener\">Original<\/a>\u00a0dieses Bildes war ein Auftragsbild. Als ich f\u00fcr die Empf\u00e4ngerin des Bildes gebetet habe, kam diese schlichte und einfache Bild, das es aber denke sehr in sich hat.<\/p>\n<p>Ich sah ein kleines, junges, unschuldiges M\u00e4dchen, das vertrauensvoll die Hand seines Vaters hielt. Zusammen waren sie spazieren. Weil der Vater da war, Er die Hand der Tochter gehalten hat, f\u00fchlte sich das kleine M\u00e4dchen sicher und geborgen. Weil der Papa da war, konnte es mutig vorw\u00e4rts gehen und sich auf die Abenteuer freuen, die es zusammen mit Seinem Papa erleben konnte. Sie brauchte sich nicht \u00e4ngstlich umschauen, weil der Papa ja auf sie aufpasst. Sie konnte unbek\u00fcmmert unterwegs sein, sogar etwas riskieren und ausprobieren. Der Papa war ja da, um zu helfen, wenn mal etwas nicht so gut geklappt hatte. Ich denke diese Zusage ist gewaltig, dass der Vater mit ihr ist, dass Er sie nicht im Stich lassen wird, jeden Tag bei ihr sein wird!<\/p>\n<p>Es ist gut, \u00fcber dieser Wahrheit zu br\u00fcten, zu meditieren und sich vom Vater zeigen zu lassen, was das in der Tiefe f\u00fcr Dich bedeutet!<\/p>\n<p>\u201e<em>F\u00fcrchte dich nicht, ich bin mit dir; weiche nicht, denn ich bin dein Gott. Ich st\u00e4rke dich, ich helfe dir auch, ich halte dich durch die rechte Hand meiner Gerechtigkeit.<\/em>\u201c<br \/>\n<strong>Jesaja 41, 10<\/strong><\/p>\n<p>\u201e<em>Und siehe, ich bin bei euch alle Tage bis an der Welt Ende.<\/em>\u201c<br \/>\n<strong>Matth\u00e4us 28, 20<\/strong><\/p>\n<p>\u201e<em>Ich will dich nicht verlassen noch von dir weichen. Sei getrost und unverzagt\u2026<\/em>\u201c<br \/>\n<strong>Josua 1, 5+6<\/strong><\/p>\n","protected":false},"featured_media":145,"comment_status":"open","ping_status":"closed","template":"","meta":[],"pwb-brand":[],"product_brand":[],"product_cat":[21],"product_tag":[42,41,44,22,45,43],"class_list":{"0":"post-144","1":"product","2":"type-product","3":"status-publish","4":"has-post-thumbnail","6":"product_cat-kunstdrucke","7":"product_tag-arm","8":"product_tag-getragen","9":"product_tag-kind","10":"product_tag-kunstdrucke","11":"product_tag-maedchen","12":"product_tag-vater","14":"first","15":"instock","16":"sale","17":"taxable","18":"shipping-taxable","19":"purchasable","20":"product-type-simple"},"brands":[],"tiered_pricing_type":"fixed","tiered_pricing_fixed_rules":[],"tiered_pricing_product_settings":{"layout":"default","base_unit_name":{"singular":null,"plural":null},"default_variation":null},"tiered_pricing_minimum_quantity":null,"tiered_pricing_roles_data":[],"tiered_pricing_percentage_rules":[],"_links":{"self":[{"href":"https:\/\/jockyart.de\/de_de\/wp-json\/wp\/v2\/product\/144","targetHints":{"allow":["GET"]}}],"collection":[{"href":"https:\/\/jockyart.de\/de_de\/wp-json\/wp\/v2\/product"}],"about":[{"href":"https:\/\/jockyart.de\/de_de\/wp-json\/wp\/v2\/types\/product"}],"replies":[{"embeddable":true,"href":"https:\/\/jockyart.de\/de_de\/wp-json\/wp\/v2\/comments?post=144"}],"wp:featuredmedia":[{"embeddable":true,"href":"https:\/\/jockyart.de\/de_de\/wp-json\/wp\/v2\/media\/145"}],"wp:attachment":[{"href":"https:\/\/jockyart.de\/de_de\/wp-json\/wp\/v2\/media?parent=144"}],"wp:term":[{"taxonomy":"pwb-brand","embeddable":true,"href":"https:\/\/jockyart.de\/de_de\/wp-json\/wp\/v2\/pwb-brand?post=144"},{"taxonomy":"product_brand","embeddable":true,"href":"https:\/\/jockyart.de\/de_de\/wp-json\/wp\/v2\/product_brand?post=144"},{"taxonomy":"product_cat","embeddable":true,"href":"https:\/\/jockyart.de\/de_de\/wp-json\/wp\/v2\/product_cat?post=144"},{"taxonomy":"product_tag","embeddable":true,"href":"https:\/\/jockyart.de\/de_de\/wp-json\/wp\/v2\/product_tag?post=144"}],"curies":[{"name":"wp","href":"https:\/\/api.w.org\/{rel}","templated":true}]}}