{"id":138,"date":"2022-03-31T16:02:20","date_gmt":"2022-03-31T14:02:20","guid":{"rendered":"https:\/\/jockyart.de\/?post_type=product&#038;p=138"},"modified":"2022-11-11T19:18:53","modified_gmt":"2022-11-11T18:18:53","slug":"kunstdruck-die-entflammte-schreibmaschine","status":"publish","type":"product","link":"https:\/\/jockyart.de\/de_de\/produkt\/kunstdruck-die-entflammte-schreibmaschine\/","title":{"rendered":"Die entflammte Schreibmaschine"},"content":{"rendered":"<p>Dies ist ein wundersch\u00f6ner Kunstdruck:<br \/>\n<strong>Premium Poster Fine Art Matt 20 x 30 cm.<\/strong><br \/>\nDas Bild ist auf einem hochwertigen Karton gedruckt, \u00e4hnlich wie das Originalpapier der Buntstiftzeichnung.<\/p>\n","protected":false},"excerpt":{"rendered":"<p>Das\u00a0<a href=\"https:\/\/www.jocky.de\/2020\/06\/11\/du-bist-nicht-allein-der-beistand-ist-bei-dir\/\" target=\"_blank\" rel=\"noreferrer noopener\">Original<\/a> dieses Bildes war ein Auftragsbild. Als ich f\u00fcr den Empf\u00e4nger des Bildes gebetet habe, sah ich eine gro\u00dfe vereiste Fl\u00e4che. Es war wie ein vereistes, eingeschneites zugefrorenes Fenster. Man konnte nicht sehen, was sich dahinter verbarg. Er hatte mir\u00a0 etwas aus seinem Leben und den j\u00fcngsten schlimmen Ereignissen erz\u00e4hlt.<\/p>\n<p>Es ist so als w\u00fcrde\u00a0 er feststecken, wie gel\u00e4hmt und eingefroren sein. Dann sah ich aber eine alte Schreibmaschine. Er hat dann angefangen sich an diese Schreibmaschine zu setzen und damit zu schreiben. Zun\u00e4chst etwas zur\u00fcckhaltend und schleppend. Je l\u00e4nger er aber geschrieben hat desto mehr ist geflossen. Er hat seiner Kreativit\u00e4t freien Lauf gelassen und wunderbare Geschichten sind entstanden. Es hat ihn regelrecht befeuert und neu die Leidenschaft in ihm geweckt! Das hat dann dazu gef\u00fchrt, dass das Eis geschmolzen ist und er wurde von seiner L\u00e4hmung befreit, es kam wieder Freude und Lebensfreude in sein Leben.<\/p>\n<p>Ich glaube, dass Jesus ihm richtig Geschichten schenken will.<\/p>\n<p>Ich w\u00fcnschte, dass er seine Kreativit\u00e4t wieder ganz neu entdecken kann, er durch das Schreiben (und vielleicht auch andere kreative und musische Gaben) freigesetzt wird und dass Gott seine Kreativit\u00e4t m\u00e4chtig benutzt, um ihm und anderen zu dienen und ihn zu beleben!<\/p>\n<h4>Feedback des Auftraggebers:<\/h4>\n<p><a href=\"https:\/\/jockyart.de\/testimonials\/klaus-h\/\" rel=\"noopener\" target=\"_blank\">klick<\/a><\/p>\n","protected":false},"featured_media":139,"comment_status":"open","ping_status":"closed","template":"","meta":[],"pwb-brand":[],"product_brand":[],"product_cat":[21],"product_tag":[34,36,22,35,33],"class_list":{"0":"post-138","1":"product","2":"type-product","3":"status-publish","4":"has-post-thumbnail","6":"product_cat-kunstdrucke","7":"product_tag-eis","8":"product_tag-kreativitaet","9":"product_tag-kunstdrucke","10":"product_tag-neues-leben","11":"product_tag-schreibmaschine","13":"first","14":"instock","15":"sale","16":"taxable","17":"shipping-taxable","18":"purchasable","19":"product-type-simple"},"brands":[],"tiered_pricing_type":"fixed","tiered_pricing_fixed_rules":[],"tiered_pricing_product_settings":{"layout":"default","base_unit_name":{"singular":null,"plural":null},"default_variation":null},"tiered_pricing_minimum_quantity":null,"tiered_pricing_roles_data":[],"tiered_pricing_percentage_rules":[],"_links":{"self":[{"href":"https:\/\/jockyart.de\/de_de\/wp-json\/wp\/v2\/product\/138","targetHints":{"allow":["GET"]}}],"collection":[{"href":"https:\/\/jockyart.de\/de_de\/wp-json\/wp\/v2\/product"}],"about":[{"href":"https:\/\/jockyart.de\/de_de\/wp-json\/wp\/v2\/types\/product"}],"replies":[{"embeddable":true,"href":"https:\/\/jockyart.de\/de_de\/wp-json\/wp\/v2\/comments?post=138"}],"wp:featuredmedia":[{"embeddable":true,"href":"https:\/\/jockyart.de\/de_de\/wp-json\/wp\/v2\/media\/139"}],"wp:attachment":[{"href":"https:\/\/jockyart.de\/de_de\/wp-json\/wp\/v2\/media?parent=138"}],"wp:term":[{"taxonomy":"pwb-brand","embeddable":true,"href":"https:\/\/jockyart.de\/de_de\/wp-json\/wp\/v2\/pwb-brand?post=138"},{"taxonomy":"product_brand","embeddable":true,"href":"https:\/\/jockyart.de\/de_de\/wp-json\/wp\/v2\/product_brand?post=138"},{"taxonomy":"product_cat","embeddable":true,"href":"https:\/\/jockyart.de\/de_de\/wp-json\/wp\/v2\/product_cat?post=138"},{"taxonomy":"product_tag","embeddable":true,"href":"https:\/\/jockyart.de\/de_de\/wp-json\/wp\/v2\/product_tag?post=138"}],"curies":[{"name":"wp","href":"https:\/\/api.w.org\/{rel}","templated":true}]}}