{"id":126,"date":"2022-03-31T14:55:33","date_gmt":"2022-03-31T12:55:33","guid":{"rendered":"https:\/\/jockyart.de\/?post_type=product&#038;p=126"},"modified":"2022-11-11T19:18:53","modified_gmt":"2022-11-11T18:18:53","slug":"kunstdruck-fallen-in-die-haende-gottes","status":"publish","type":"product","link":"https:\/\/jockyart.de\/de_de\/produkt\/kunstdruck-fallen-in-die-haende-gottes\/","title":{"rendered":"Fallen in die H\u00e4nde Gottes"},"content":{"rendered":"<p>Dies ist ein wundersch\u00f6ner Kunstdruck:<br \/>\n<strong>Premium Poster Fine Art Matt 20 x 30 cm.<\/strong><br \/>\nDas Bild ist auf einem hochwertigen Karton gedruckt, \u00e4hnlich wie das Originalpapier der Buntstiftzeichnung.<\/p>\n","protected":false},"excerpt":{"rendered":"<p>Das habe ich u.a. der Empf\u00e4ngerin des <a href=\"https:\/\/www.jocky.de\/2020\/12\/22\/fallen-und-gleiten-in-die-haende-gottes\/\" target=\"_blank\" rel=\"noopener\">Originalbildes<\/a> geschrieben:<\/p>\n<p>Als ich also f\u00fcr Dich gebetet habe, sah ich Dich im freien Fall. Du warst nur am Fallen. Mein Eindruck war, dass Du Dich so f\u00fchlst, dass Du endlos am Fallen in einen Abgrund bist und niemand diesen Fall aufh\u00e4ngt. Die Wahrheit war aber, dass Du eher durch einen wundersch\u00f6nen bew\u00f6lkten blauen Himmel geglitten bist und Dich die liebevollen H\u00e4nde des Vaters aufgefangen haben. Es war also keine erschreckende, trostlose Situation, sondern eine besch\u00fctzte tief geborgene!<\/p>\n<p>Was auch immer passiert, Jesus k\u00fcmmert sich um Dich und der Vater f\u00e4ngt Dich mit Seinen liebevollen Armen auf. Du kannst niemals tiefer als in die Arme Gottes fallen. ER passt auf Dich auf!<\/p>\n","protected":false},"featured_media":128,"comment_status":"open","ping_status":"closed","template":"","meta":[],"pwb-brand":[],"product_brand":[],"product_cat":[21],"product_tag":[26,23,24,25,22],"class_list":{"0":"post-126","1":"product","2":"type-product","3":"status-publish","4":"has-post-thumbnail","6":"product_cat-kunstdrucke","7":"product_tag-fallen","8":"product_tag-haende","9":"product_tag-haende-gottes","10":"product_tag-himmel","11":"product_tag-kunstdrucke","13":"first","14":"instock","15":"sale","16":"taxable","17":"shipping-taxable","18":"purchasable","19":"product-type-simple"},"brands":[],"tiered_pricing_type":"fixed","tiered_pricing_fixed_rules":[],"tiered_pricing_product_settings":{"layout":"default","base_unit_name":{"singular":null,"plural":null},"default_variation":null},"tiered_pricing_minimum_quantity":null,"tiered_pricing_roles_data":[],"tiered_pricing_percentage_rules":[],"_links":{"self":[{"href":"https:\/\/jockyart.de\/de_de\/wp-json\/wp\/v2\/product\/126","targetHints":{"allow":["GET"]}}],"collection":[{"href":"https:\/\/jockyart.de\/de_de\/wp-json\/wp\/v2\/product"}],"about":[{"href":"https:\/\/jockyart.de\/de_de\/wp-json\/wp\/v2\/types\/product"}],"replies":[{"embeddable":true,"href":"https:\/\/jockyart.de\/de_de\/wp-json\/wp\/v2\/comments?post=126"}],"wp:featuredmedia":[{"embeddable":true,"href":"https:\/\/jockyart.de\/de_de\/wp-json\/wp\/v2\/media\/128"}],"wp:attachment":[{"href":"https:\/\/jockyart.de\/de_de\/wp-json\/wp\/v2\/media?parent=126"}],"wp:term":[{"taxonomy":"pwb-brand","embeddable":true,"href":"https:\/\/jockyart.de\/de_de\/wp-json\/wp\/v2\/pwb-brand?post=126"},{"taxonomy":"product_brand","embeddable":true,"href":"https:\/\/jockyart.de\/de_de\/wp-json\/wp\/v2\/product_brand?post=126"},{"taxonomy":"product_cat","embeddable":true,"href":"https:\/\/jockyart.de\/de_de\/wp-json\/wp\/v2\/product_cat?post=126"},{"taxonomy":"product_tag","embeddable":true,"href":"https:\/\/jockyart.de\/de_de\/wp-json\/wp\/v2\/product_tag?post=126"}],"curies":[{"name":"wp","href":"https:\/\/api.w.org\/{rel}","templated":true}]}}