{"id":11420,"date":"2026-04-02T13:23:08","date_gmt":"2026-04-02T11:23:08","guid":{"rendered":"https:\/\/jockyart.de\/?post_type=product&#038;p=11420"},"modified":"2026-04-11T09:24:08","modified_gmt":"2026-04-11T07:24:08","slug":"david-strengthened-himself-original","status":"publish","type":"product","link":"https:\/\/jockyart.de\/de_de\/produkt\/david-strengthened-himself-original\/","title":{"rendered":"David strengthened himself (Original)"},"content":{"rendered":"<p>Ich habe eine Vielzahl an Bildern erstellt, die keine Auftragsbilder waren. Meistens sind sie in einer Lobpreis- oder Gebetszeit entstanden und haben eine prophetische Bedeutung.<\/p>\n<p>Einige dieser Originale habe ich hier eingestellt. Es gibt weit mehr, die ich hier nach und nach einpflegen werde.<br \/>\nIhr k\u00f6nnt gerne in meinen <a href=\"https:\/\/jockyart.de\/galerien\/\" target=\"_blank\" rel=\"noopener\"><strong>Galerien<\/strong><\/a> st\u00f6bern und sehen, ob ihr eines dieser <strong>Bilder<\/strong> dort erwerben wollt.<br \/>\nDann kommt gerne auf mich zu, auch wenn das jeweilige Bild hier noch nicht gelistet ist.<\/p>\n<p>Gerne mache ich noch eine <strong>pers\u00f6nliche Widmung<\/strong> dazu.<\/p>\n","protected":false},"excerpt":{"rendered":"<p>W\u00e4hrend unserer Gebetsschicht im Gebetshaus M\u00fcnchen f\u00fcr &#8220;Identit\u00e4t und Kunst &amp; Kreativit\u00e4t&#8221; hatten wir neulich die Bibelstelle:<br \/>\n&#8220;David aber st\u00e4rkte sich in dem HERRN, seinem Gott.&#8221;<br \/>\n1. Samuel 30, 6<\/p>\n<p>Der Hintergrund dieser Stelle ist sehr bewegend. David kommt mit seinen M\u00e4nnern aus dem Krieg zur\u00fcck. Sie sind m\u00fcde und wollen sich einfach nur ausruhen und wieder auftanken. Zu ihrem Entsetzen finden sie ihr Dorf gepl\u00fcndert und verw\u00fcstet vor. Ihre Frauen und Kinder und Hab und Gut weg. Zu allem \u00dcberdru\u00df lehnen sie sich nun auch noch gegen David auf und wollen ihn steinigen. Die meisten von uns w\u00fcrden in Panik geraten. Aber David hatte die F\u00e4higkeit sich innerhalb weniger Minuten in Gott zu st\u00e4rken und sogar mit einer Strategie zu kommen, wie sie ihr Hab und Gut wieder zur\u00fcckbekommen k\u00f6nnen.<\/p>\n<p>Das habe ich versucht mit meiner Zeichnung auszudr\u00fccken.<\/p>\n<p>\u00a9 Copyright 2026 by <a href=\"https:\/\/www.jockyArt.de\">JockyArt.de<\/a><\/p>\n<p>Auf Anfrage ist das Bild nat\u00fcrlich auch als Kunstdruck, Poster, Leinwand oder als Sonderanfertigung wie Kissen oder Decke erh\u00e4ltlich.<\/p>\n","protected":false},"featured_media":11421,"comment_status":"open","ping_status":"closed","template":"","meta":{"jetpack_post_was_ever_published":false},"pwb-brand":[],"product_brand":[],"product_cat":[68,909],"product_tag":[123,1237,910,405,116,70,1238,1152],"class_list":{"0":"post-11420","1":"product","2":"type-product","3":"status-publish","4":"has-post-thumbnail","6":"product_cat-originale","7":"product_cat-originale-fineliner","8":"product_tag-bunststift","9":"product_tag-david","10":"product_tag-fineliner","11":"product_tag-kuenstleraquarellstifte","12":"product_tag-original","13":"product_tag-prophetische-kunst","14":"product_tag-staerken","15":"product_tag-strichzeichnung","16":"product_shipping_class-versandpauschale","18":"first","19":"instock","20":"purchasable","21":"product-type-simple"},"jetpack-related-posts":[],"jetpack_sharing_enabled":true,"brands":[],"tiered_pricing_type":"fixed","tiered_pricing_fixed_rules":[],"tiered_pricing_product_settings":{"layout":"default","base_unit_name":{"singular":null,"plural":null},"default_variation":null},"tiered_pricing_minimum_quantity":null,"tiered_pricing_roles_data":[],"tiered_pricing_percentage_rules":[],"_links":{"self":[{"href":"https:\/\/jockyart.de\/de_de\/wp-json\/wp\/v2\/product\/11420","targetHints":{"allow":["GET"]}}],"collection":[{"href":"https:\/\/jockyart.de\/de_de\/wp-json\/wp\/v2\/product"}],"about":[{"href":"https:\/\/jockyart.de\/de_de\/wp-json\/wp\/v2\/types\/product"}],"replies":[{"embeddable":true,"href":"https:\/\/jockyart.de\/de_de\/wp-json\/wp\/v2\/comments?post=11420"}],"wp:featuredmedia":[{"embeddable":true,"href":"https:\/\/jockyart.de\/de_de\/wp-json\/wp\/v2\/media\/11421"}],"wp:attachment":[{"href":"https:\/\/jockyart.de\/de_de\/wp-json\/wp\/v2\/media?parent=11420"}],"wp:term":[{"taxonomy":"pwb-brand","embeddable":true,"href":"https:\/\/jockyart.de\/de_de\/wp-json\/wp\/v2\/pwb-brand?post=11420"},{"taxonomy":"product_brand","embeddable":true,"href":"https:\/\/jockyart.de\/de_de\/wp-json\/wp\/v2\/product_brand?post=11420"},{"taxonomy":"product_cat","embeddable":true,"href":"https:\/\/jockyart.de\/de_de\/wp-json\/wp\/v2\/product_cat?post=11420"},{"taxonomy":"product_tag","embeddable":true,"href":"https:\/\/jockyart.de\/de_de\/wp-json\/wp\/v2\/product_tag?post=11420"}],"curies":[{"name":"wp","href":"https:\/\/api.w.org\/{rel}","templated":true}]}}