{"id":11290,"date":"2026-03-21T20:31:47","date_gmt":"2026-03-21T19:31:47","guid":{"rendered":"https:\/\/jockyart.de\/?post_type=product&#038;p=11290"},"modified":"2026-04-11T09:26:00","modified_gmt":"2026-04-11T07:26:00","slug":"jockyart-puzzle","status":"publish","type":"product","link":"https:\/\/jockyart.de\/de_de\/produkt\/jockyart-puzzle\/","title":{"rendered":"JockyArt &#8211; Puzzle"},"content":{"rendered":"<h2 class=\"sg-cw-pip-productname\">Premium Fotopuzzle<\/h2>\n<h3>Einzigartige Puzzlemomente<\/h3>\n<p class=\"sg-cw-pip-description\">Erlebe die Freude an meiner Kunst beim Zusammensetzen St\u00fcck f\u00fcr St\u00fcck.<\/p>\n<div class=\"sg-cw-pip-features\">\n<ul>\n<li>individuelles Bild &amp; Design auf Puzzle und Verpackung<\/li>\n<li>als 40, 100, 200, 500, 1000, 1500 oder 2000 Teile Format<\/li>\n<li>100 &amp; 200 Teile: Digitaldruck<\/li>\n<li>ab 500 Teile: Wasserbasierter Druck<\/li>\n<\/ul>\n<\/div>\n<p>4 Arbeitstage voraussichtliche Lieferzeit bei Postversand nach Bestellung bei CEWE.<br \/>\nIch lasse das Puzzle direkt\u00a0 vom Hersteller an eure gew\u00fcnschte Adresse schicken.<\/p>\n","protected":false},"excerpt":{"rendered":"<p>Jeder kennt die ber\u00fchmten Puzzles meistens mit einem Fotomotiv. Jetzt k\u00f6nnt ihr den Puzzlespa\u00df mit Motiven meiner Kunst erleben. Gebt mir gerne euer Wunschmotiv an (siehe meine Bilder unter \u25ba <a href=\"https:\/\/jockyart.de\/de_de\/galerien\/prophetische-kunst\/\" target=\"_blank\" rel=\"noopener\">Galerien<\/a>). Achtet darauf, dass die Motive m\u00f6glichst unterschiedlich sind. Je kleiner die Farbpalette des Motivs ist, desto schwieriger wird es sein, dass Puzzle zu l\u00f6sen.<\/p>\n<p><strong>Bitte gib am Ende des Bestellprozesses den Namen des Bildes ein, dass Du als Puzzle haben willst!<\/strong><\/p>\n","protected":false},"featured_media":11291,"comment_status":"open","ping_status":"closed","template":"","meta":{"jetpack_post_was_ever_published":false},"pwb-brand":[],"product_brand":[],"product_cat":[1212],"product_tag":[1214,1208,405,70,1213],"class_list":{"0":"post-11290","1":"product","2":"type-product","3":"status-publish","4":"has-post-thumbnail","6":"product_cat-puzzle","7":"product_tag-buntstifte","8":"product_tag-jockyart","9":"product_tag-kuenstleraquarellstifte","10":"product_tag-prophetische-kunst","11":"product_tag-puzzle","12":"product_shipping_class-haendler","14":"first","15":"instock","16":"purchasable","17":"product-type-variable"},"jetpack-related-posts":[],"jetpack_sharing_enabled":true,"brands":[],"tiered_pricing_type":"fixed","tiered_pricing_fixed_rules":[],"tiered_pricing_product_settings":{"layout":"default","base_unit_name":{"singular":null,"plural":null},"default_variation":null},"tiered_pricing_minimum_quantity":null,"tiered_pricing_roles_data":[],"tiered_pricing_percentage_rules":[],"_links":{"self":[{"href":"https:\/\/jockyart.de\/de_de\/wp-json\/wp\/v2\/product\/11290","targetHints":{"allow":["GET"]}}],"collection":[{"href":"https:\/\/jockyart.de\/de_de\/wp-json\/wp\/v2\/product"}],"about":[{"href":"https:\/\/jockyart.de\/de_de\/wp-json\/wp\/v2\/types\/product"}],"replies":[{"embeddable":true,"href":"https:\/\/jockyart.de\/de_de\/wp-json\/wp\/v2\/comments?post=11290"}],"wp:featuredmedia":[{"embeddable":true,"href":"https:\/\/jockyart.de\/de_de\/wp-json\/wp\/v2\/media\/11291"}],"wp:attachment":[{"href":"https:\/\/jockyart.de\/de_de\/wp-json\/wp\/v2\/media?parent=11290"}],"wp:term":[{"taxonomy":"pwb-brand","embeddable":true,"href":"https:\/\/jockyart.de\/de_de\/wp-json\/wp\/v2\/pwb-brand?post=11290"},{"taxonomy":"product_brand","embeddable":true,"href":"https:\/\/jockyart.de\/de_de\/wp-json\/wp\/v2\/product_brand?post=11290"},{"taxonomy":"product_cat","embeddable":true,"href":"https:\/\/jockyart.de\/de_de\/wp-json\/wp\/v2\/product_cat?post=11290"},{"taxonomy":"product_tag","embeddable":true,"href":"https:\/\/jockyart.de\/de_de\/wp-json\/wp\/v2\/product_tag?post=11290"}],"curies":[{"name":"wp","href":"https:\/\/api.w.org\/{rel}","templated":true}]}}