{"id":11245,"date":"2025-12-20T22:37:52","date_gmt":"2025-12-20T21:37:52","guid":{"rendered":"https:\/\/jockyart.de\/?post_type=product&#038;p=11245"},"modified":"2026-04-11T09:27:38","modified_gmt":"2026-04-11T07:27:38","slug":"tanz-ueber-den-wolken-leinwand-mit-rahmen","status":"publish","type":"product","link":"https:\/\/jockyart.de\/de_de\/produkt\/tanz-ueber-den-wolken-leinwand-mit-rahmen\/","title":{"rendered":"Tanz \u00fcber den Wolken (Leinwand mit Rahmen)"},"content":{"rendered":"<p>Neben den vorr\u00e4tigen Leinw\u00e4nden k\u00f6nnt ihr nat\u00fcrlich das Bild auch in anderen Gr\u00f6\u00dfen bestellen. Auf Wunsch gerne auch mit Rahmen, sprecht mich dazu bitte an. Das muss ich dann nat\u00fcrlich erst beim Hersteller in Auftrag geben.<\/p>\n<p>Andere Reproduktionen als Kunstdruck oder Poster unter &#8220;<a href=\"\/produkt-kategorie\/prints\/\" target=\"_blank\" rel=\"noopener\">Prints<\/a>&#8221; bestellbar.<br \/>\nWenn ihr eine Reproduktion von Bildern haben wollt, die hier nicht gelistet sind, schreibt mich gerne an :).<\/p>\n<p>4 Arbeitstage Lieferzeit nach Bestellung beim Hersteller der Reproduktion.<\/p>\n","protected":false},"excerpt":{"rendered":"<p>Das urspr\u00fcngliche Auftragsbild war ein Geschenk des Ehemanns f\u00fcr seine Frau zum Hochzeitstag. Beim Gebet f\u00fcr sie, kam sehr schnell der Eindruck, dass sie sehr viele Herausforderungen, Schwierigkeiten und Probleme hat und diese mit sich herumschleppt.\u00a0 Mein Eindruck war aber, dass sie diese Lasten gar nicht tragen soll, da Jesus sie schon l\u00e4ngst am Kreuz f\u00fcr sie getragen hat.<\/p>\n<p>Wenn sie es schaffen w\u00fcrde, diese Lasten an Jesus abzugeben, w\u00fcrde sie das so befreien, dass sie das Gef\u00fchl h\u00e4tte, \u00fcber den Wolken zu tanzen<span id=\"more-27713\"><\/span><\/p>\n<p>Da das Bild \u00fcberraschend sehr rot wurde, habe ich den Eindruck, dass Jesus durch dieses Bild\u00a0<strong>Endometriose<\/strong>\u00a0heilen will. Hier bildet sich sehr schmerzhaftes Gewebe au\u00dferhalb der Geb\u00e4rmutter. Wenn Dich das betrifft, streck Dich sehr gerne nach Heilung aus, dass Jesus Dich dort heilt!<\/p>\n","protected":false},"featured_media":11246,"comment_status":"open","ping_status":"closed","template":"","meta":[],"pwb-brand":[],"product_brand":[],"product_cat":[1203],"product_tag":[761,1206,754,70,1205,407,442,461],"class_list":{"0":"post-11245","1":"product","2":"type-product","3":"status-publish","4":"has-post-thumbnail","6":"product_cat-leinwand-vorraetig","7":"product_tag-endometriose","8":"product_tag-last","9":"product_tag-leinwand","10":"product_tag-prophetische-kunst","11":"product_tag-schmerz","12":"product_tag-schoenheit","13":"product_tag-tanz","14":"product_tag-wolken","15":"product_shipping_class-versandpauschale","17":"first","18":"instock","19":"purchasable","20":"product-type-simple"},"brands":[],"tiered_pricing_type":"fixed","tiered_pricing_fixed_rules":[],"tiered_pricing_product_settings":{"layout":"default","base_unit_name":{"singular":null,"plural":null},"default_variation":null},"tiered_pricing_minimum_quantity":null,"tiered_pricing_roles_data":[],"tiered_pricing_percentage_rules":[],"_links":{"self":[{"href":"https:\/\/jockyart.de\/de_de\/wp-json\/wp\/v2\/product\/11245","targetHints":{"allow":["GET"]}}],"collection":[{"href":"https:\/\/jockyart.de\/de_de\/wp-json\/wp\/v2\/product"}],"about":[{"href":"https:\/\/jockyart.de\/de_de\/wp-json\/wp\/v2\/types\/product"}],"replies":[{"embeddable":true,"href":"https:\/\/jockyart.de\/de_de\/wp-json\/wp\/v2\/comments?post=11245"}],"wp:featuredmedia":[{"embeddable":true,"href":"https:\/\/jockyart.de\/de_de\/wp-json\/wp\/v2\/media\/11246"}],"wp:attachment":[{"href":"https:\/\/jockyart.de\/de_de\/wp-json\/wp\/v2\/media?parent=11245"}],"wp:term":[{"taxonomy":"pwb-brand","embeddable":true,"href":"https:\/\/jockyart.de\/de_de\/wp-json\/wp\/v2\/pwb-brand?post=11245"},{"taxonomy":"product_brand","embeddable":true,"href":"https:\/\/jockyart.de\/de_de\/wp-json\/wp\/v2\/product_brand?post=11245"},{"taxonomy":"product_cat","embeddable":true,"href":"https:\/\/jockyart.de\/de_de\/wp-json\/wp\/v2\/product_cat?post=11245"},{"taxonomy":"product_tag","embeddable":true,"href":"https:\/\/jockyart.de\/de_de\/wp-json\/wp\/v2\/product_tag?post=11245"}],"curies":[{"name":"wp","href":"https:\/\/api.w.org\/{rel}","templated":true}]}}