{"id":11126,"date":"2025-07-08T17:54:23","date_gmt":"2025-07-08T15:54:23","guid":{"rendered":"https:\/\/jockyart.de\/?post_type=product&#038;p=11126"},"modified":"2026-02-21T12:43:17","modified_gmt":"2026-02-21T11:43:17","slug":"lass-uns-zur-hoelle-fahren","status":"publish","type":"product","link":"https:\/\/jockyart.de\/de_de\/produkt\/lass-uns-zur-hoelle-fahren\/","title":{"rendered":"Lass uns zur H\u00f6lle fahren"},"content":{"rendered":"<p><strong>PDF<br \/>\n<\/strong>224 Seiten, auch als gedrucktes Taschenbuch erh\u00e4ltlich<\/p>\n","protected":false},"excerpt":{"rendered":"<p>&#8220;Clint Backer ist stellvertretender Kommandant der \u00bbW\u00f6lfe\u00ab, einer 200 Mann starken Motorradgang, die Ende der 1960er mit ihren Harley Davidsons den S\u00fcden der USA unsicher machen. Bitterlich entfremdet von seiner Mutter und seinem Stiefvater, versucht er verzweifelt, seinen j\u00fcngeren Bruder Colt davor zu bewahren, sich mit Drogen und Gewalt selbst zugrunde zu richten.<\/p>\n<p>Ist sein Leben doch nur eine \u00fcble Reise, die im Knast oder noch schlimmer enden wird? Die \u00bbW\u00f6lfe\u00ab sind scheinbar die Einzigen, die sich \u00fcberhaupt um ihn und seinen Bruder k\u00fcmmern. Doch dann wird Backer mit einer gr\u00f6\u00dferen Macht als den \u00bbW\u00f6lfen\u00ab konfrontiert.<\/p>\n<p>Gottes Liebe ver\u00e4ndert sein Leben von Grund auf. Er wagt sich auf harte Stra\u00dfen, um auch andere mit dieser Liebe zu erreichen. Dabei erlebt er, wie das Wunder der Vergebung die Ge\u00e4chteten unserer Gesellschaft verwandelt. Sein neuer Weg f\u00fchrt ihn unweigerlich zu einer weiteren Begegnung mit seinen fr\u00fcheren Kameraden, den \u00bbW\u00f6lfen\u00ab. Aber was wird ihn diese Begegnung kosten?<\/p>\n<p>Eine dynamische Erz\u00e4hlung \u00fcber das Licht, das todgeweihten Rebellen pl\u00f6tzlich und ohne erkennbaren Grund begegnet. Und Rebellen sind wir alle.&#8221;<\/p>\n<p>Ich durfte diesen Roman vor einigen Jahren illustrieren. Mein Freund Joe Wittrock hat das Buch \u00fcbersetzt. Es war lange nicht klar, ob meine Bilder mit ver\u00f6ffentlicht werden. Da der Verlag das Buch auch kostenlos als pdf zum Download anbietet, stelle ich es euch auch hier zur Verf\u00fcgung. Mein Coverentwurf wurde nicht verwendet.<\/p>\n<p>Hier k\u00f6nnt ihr das gedruckte Buch beim Verlag clv bestellen: <a href=\"https:\/\/clv.de\/Lass-uns-zur-Hoelle-fahren\/255583\" target=\"_blank\" rel=\"noopener\">klick<\/a>!<\/p>\n","protected":false},"featured_media":11127,"comment_status":"open","ping_status":"closed","template":"","meta":[],"pwb-brand":[],"product_brand":[],"product_cat":[61],"product_tag":[1187,62,910,1151,1188,1186],"class_list":{"0":"post-11126","1":"product","2":"type-product","3":"status-publish","4":"has-post-thumbnail","6":"product_cat-buch","7":"product_tag-biker","8":"product_tag-buch","9":"product_tag-fineliner","10":"product_tag-illustrationen","11":"product_tag-rocker","12":"product_tag-roman","14":"first","15":"instock","16":"downloadable","17":"virtual","18":"purchasable","19":"product-type-simple"},"brands":[],"tiered_pricing_type":"fixed","tiered_pricing_fixed_rules":[],"tiered_pricing_product_settings":{"layout":"default","base_unit_name":{"singular":null,"plural":null},"default_variation":null},"tiered_pricing_minimum_quantity":null,"tiered_pricing_roles_data":[],"tiered_pricing_percentage_rules":[],"_links":{"self":[{"href":"https:\/\/jockyart.de\/de_de\/wp-json\/wp\/v2\/product\/11126","targetHints":{"allow":["GET"]}}],"collection":[{"href":"https:\/\/jockyart.de\/de_de\/wp-json\/wp\/v2\/product"}],"about":[{"href":"https:\/\/jockyart.de\/de_de\/wp-json\/wp\/v2\/types\/product"}],"replies":[{"embeddable":true,"href":"https:\/\/jockyart.de\/de_de\/wp-json\/wp\/v2\/comments?post=11126"}],"wp:featuredmedia":[{"embeddable":true,"href":"https:\/\/jockyart.de\/de_de\/wp-json\/wp\/v2\/media\/11127"}],"wp:attachment":[{"href":"https:\/\/jockyart.de\/de_de\/wp-json\/wp\/v2\/media?parent=11126"}],"wp:term":[{"taxonomy":"pwb-brand","embeddable":true,"href":"https:\/\/jockyart.de\/de_de\/wp-json\/wp\/v2\/pwb-brand?post=11126"},{"taxonomy":"product_brand","embeddable":true,"href":"https:\/\/jockyart.de\/de_de\/wp-json\/wp\/v2\/product_brand?post=11126"},{"taxonomy":"product_cat","embeddable":true,"href":"https:\/\/jockyart.de\/de_de\/wp-json\/wp\/v2\/product_cat?post=11126"},{"taxonomy":"product_tag","embeddable":true,"href":"https:\/\/jockyart.de\/de_de\/wp-json\/wp\/v2\/product_tag?post=11126"}],"curies":[{"name":"wp","href":"https:\/\/api.w.org\/{rel}","templated":true}]}}