{"id":11086,"date":"2025-06-18T19:04:07","date_gmt":"2025-06-18T17:04:07","guid":{"rendered":"https:\/\/jockyart.de\/?post_type=product&#038;p=11086"},"modified":"2025-12-09T07:05:12","modified_gmt":"2025-12-09T06:05:12","slug":"prophetische-kunst-mit-buntstiften-juli-2025","status":"publish","type":"product","link":"https:\/\/jockyart.de\/de_de\/produkt\/prophetische-kunst-mit-buntstiften-juli-2025\/","title":{"rendered":"Prophetische Kunst mit Buntstiften (Juli 2025)"},"content":{"rendered":"<p><strong>2-teiliger Onlineworkshop \u00fcber Zoom<\/strong><br \/>\n(Link und Zugangsdaten bekommt ihr kurz vor dem ersten Abend).<br \/>\nBitte kl\u00e4rt vorab, dass ihr alle technischen Voraussetzungen f\u00fcr Zoom erf\u00fcllt und die Software up to date ist. Ich kann w\u00e4hrend des Workshops keine technischen Probleme l\u00f6sen.<br \/>\nEmpfohlene Teilnahme am PC\/ Laptop.<\/p>\n<p>Die Abende werden <strong>aufgezeichnet<\/strong> und sind hinterher \u00fcber einen nicht gelisteten <strong>YouTube<\/strong> Link abspielbar (ausschlie\u00dflich f\u00fcr Teilnehmer).<br \/>\nDauer jeweils <strong>ca. 1,5 Stunden<\/strong>.<\/p>\n<p><strong>Empfohlenes Material:<\/strong><\/p>\n<ul>\n<li>FABER-CASTELL &#8211; Aquarellstifte Albrecht D\u00fcrer, 36er-Metalletui<\/li>\n<li>CANSON 1557\u00ae Zeichenpapier kopfgeleimt, DIN A4 &#8211; 21 x 29,7 cm, 30 Blatt, 180 g\/m\u00b2, leicht gek\u00f6rnt<\/li>\n<li>Buntstiftradierer: FABER-CASTELL 185610 &#8211; Radiergummi Stift Precision Eraser Pen oder Faber-Castell Radierstift Perfection<\/li>\n<li>Spitzer<\/li>\n<li>Schmierpapier zum Abdecken<\/li>\n<\/ul>\n","protected":false},"excerpt":{"rendered":"<p>In diesem <strong>zweiteiligen Workshop<\/strong> m\u00f6chte ich euch in meine <strong>spezielle Technik<\/strong> hineinnehmen, wie ich mit meinen <strong>K\u00fcnstleraquarellstiften (Buntstiften)<\/strong> prophetische Kunst erstelle.<br \/>\nDer Workshop findet \u00fcber <strong>Zoom<\/strong> statt und wird aufgezeichnet. Solltet ihr an einem der Abende verhindert sein, so ist dieser Kurs trotzdem etwas f\u00fcr euch.<br \/>\nIch werde zusammen mit euch live Schritt f\u00fcr Schritt nach Vorgabe ein prophetisches Bild erstellen.<\/p>\n<p>Der Workshop ist auf <strong>12 Teilnehmer beschr\u00e4nkt<\/strong>, damit ich mich jedem Teilnehmer ausreichend widmen kann.<br \/>\n(Das ist die Neuauflage des Workshops, den ich bereits im M\u00e4rz abgehalten habe)<\/p>\n<p><a href=\"https:\/\/youtu.be\/Ddmj0yMt6Ao?si=-Ei40_YwR6MX0Waz\" target=\"_blank\" rel=\"noopener\"><img loading=\"lazy\" decoding=\"async\" class=\"alignnone wp-image-11087 size-medium\" src=\"https:\/\/jockyart.de\/wp-content\/uploads\/2025\/06\/Thumb_Workshop_ProphKunst_Buntstift_2-300x169.jpg\" alt=\"\" width=\"300\" height=\"169\" srcset=\"https:\/\/jockyart.de\/wp-content\/uploads\/2025\/06\/Thumb_Workshop_ProphKunst_Buntstift_2-300x169.jpg 300w, https:\/\/jockyart.de\/wp-content\/uploads\/2025\/06\/Thumb_Workshop_ProphKunst_Buntstift_2-1536x864.jpg 1536w, https:\/\/jockyart.de\/wp-content\/uploads\/2025\/06\/Thumb_Workshop_ProphKunst_Buntstift_2-18x10.jpg 18w, https:\/\/jockyart.de\/wp-content\/uploads\/2025\/06\/Thumb_Workshop_ProphKunst_Buntstift_2-1320x743.jpg 1320w, https:\/\/jockyart.de\/wp-content\/uploads\/2025\/06\/Thumb_Workshop_ProphKunst_Buntstift_2-324x182.jpg 324w, https:\/\/jockyart.de\/wp-content\/uploads\/2025\/06\/Thumb_Workshop_ProphKunst_Buntstift_2-416x234.jpg 416w, https:\/\/jockyart.de\/wp-content\/uploads\/2025\/06\/Thumb_Workshop_ProphKunst_Buntstift_2-768x432.jpg 768w, https:\/\/jockyart.de\/wp-content\/uploads\/2025\/06\/Thumb_Workshop_ProphKunst_Buntstift_2-1024x576.jpg 1024w, https:\/\/jockyart.de\/wp-content\/uploads\/2025\/06\/Thumb_Workshop_ProphKunst_Buntstift_2.jpg 1920w\" sizes=\"auto, (max-width: 300px) 100vw, 300px\" \/><\/a><\/p>\n<p>Aus dem Inhalt:<br \/>\n<strong>Teil 1<\/strong><\/p>\n<ul>\n<li>Meine k\u00fcnstlerische Geschichte<\/li>\n<li>Wie werde ich inspiriert in meiner prophetischen Kunst<\/li>\n<li>Einige Zeugnisse, wie Gott Menschen durch meine Kunst ber\u00fchrt hat<\/li>\n<li>Unterschiedliche Materialien<\/li>\n<li>Fragen\/ Austausch<\/li>\n<li>Gebet\/ Impartation<\/li>\n<\/ul>\n<p><strong>Teil 2<\/strong><\/p>\n<ul>\n<li>Die Phasen des Bildes<\/li>\n<li>Wir erstellen gemeinsam nach Vorgabe ein Bild<\/li>\n<li>Fragen\/ Austausch<\/li>\n<li>Gebet\/ Impartation<\/li>\n<\/ul>\n<p>Am Ende des Workshops habt ihr einen Einblick bekommen, wie ich vorgehe, wenn ich meine Bilder erstelle und habt viel Raum Fragen zu stellen und Tipps zu bekommen.<br \/>\nDa es nicht nur um die Vermittlung von Techniken geht, m\u00f6chte ich auch f\u00fcr euch beten und dem Heiligen Geist Raum geben an euch zu wirken.<br \/>\nDa es bei prophetischer Kunst viel wichtiger ist, dass der Heilige Geist wirken kann und die Salbung frei gesetzt wird.<\/p>\n<p><strong>Sollten noch Fragen offen sein, schreibt mich gerne an:<br \/>\n\u25ba <a href=\"https:\/\/jockyart.de\/kontakt\/\" target=\"_blank\" rel=\"noopener\">Kontakt<\/a><\/strong><\/p>\n","protected":false},"featured_media":11088,"comment_status":"open","ping_status":"closed","template":"","meta":[],"pwb-brand":[],"product_brand":[],"product_cat":[1145],"product_tag":[56,1185,405,70,1147,1146],"class_list":{"0":"post-11086","1":"product","2":"type-product","3":"status-publish","4":"has-post-thumbnail","6":"product_cat-workshops","7":"product_tag-buntstift","8":"product_tag-juli-2025","9":"product_tag-kuenstleraquarellstifte","10":"product_tag-prophetische-kunst","11":"product_tag-workshop","12":"product_tag-zoom","13":"product_shipping_class-kostenlos","15":"first","16":"instock","17":"virtual","18":"purchasable","19":"product-type-simple"},"brands":[],"tiered_pricing_type":"fixed","tiered_pricing_fixed_rules":[],"tiered_pricing_product_settings":{"layout":"default","base_unit_name":{"singular":null,"plural":null},"default_variation":null},"tiered_pricing_minimum_quantity":null,"tiered_pricing_roles_data":[],"tiered_pricing_percentage_rules":[],"_links":{"self":[{"href":"https:\/\/jockyart.de\/de_de\/wp-json\/wp\/v2\/product\/11086","targetHints":{"allow":["GET"]}}],"collection":[{"href":"https:\/\/jockyart.de\/de_de\/wp-json\/wp\/v2\/product"}],"about":[{"href":"https:\/\/jockyart.de\/de_de\/wp-json\/wp\/v2\/types\/product"}],"replies":[{"embeddable":true,"href":"https:\/\/jockyart.de\/de_de\/wp-json\/wp\/v2\/comments?post=11086"}],"wp:featuredmedia":[{"embeddable":true,"href":"https:\/\/jockyart.de\/de_de\/wp-json\/wp\/v2\/media\/11088"}],"wp:attachment":[{"href":"https:\/\/jockyart.de\/de_de\/wp-json\/wp\/v2\/media?parent=11086"}],"wp:term":[{"taxonomy":"pwb-brand","embeddable":true,"href":"https:\/\/jockyart.de\/de_de\/wp-json\/wp\/v2\/pwb-brand?post=11086"},{"taxonomy":"product_brand","embeddable":true,"href":"https:\/\/jockyart.de\/de_de\/wp-json\/wp\/v2\/product_brand?post=11086"},{"taxonomy":"product_cat","embeddable":true,"href":"https:\/\/jockyart.de\/de_de\/wp-json\/wp\/v2\/product_cat?post=11086"},{"taxonomy":"product_tag","embeddable":true,"href":"https:\/\/jockyart.de\/de_de\/wp-json\/wp\/v2\/product_tag?post=11086"}],"curies":[{"name":"wp","href":"https:\/\/api.w.org\/{rel}","templated":true}]}}