{"id":10028,"date":"2025-02-15T17:03:09","date_gmt":"2025-02-15T16:03:09","guid":{"rendered":"https:\/\/jockyart.de\/?post_type=product&#038;p=10028"},"modified":"2025-06-16T05:21:39","modified_gmt":"2025-06-16T03:21:39","slug":"die-unsichtbare-last","status":"publish","type":"product","link":"https:\/\/jockyart.de\/de_de\/produkt\/die-unsichtbare-last\/","title":{"rendered":"Die unsichtbare Last"},"content":{"rendered":"<p><strong>Hardcover<br \/>\nBuch mit geradem R\u00fccken, DIN A5 hoch, Inhalt 56 Seiten<br \/>\n<\/strong>Format:\u00a0<strong>148 x 210 mm\u00a0<\/strong>\u2013 Inhalt: 115 g\/m\u00b2 Bilderdruck matt || Umschlag: Hardcover mit Mattfolie (FSC\u00ae select) || Bindung als Fadenheftung<br \/>\nFSC\u00ae Produktion (FSC\u00ae Mix 70%)<\/p>\n","protected":false},"excerpt":{"rendered":"<div>\n<p><a href=\"https:\/\/jockyart.de\/wp-content\/uploads\/2025\/02\/Leseprobe_Die_unsichtbare_Last.pdf\" target=\"_blank\" rel=\"noopener\"><img loading=\"lazy\" decoding=\"async\" class=\"alignright wp-image-9723\" src=\"https:\/\/jockyart.de\/wp-content\/uploads\/2025\/01\/Leseprobe.png\" alt=\"\" width=\"200\" height=\"50\" srcset=\"https:\/\/jockyart.de\/wp-content\/uploads\/2025\/01\/Leseprobe.png 200w, https:\/\/jockyart.de\/wp-content\/uploads\/2025\/01\/Leseprobe-18x5.png 18w\" sizes=\"auto, (max-width: 200px) 100vw, 200px\" \/><\/a>Dieses Buch enth\u00e4lt einige Kurzgeschichten, die Johannes Sp\u00f6rl \u00fcber die Jahre geschrieben hat. Es is angereichert mit einigen Visionen und Tr\u00e4umen, die sehr ber\u00fchrend sind.<\/p>\n<p>Jede Geschichte ist mit je einer <strong>Zeichnung<\/strong> des\u00a0\u00a0Autors illustriert, die er eigens f\u00fcr dieses Buch angefertigt hat.<\/p>\n<p>Ein besonderes Highlight sind die <strong>Gedichte<\/strong>, die <strong>Theresa Conrady<\/strong> zu jeder Episode angefertigt hat und den Texten eine besondere Tiefe verleihen!<\/p>\n<\/div>\n<div><\/div>\n<div>Aus dem inhalt:<\/div>\n<div>\n<ul>\n<li>Der Junge und das Banner<\/li>\n<li>Die Gefahr des Feuers<\/li>\n<li>Die unsichtbare Last<\/li>\n<li>Die Bettler des K\u00f6nigs<\/li>\n<li>Was haben sie mit meinem Sohn gemacht?<\/li>\n<li>Die Brille der Prinzessin<\/li>\n<\/ul>\n<p><a href=\"https:\/\/jockyart.de\/de_de\/buchvorstellung-die-unsichtbare-last-22-6\/\" target=\"_blank\" rel=\"noopener\"><img loading=\"lazy\" decoding=\"async\" class=\"alignnone wp-image-11034 size-medium\" src=\"https:\/\/jockyart.de\/wp-content\/uploads\/2025\/02\/Thumb_Buchvorstellung-300x300.png\" alt=\"\" width=\"300\" height=\"300\" srcset=\"https:\/\/jockyart.de\/wp-content\/uploads\/2025\/02\/Thumb_Buchvorstellung-300x300.png 300w, https:\/\/jockyart.de\/wp-content\/uploads\/2025\/02\/Thumb_Buchvorstellung-12x12.png 12w, https:\/\/jockyart.de\/wp-content\/uploads\/2025\/02\/Thumb_Buchvorstellung-324x324.png 324w, https:\/\/jockyart.de\/wp-content\/uploads\/2025\/02\/Thumb_Buchvorstellung-416x416.png 416w, https:\/\/jockyart.de\/wp-content\/uploads\/2025\/02\/Thumb_Buchvorstellung-100x100.png 100w, https:\/\/jockyart.de\/wp-content\/uploads\/2025\/02\/Thumb_Buchvorstellung-150x150.png 150w, https:\/\/jockyart.de\/wp-content\/uploads\/2025\/02\/Thumb_Buchvorstellung-768x768.png 768w, https:\/\/jockyart.de\/wp-content\/uploads\/2025\/02\/Thumb_Buchvorstellung-1024x1024.png 1024w, https:\/\/jockyart.de\/wp-content\/uploads\/2025\/02\/Thumb_Buchvorstellung.png 1080w\" sizes=\"auto, (max-width: 300px) 100vw, 300px\" \/><\/a><\/p>\n<\/div>\n","protected":false},"featured_media":10850,"comment_status":"open","ping_status":"closed","template":"","meta":[],"pwb-brand":[],"product_brand":[],"product_cat":[61],"product_tag":[62,910,1151,1150,1152,88],"class_list":{"0":"post-10028","1":"product","2":"type-product","3":"status-publish","4":"has-post-thumbnail","6":"product_cat-buch","7":"product_tag-buch","8":"product_tag-fineliner","9":"product_tag-illustrationen","10":"product_tag-kurzgeschichten","11":"product_tag-strichzeichnung","12":"product_tag-traeume","14":"first","15":"instock","16":"purchasable","17":"product-type-simple"},"brands":[],"tiered_pricing_type":"fixed","tiered_pricing_fixed_rules":[],"tiered_pricing_product_settings":{"layout":"default","base_unit_name":{"singular":null,"plural":null},"default_variation":null},"tiered_pricing_minimum_quantity":null,"tiered_pricing_roles_data":[],"tiered_pricing_percentage_rules":[],"_links":{"self":[{"href":"https:\/\/jockyart.de\/de_de\/wp-json\/wp\/v2\/product\/10028","targetHints":{"allow":["GET"]}}],"collection":[{"href":"https:\/\/jockyart.de\/de_de\/wp-json\/wp\/v2\/product"}],"about":[{"href":"https:\/\/jockyart.de\/de_de\/wp-json\/wp\/v2\/types\/product"}],"replies":[{"embeddable":true,"href":"https:\/\/jockyart.de\/de_de\/wp-json\/wp\/v2\/comments?post=10028"}],"wp:featuredmedia":[{"embeddable":true,"href":"https:\/\/jockyart.de\/de_de\/wp-json\/wp\/v2\/media\/10850"}],"wp:attachment":[{"href":"https:\/\/jockyart.de\/de_de\/wp-json\/wp\/v2\/media?parent=10028"}],"wp:term":[{"taxonomy":"pwb-brand","embeddable":true,"href":"https:\/\/jockyart.de\/de_de\/wp-json\/wp\/v2\/pwb-brand?post=10028"},{"taxonomy":"product_brand","embeddable":true,"href":"https:\/\/jockyart.de\/de_de\/wp-json\/wp\/v2\/product_brand?post=10028"},{"taxonomy":"product_cat","embeddable":true,"href":"https:\/\/jockyart.de\/de_de\/wp-json\/wp\/v2\/product_cat?post=10028"},{"taxonomy":"product_tag","embeddable":true,"href":"https:\/\/jockyart.de\/de_de\/wp-json\/wp\/v2\/product_tag?post=10028"}],"curies":[{"name":"wp","href":"https:\/\/api.w.org\/{rel}","templated":true}]}}