{"id":928,"date":"2022-04-04T20:29:07","date_gmt":"2022-04-04T18:29:07","guid":{"rendered":"https:\/\/jockyart.de\/?page_id=928"},"modified":"2022-11-03T23:25:26","modified_gmt":"2022-11-03T22:25:26","slug":"jockyart-neue-kunstdrucke","status":"publish","type":"page","link":"https:\/\/jockyart.de\/de_de\/videos\/kunst\/jockyart-neue-kunstdrucke\/","title":{"rendered":"JockyArt &#8211; Neue Kunstdrucke"},"content":{"rendered":"\n<p>Nat\u00fcrlich k\u00f6nnt ihr die meisten meiner Originalbilder als Kunstdruck extra in Auftrag geben &#8211; in verschiedenen Gr\u00f6\u00dfen, Papierqualit\u00e4ten und als Sonderanfertigung. St\u00f6bert gerne auch sonst in meinem <a rel=\"noreferrer noopener\" href=\"https:\/\/jockyart.de\/shop\/\" data-type=\"page\" data-id=\"78\" target=\"_blank\">Shop<\/a>. <\/p>\n\n\n\n<figure class=\"wp-block-image size-large\"><a href=\"https:\/\/youtu.be\/tGebZXaTuLQ\" target=\"_blank\" rel=\"noreferrer noopener\"><img loading=\"lazy\" decoding=\"async\" width=\"1024\" height=\"576\" src=\"https:\/\/jockyart.de\/wp-content\/uploads\/2022\/04\/Thumbnail_JockyArt_Neue_Kunstdrucke-1024x576.jpg\" alt=\"JockyArt - Neue Kunstdrucke\" class=\"wp-image-904\" title=\"JockyArt - Neue Kunstdrucke\" srcset=\"https:\/\/jockyart.de\/wp-content\/uploads\/2022\/04\/Thumbnail_JockyArt_Neue_Kunstdrucke-1024x576.jpg 1024w, https:\/\/jockyart.de\/wp-content\/uploads\/2022\/04\/Thumbnail_JockyArt_Neue_Kunstdrucke-324x182.jpg 324w, https:\/\/jockyart.de\/wp-content\/uploads\/2022\/04\/Thumbnail_JockyArt_Neue_Kunstdrucke-416x234.jpg 416w, https:\/\/jockyart.de\/wp-content\/uploads\/2022\/04\/Thumbnail_JockyArt_Neue_Kunstdrucke-1536x864.jpg 1536w, https:\/\/jockyart.de\/wp-content\/uploads\/2022\/04\/Thumbnail_JockyArt_Neue_Kunstdrucke-18x10.jpg 18w, https:\/\/jockyart.de\/wp-content\/uploads\/2022\/04\/Thumbnail_JockyArt_Neue_Kunstdrucke-300x169.jpg 300w, https:\/\/jockyart.de\/wp-content\/uploads\/2022\/04\/Thumbnail_JockyArt_Neue_Kunstdrucke-768x432.jpg 768w, https:\/\/jockyart.de\/wp-content\/uploads\/2022\/04\/Thumbnail_JockyArt_Neue_Kunstdrucke.jpg 1920w\" sizes=\"auto, (max-width: 1024px) 100vw, 1024px\" \/><\/a><\/figure>\n\n\n\n<p>Ich habe einige neue Kunstdrucke vorr\u00e4tig, die ich euch hier vorstellen will. Diese k\u00f6nnt ihr in meinem Shop auf meiner Homepage bestellen: <a rel=\"noreferrer noopener\" href=\"\/de_de\/produkt-kategorie\/kunstdrucke\/\" target=\"_blank\">klick<\/a><\/p>\n","protected":false},"excerpt":{"rendered":"<p>Nat\u00fcrlich k\u00f6nnt ihr die meisten meiner Originalbilder als Kunstdruck extra in Auftrag geben &#8211; in verschiedenen Gr\u00f6\u00dfen, Papierqualit\u00e4ten und als Sonderanfertigung. St\u00f6bert gerne auch sonst in meinem Shop. Ich habe einige neue Kunstdrucke vorr\u00e4tig, die ich euch hier vorstellen will. Diese k\u00f6nnt ihr in meinem Shop auf meiner Homepage bestellen: klick<\/p>\n","protected":false},"author":1,"featured_media":0,"parent":852,"menu_order":0,"comment_status":"closed","ping_status":"closed","template":"","meta":{"footnotes":""},"class_list":["post-928","page","type-page","status-publish","hentry"],"_links":{"self":[{"href":"https:\/\/jockyart.de\/de_de\/wp-json\/wp\/v2\/pages\/928","targetHints":{"allow":["GET"]}}],"collection":[{"href":"https:\/\/jockyart.de\/de_de\/wp-json\/wp\/v2\/pages"}],"about":[{"href":"https:\/\/jockyart.de\/de_de\/wp-json\/wp\/v2\/types\/page"}],"author":[{"embeddable":true,"href":"https:\/\/jockyart.de\/de_de\/wp-json\/wp\/v2\/users\/1"}],"replies":[{"embeddable":true,"href":"https:\/\/jockyart.de\/de_de\/wp-json\/wp\/v2\/comments?post=928"}],"version-history":[{"count":3,"href":"https:\/\/jockyart.de\/de_de\/wp-json\/wp\/v2\/pages\/928\/revisions"}],"predecessor-version":[{"id":4779,"href":"https:\/\/jockyart.de\/de_de\/wp-json\/wp\/v2\/pages\/928\/revisions\/4779"}],"up":[{"embeddable":true,"href":"https:\/\/jockyart.de\/de_de\/wp-json\/wp\/v2\/pages\/852"}],"wp:attachment":[{"href":"https:\/\/jockyart.de\/de_de\/wp-json\/wp\/v2\/media?parent=928"}],"curies":[{"name":"wp","href":"https:\/\/api.w.org\/{rel}","templated":true}]}}