{"id":912,"date":"2022-04-04T19:59:37","date_gmt":"2022-04-04T17:59:37","guid":{"rendered":"https:\/\/jockyart.de\/?page_id=912"},"modified":"2022-11-03T23:38:08","modified_gmt":"2022-11-03T22:38:08","slug":"jockyart-kuscheldecke","status":"publish","type":"page","link":"https:\/\/jockyart.de\/de_de\/videos\/kunst\/jockyart-kuscheldecke\/","title":{"rendered":"JockyArt &#8211; Kuscheldecke"},"content":{"rendered":"\n<p>Hier k\u00f6nnt ihr das komplette Lied von <strong>Pfingstpanzer<\/strong> aus dem Video h\u00f6ren:  <a rel=\"noreferrer noopener\" href=\"https:\/\/pfingstpanzer.bandcamp.com\/track\/es-raubt-mir-den-atem\" target=\"_blank\">klick<\/a><br><strong>Subscribe<\/strong> video by Burak Kiraz \/ Pixabay  <\/p>\n\n\n\n<p>Wir befinden uns mitten im Herbst, der Winter steht vor der T\u00fcr. Und damit auch Weihnachten. Die Tage werden k\u00fcrzer und drau\u00dfen wird es k\u00e4lter.<\/p>\n\n\n\n<p>Was f\u00fcr eine wunderbare M\u00f6glichkeit eine flauschige Kuscheldecke mit einem Bild von mir zu bestellen.<\/p>\n\n\n\n<figure class=\"wp-block-image size-large\"><a href=\"https:\/\/www.youtube.com\/watch?v=2ODVXn_LEYM\" target=\"_blank\" rel=\"noreferrer noopener\"><img loading=\"lazy\" decoding=\"async\" width=\"1024\" height=\"576\" src=\"https:\/\/jockyart.de\/wp-content\/uploads\/2022\/04\/Thumb_JockyArt_Kuscheldecke-1024x576.jpg\" alt=\"JockyArt -Kuscheldecke\" class=\"wp-image-910\" srcset=\"https:\/\/jockyart.de\/wp-content\/uploads\/2022\/04\/Thumb_JockyArt_Kuscheldecke-1024x576.jpg 1024w, https:\/\/jockyart.de\/wp-content\/uploads\/2022\/04\/Thumb_JockyArt_Kuscheldecke-324x182.jpg 324w, https:\/\/jockyart.de\/wp-content\/uploads\/2022\/04\/Thumb_JockyArt_Kuscheldecke-416x234.jpg 416w, https:\/\/jockyart.de\/wp-content\/uploads\/2022\/04\/Thumb_JockyArt_Kuscheldecke-1536x864.jpg 1536w, https:\/\/jockyart.de\/wp-content\/uploads\/2022\/04\/Thumb_JockyArt_Kuscheldecke-18x10.jpg 18w, https:\/\/jockyart.de\/wp-content\/uploads\/2022\/04\/Thumb_JockyArt_Kuscheldecke-300x169.jpg 300w, https:\/\/jockyart.de\/wp-content\/uploads\/2022\/04\/Thumb_JockyArt_Kuscheldecke-768x432.jpg 768w, https:\/\/jockyart.de\/wp-content\/uploads\/2022\/04\/Thumb_JockyArt_Kuscheldecke.jpg 1920w\" sizes=\"auto, (max-width: 1024px) 100vw, 1024px\" \/><\/a><\/figure>\n\n\n\n<p>Hier k\u00f6nnt ihr die Decke bestellen:<br><a href=\"https:\/\/jockyart.de\/produkt-kategorie\/sonderanfertigung\/kuscheldecke\/\" data-type=\"product_cat\" data-id=\"138\" target=\"_blank\" rel=\"noreferrer noopener\"><img loading=\"lazy\" decoding=\"async\" width=\"400\" height=\"100\" class=\"alignnone wp-image-7067\" style=\"width: 150px; height: 38px;\" src=\"https:\/\/www.jocky.de\/wp-content\/uploads\/2018\/11\/Hier_bestellen.png\" alt=\"\"><\/a><\/p>\n\n\n\n<p>Das Bild &#8220;<a rel=\"noreferrer noopener\" href=\"https:\/\/www.jocky.de\/2019\/08\/16\/prophetische-kunst-umhuellt-von-der-liebe-gottes\/\" target=\"_blank\">Umh\u00fcllt von der Liebe Gottes<\/a>&#8221; ist ideal daf\u00fcr. Aber nat\u00fcrlich sind auch noch andere Bilder m\u00f6glich.<\/p>\n","protected":false},"excerpt":{"rendered":"<p>Hier k\u00f6nnt ihr das komplette Lied von Pfingstpanzer aus dem Video h\u00f6ren: klickSubscribe video by Burak Kiraz \/ Pixabay Wir befinden uns mitten im Herbst, der Winter steht vor der T\u00fcr. Und damit auch Weihnachten. Die Tage werden k\u00fcrzer und drau\u00dfen wird es k\u00e4lter. Was f\u00fcr eine wunderbare M\u00f6glichkeit eine flauschige Kuscheldecke mit einem Bild [&hellip;]<\/p>\n","protected":false},"author":1,"featured_media":0,"parent":852,"menu_order":0,"comment_status":"closed","ping_status":"closed","template":"","meta":{"footnotes":""},"class_list":["post-912","page","type-page","status-publish","hentry"],"_links":{"self":[{"href":"https:\/\/jockyart.de\/de_de\/wp-json\/wp\/v2\/pages\/912","targetHints":{"allow":["GET"]}}],"collection":[{"href":"https:\/\/jockyart.de\/de_de\/wp-json\/wp\/v2\/pages"}],"about":[{"href":"https:\/\/jockyart.de\/de_de\/wp-json\/wp\/v2\/types\/page"}],"author":[{"embeddable":true,"href":"https:\/\/jockyart.de\/de_de\/wp-json\/wp\/v2\/users\/1"}],"replies":[{"embeddable":true,"href":"https:\/\/jockyart.de\/de_de\/wp-json\/wp\/v2\/comments?post=912"}],"version-history":[{"count":8,"href":"https:\/\/jockyart.de\/de_de\/wp-json\/wp\/v2\/pages\/912\/revisions"}],"predecessor-version":[{"id":4786,"href":"https:\/\/jockyart.de\/de_de\/wp-json\/wp\/v2\/pages\/912\/revisions\/4786"}],"up":[{"embeddable":true,"href":"https:\/\/jockyart.de\/de_de\/wp-json\/wp\/v2\/pages\/852"}],"wp:attachment":[{"href":"https:\/\/jockyart.de\/de_de\/wp-json\/wp\/v2\/media?parent=912"}],"curies":[{"name":"wp","href":"https:\/\/api.w.org\/{rel}","templated":true}]}}