{"id":8826,"date":"2024-09-21T15:49:04","date_gmt":"2024-09-21T13:49:04","guid":{"rendered":"https:\/\/jockyart.de\/?page_id=8826"},"modified":"2024-09-21T16:38:23","modified_gmt":"2024-09-21T14:38:23","slug":"11-lasst-wahre-liebe-zurueck","status":"publish","type":"page","link":"https:\/\/jockyart.de\/de_de\/galerien\/prophetische-kunst\/kunstkalender\/wandkalender-2025\/11-lasst-wahre-liebe-zurueck\/","title":{"rendered":"11 Lasst wahre Liebe zur\u00fcck"},"content":{"rendered":"\n<p><a href=\"https:\/\/jockyart.de\/galerien\/prophetische-kunst\/kunstkalender\/wandkalender-2025\/10-feste-burg-inmitten-von-nebel\/\" data-type=\"page\" data-id=\"8814\">Oktober 2025<\/a> | <a href=\"https:\/\/jockyart.de\/galerien\/prophetische-kunst\/kunstkalender\/wandkalender-2025\/12-ueberraschende-bluete-im-winter\/\" data-type=\"page\" data-id=\"8837\">Dezember 2025<\/a><\/p>\n\n\n\n<figure class=\"wp-block-image size-large\"><img loading=\"lazy\" decoding=\"async\" width=\"728\" height=\"1024\" src=\"https:\/\/jockyart.de\/wp-content\/uploads\/2024\/08\/011_November-728x1024.jpg\" alt=\"\" class=\"wp-image-8560\" srcset=\"https:\/\/jockyart.de\/wp-content\/uploads\/2024\/08\/011_November-728x1024.jpg 728w, https:\/\/jockyart.de\/wp-content\/uploads\/2024\/08\/011_November-1092x1536.jpg 1092w, https:\/\/jockyart.de\/wp-content\/uploads\/2024\/08\/011_November-9x12.jpg 9w, https:\/\/jockyart.de\/wp-content\/uploads\/2024\/08\/011_November-1320x1857.jpg 1320w, https:\/\/jockyart.de\/wp-content\/uploads\/2024\/08\/011_November-324x456.jpg 324w, https:\/\/jockyart.de\/wp-content\/uploads\/2024\/08\/011_November-416x585.jpg 416w, https:\/\/jockyart.de\/wp-content\/uploads\/2024\/08\/011_November-213x300.jpg 213w, https:\/\/jockyart.de\/wp-content\/uploads\/2024\/08\/011_November-768x1080.jpg 768w, https:\/\/jockyart.de\/wp-content\/uploads\/2024\/08\/011_November.jpg 1422w\" sizes=\"auto, (max-width: 728px) 100vw, 728px\" \/><\/figure>\n\n\n\n<p>Das Original des <em>Novemberbildes<\/em> des <strong>Kunstkalenders 2025<\/strong> entstand aus einer tiefen Gottesbegegnung im Krankenhaus.<\/p>\n\n\n\n<p>Ich betete dort f\u00fcr ein Land, das ich \u00f6fter besucht habe. Momentan ist es nicht m\u00f6glich dorthin zu reisen. Auf einmal wurde mir bewusst, wie Gott im verborgenen an ihnen handelt. Wir haben eine Saat gelegt, die jetzt aufgeht. Jetzt sind sie selbst aufgefordert, sich zu Gott aus zu strecken. Sie d\u00fcrfen erkennen, was Gott in sie gelegt hat und was in ihnen steckt.<\/p>\n\n\n\n<p>Bei der Verabschiedung von einer Reise wurde uns mitgegeben: <strong>\u201cIch habe Sie immer gebeten, darauf zu achten, dass Sie nichts zur\u00fccklassen. Jetzt bitte ich Sie, dass Sie etwas zur\u00fccklassen: Wahre Liebe!\u201d<\/strong><\/p>\n\n\n\n<p>W\u00e4hrend ich betete hatte ich dieses Bild: Ein Mann, der im Dunkeln am Boden kniet. In den H\u00e4nden h\u00e4lt er ein Herz und einen Samen, der total hell erstrahlt. Er hat Tr\u00e4nen in den Augen voller Trauer, was nicht geht. Aber er hat bereits das empfangen was notwendig ist. Die Saat geht auf!<\/p>\n\n\n\n<hr class=\"wp-block-separator has-alpha-channel-opacity\"\/>\n\n\n\n<p>Das Original k\u00f6nnt ihr hier k\u00e4uflich erwerben:<\/p>\n\n\n<div data-block-name=\"woocommerce\/handpicked-products\" data-columns=\"2\" data-content-visibility=\"{&quot;image&quot;:true,&quot;title&quot;:true,&quot;price&quot;:false,&quot;rating&quot;:false,&quot;button&quot;:true}\" data-products=\"[8608,8203]\" class=\"wc-block-grid wp-block-handpicked-products wp-block-woocommerce-handpicked-products wc-block-handpicked-products has-2-columns has-multiple-rows\"><ul class=\"wc-block-grid__products\"><li class=\"wc-block-grid__product\">\n\t\t\t\t<a href=\"https:\/\/jockyart.de\/de_de\/produkt\/kunstkalender-2025-wandkalender\/\" class=\"wc-block-grid__product-link\">\n\t\t\t\t\t\n\t\t\t\t\t<div class=\"wc-block-grid__product-image\"><img loading=\"lazy\" decoding=\"async\" width=\"324\" height=\"456\" src=\"https:\/\/jockyart.de\/wp-content\/uploads\/2024\/08\/000_Deckblatt-324x456.jpg\" class=\"attachment-woocommerce_thumbnail size-woocommerce_thumbnail\" alt=\"Kunstkalender 2025 - Wandkalender\" srcset=\"https:\/\/jockyart.de\/wp-content\/uploads\/2024\/08\/000_Deckblatt-324x456.jpg 324w, https:\/\/jockyart.de\/wp-content\/uploads\/2024\/08\/000_Deckblatt-1092x1536.jpg 1092w, https:\/\/jockyart.de\/wp-content\/uploads\/2024\/08\/000_Deckblatt-9x12.jpg 9w, https:\/\/jockyart.de\/wp-content\/uploads\/2024\/08\/000_Deckblatt-1320x1857.jpg 1320w, https:\/\/jockyart.de\/wp-content\/uploads\/2024\/08\/000_Deckblatt-416x585.jpg 416w, https:\/\/jockyart.de\/wp-content\/uploads\/2024\/08\/000_Deckblatt-213x300.jpg 213w, https:\/\/jockyart.de\/wp-content\/uploads\/2024\/08\/000_Deckblatt-768x1080.jpg 768w, https:\/\/jockyart.de\/wp-content\/uploads\/2024\/08\/000_Deckblatt-728x1024.jpg 728w, https:\/\/jockyart.de\/wp-content\/uploads\/2024\/08\/000_Deckblatt.jpg 1422w\" sizes=\"auto, (max-width: 324px) 100vw, 324px\" \/><\/div>\n\t\t\t\t\t<div class=\"wc-block-grid__product-title\">Kunstkalender 2025 &#8211; Wandkalender<\/div>\n\t\t\t\t<\/a>\n\t\t\t\t\n\t\t\t\t\n\t\t\t\t<div class=\"wp-block-button wc-block-grid__product-add-to-cart\"><a href=\"\/de_de\/wp-json\/wp\/v2\/pages\/8826?add-to-cart=8608\" aria-label=\"In den Warenkorb legen: \u201eKunstkalender 2025 - Wandkalender\u201c\" data-quantity=\"1\" data-product_id=\"8608\" data-product_sku=\"kunstkal2025\" data-price=\"10\" rel=\"nofollow\" class=\"wp-block-button__link  add_to_cart_button ajax_add_to_cart\">In den Warenkorb<\/a><\/div>\n\t\t\t<\/li><li class=\"wc-block-grid__product\">\n\t\t\t\t<a href=\"https:\/\/jockyart.de\/de_de\/produkt\/lasst-wahre-liebe-zurueck-original\/\" class=\"wc-block-grid__product-link\">\n\t\t\t\t\t\n\t\t\t\t\t<div class=\"wc-block-grid__product-image\"><img loading=\"lazy\" decoding=\"async\" width=\"324\" height=\"459\" src=\"https:\/\/jockyart.de\/wp-content\/uploads\/2024\/05\/Leave_behind_True_Love_org-1-324x459.png\" class=\"attachment-woocommerce_thumbnail size-woocommerce_thumbnail\" alt=\"Lasst wahre Liebe zur\u00fcck (Original)\" srcset=\"https:\/\/jockyart.de\/wp-content\/uploads\/2024\/05\/Leave_behind_True_Love_org-1-324x459.png 324w, https:\/\/jockyart.de\/wp-content\/uploads\/2024\/05\/Leave_behind_True_Love_org-1-1084x1536.png 1084w, https:\/\/jockyart.de\/wp-content\/uploads\/2024\/05\/Leave_behind_True_Love_org-1-8x12.png 8w, https:\/\/jockyart.de\/wp-content\/uploads\/2024\/05\/Leave_behind_True_Love_org-1-1320x1871.png 1320w, https:\/\/jockyart.de\/wp-content\/uploads\/2024\/05\/Leave_behind_True_Love_org-1-416x590.png 416w, https:\/\/jockyart.de\/wp-content\/uploads\/2024\/05\/Leave_behind_True_Love_org-1-212x300.png 212w, https:\/\/jockyart.de\/wp-content\/uploads\/2024\/05\/Leave_behind_True_Love_org-1-768x1089.png 768w, https:\/\/jockyart.de\/wp-content\/uploads\/2024\/05\/Leave_behind_True_Love_org-1-722x1024.png 722w, https:\/\/jockyart.de\/wp-content\/uploads\/2024\/05\/Leave_behind_True_Love_org-1.png 1411w\" sizes=\"auto, (max-width: 324px) 100vw, 324px\" \/><\/div>\n\t\t\t\t\t<div class=\"wc-block-grid__product-title\">Lasst wahre Liebe zur\u00fcck (Original)<\/div>\n\t\t\t\t<\/a>\n\t\t\t\t\n\t\t\t\t\n\t\t\t\t<div class=\"wp-block-button wc-block-grid__product-add-to-cart\"><a href=\"\/de_de\/wp-json\/wp\/v2\/pages\/8826?add-to-cart=8203\" aria-label=\"In den Warenkorb legen: \u201eLasst wahre Liebe zur\u00fcck (Original)\u201c\" data-quantity=\"1\" data-product_id=\"8203\" data-product_sku=\"origin_wahre_liebe\" data-price=\"200\" rel=\"nofollow\" class=\"wp-block-button__link  add_to_cart_button ajax_add_to_cart\">In den Warenkorb<\/a><\/div>\n\t\t\t<\/li><\/ul><\/div>\n\n\n<p><a href=\"https:\/\/jockyart.de\/galerien\/prophetische-kunst\/kunstkalender\/wandkalender-2025\/\" data-type=\"page\" data-id=\"8546\">zur\u00fcck<\/a><\/p>\n","protected":false},"excerpt":{"rendered":"<p>Oktober 2025 | Dezember 2025 Das Original des Novemberbildes des Kunstkalenders 2025 entstand aus einer tiefen Gottesbegegnung im Krankenhaus. Ich betete dort f\u00fcr ein Land, das ich \u00f6fter besucht habe. Momentan ist es nicht m\u00f6glich dorthin zu reisen. Auf einmal wurde mir bewusst, wie Gott im verborgenen an ihnen handelt. Wir haben eine Saat gelegt, [&hellip;]<\/p>\n","protected":false},"author":1,"featured_media":0,"parent":8546,"menu_order":0,"comment_status":"closed","ping_status":"closed","template":"","meta":{"footnotes":""},"class_list":["post-8826","page","type-page","status-publish","hentry"],"_links":{"self":[{"href":"https:\/\/jockyart.de\/de_de\/wp-json\/wp\/v2\/pages\/8826","targetHints":{"allow":["GET"]}}],"collection":[{"href":"https:\/\/jockyart.de\/de_de\/wp-json\/wp\/v2\/pages"}],"about":[{"href":"https:\/\/jockyart.de\/de_de\/wp-json\/wp\/v2\/types\/page"}],"author":[{"embeddable":true,"href":"https:\/\/jockyart.de\/de_de\/wp-json\/wp\/v2\/users\/1"}],"replies":[{"embeddable":true,"href":"https:\/\/jockyart.de\/de_de\/wp-json\/wp\/v2\/comments?post=8826"}],"version-history":[{"count":3,"href":"https:\/\/jockyart.de\/de_de\/wp-json\/wp\/v2\/pages\/8826\/revisions"}],"predecessor-version":[{"id":8849,"href":"https:\/\/jockyart.de\/de_de\/wp-json\/wp\/v2\/pages\/8826\/revisions\/8849"}],"up":[{"embeddable":true,"href":"https:\/\/jockyart.de\/de_de\/wp-json\/wp\/v2\/pages\/8546"}],"wp:attachment":[{"href":"https:\/\/jockyart.de\/de_de\/wp-json\/wp\/v2\/media?parent=8826"}],"curies":[{"name":"wp","href":"https:\/\/api.w.org\/{rel}","templated":true}]}}